{"id":722560,"date":"2025-08-27T19:06:02","date_gmt":"2025-08-27T16:06:02","guid":{"rendered":"https:\/\/roveyayinevi.com.tr\/index.php\/urun\/logos-iklim-kumari\/"},"modified":"2026-04-16T02:30:33","modified_gmt":"2026-04-15T23:30:33","slug":"logos-iklim-kumari","status":"publish","type":"product","link":"https:\/\/roveyayinevi.com.tr\/index.php\/urun\/logos-iklim-kumari\/","title":{"rendered":"Logos &#8211; \u0130klim Kumar\u0131"},"content":{"rendered":"<p>Ate\u015fle oynamaktan vazge\u00e7mek.Toplumlar\u0131, ekosistemleri hatta g\u00fcndelik ya\u015fant\u0131m\u0131z\u0131 tehdit eden iklim de\u011fi\u015fikli\u011fi \u00fczerine \u00e7al\u0131\u015fmalar\u0131yla, 2018 y\u0131l\u0131nda Nobel Ekonomi \u00d6d\u00fcl\u00fc&#8217;ne lay\u0131k g\u00f6r\u00fclen William Nordhaus&#8217;un bu kitab\u0131na ad\u0131n\u0131 veren &#8220;\u0130klim Kumar\u0131&#8221;, bireylerin, toplumlar\u0131n ve devletlerin bu sorunla ilgili tercihlerini ifade eden bir metafor.Bu oyunu oynamak zorunday\u0131z \u00e7\u00fcnk\u00fc iklim de\u011fi\u015fikli\u011fi yan\u0131 ba\u015f\u0131m\u0131zda t\u00fcm ger\u00e7ekli\u011fiyle duruyor. Ancak ate\u015fle oynamak zorunda de\u011filiz; bu sorunla m\u00fccadele i\u00e7in politikalar geli\u015ftirebiliriz. Nordhaus, \u0130klim Kumar\u0131&#8217;nda d\u00fcnyan\u0131n kar\u015f\u0131 kar\u015f\u0131ya kald\u0131\u011f\u0131 felaketi incelerken uygulanabilir \u00e7\u00f6z\u00fcm yollar\u0131 \u00f6neriyor.Kyoto Protokol\u00fc gibi erken d\u00f6nemde geli\u015ftirilen \u00e7\u00f6z\u00fcmlerin karbondioksit sal\u0131m\u0131n\u0131 neden istenen d\u00fczeye getiremedi\u011fini a\u00e7\u0131kl\u0131yor, k\u00fcresel \u0131s\u0131nman\u0131n h\u0131z\u0131n\u0131 azaltmada kullan\u0131labilecek iktisat politikalar\u0131 \u00fczerinde duruyor.<\/p>\n","protected":false},"excerpt":{"rendered":"<p>Ate\u015fle oynamaktan vazge\u00e7mek.Toplumlar\u0131, ekosistemleri hatta g\u00fcndelik ya\u015fant\u0131m\u0131z\u0131 tehdit eden iklim de\u011fi\u015fikli\u011fi \u00fczerine \u00e7al\u0131\u015fmalar\u0131yla, 2018 y\u0131l\u0131nda Nobel Ekonomi \u00d6d\u00fcl\u00fc&#8217;ne lay\u0131k g\u00f6r\u00fclen William Nordhaus&#8217;un bu kitab\u0131na ad\u0131n\u0131 veren<span class=\"excerpt-hellip\"> [\u2026]<\/span><\/p>\n","protected":false},"featured_media":0,"template":"","meta":{"_monsterinsights_skip_tracking":false,"_monsterinsights_sitenote_active":false,"_monsterinsights_sitenote_note":"","_monsterinsights_sitenote_category":0},"product_brand":[],"product_cat":[14841,13043],"product_tag":[],"class_list":{"0":"post-722560","1":"product","2":"type-product","3":"status-publish","5":"product_cat-arastirma-inceleme-kuram","6":"product_cat-ekonomi","7":"pa_cilt-ciltsiz","8":"pa_tur-kitap","9":"pa_yayinevi-dogan-kitap","10":"pa_yazar-william-nordhaus","12":"first","13":"instock","14":"sale","15":"shipping-taxable","16":"purchasable","17":"product-type-simple"},"_links":{"self":[{"href":"https:\/\/roveyayinevi.com.tr\/index.php\/wp-json\/wp\/v2\/product\/722560","targetHints":{"allow":["GET"]}}],"collection":[{"href":"https:\/\/roveyayinevi.com.tr\/index.php\/wp-json\/wp\/v2\/product"}],"about":[{"href":"https:\/\/roveyayinevi.com.tr\/index.php\/wp-json\/wp\/v2\/types\/product"}],"wp:attachment":[{"href":"https:\/\/roveyayinevi.com.tr\/index.php\/wp-json\/wp\/v2\/media?parent=722560"}],"wp:term":[{"taxonomy":"product_brand","embeddable":true,"href":"https:\/\/roveyayinevi.com.tr\/index.php\/wp-json\/wp\/v2\/product_brand?post=722560"},{"taxonomy":"product_cat","embeddable":true,"href":"https:\/\/roveyayinevi.com.tr\/index.php\/wp-json\/wp\/v2\/product_cat?post=722560"},{"taxonomy":"product_tag","embeddable":true,"href":"https:\/\/roveyayinevi.com.tr\/index.php\/wp-json\/wp\/v2\/product_tag?post=722560"}],"curies":[{"name":"wp","href":"https:\/\/api.w.org\/{rel}","templated":true}]}}