{"id":722558,"date":"2025-08-27T19:06:00","date_gmt":"2025-08-27T16:06:00","guid":{"rendered":"https:\/\/roveyayinevi.com.tr\/index.php\/urun\/bana-vera-de\/"},"modified":"2026-04-16T02:30:33","modified_gmt":"2026-04-15T23:30:33","slug":"bana-vera-de","status":"publish","type":"product","link":"https:\/\/roveyayinevi.com.tr\/index.php\/urun\/bana-vera-de\/","title":{"rendered":"Bana Vera De"},"content":{"rendered":"<p>Birbirinden \u00e7ok farkl\u0131 iki kad\u0131n, \u00fcmitsiz bir a\u015fk, bir trajediyi saklayan b\u00fcy\u00fck s\u0131r\u2026Evin Londra\u2019da bir apartman dairesine kapat\u0131lm\u0131\u015f gen\u00e7 bir kad\u0131nd\u0131r. Ger\u00e7eklerle kabuslar\u0131n i\u00e7 i\u00e7e ge\u00e7ti\u011fi hayat\u0131nda hi\u00e7 durmadan kendini sorgular. Dost onunla yak\u0131ndan ilgilense de d\u0131\u015far\u0131 \u00e7\u0131kmas\u0131na izin vermez. Her \u015feye ra\u011fmen, Evin trajik hik\u00e2yesinin sonunu kendi yazmaya kararl\u0131d\u0131r. Londra\u2019da sekreter olarak \u00e7al\u0131\u015fan Nesteren, patronu Refik Bey\u2019e kalbini kapt\u0131rm\u0131\u015ft\u0131r. E\u011fitimli, k\u00fclt\u00fcrl\u00fc, yak\u0131\u015f\u0131kl\u0131 Refik\u2019in ise dilinden d\u00fc\u015f\u00fcrmedi\u011fi Paris\u2019te ya\u015fayan bir ni\u015fanl\u0131s\u0131 vard\u0131r. Nesteren\u2019in bir foto\u011fraf  \u00e7er\u00e7evesinde g\u00f6rebildi\u011fi bu gen\u00e7 kad\u0131nla rekabet etmesi m\u00fcmk\u00fcn de\u011fildir&#8230; Ev arkada\u015f\u0131 \u201cBlack Diamond\u201d Belk\u0131s onu bu sevdadan vazge\u00e7irmeye \u00e7al\u0131\u015fsa da ba\u015faramaz ve Nesteren\u2019in Refik\u2019i  \u201c\u00e7\u00f6zme\u201d \u0131srar\u0131 bamba\u015fka s\u0131rlar\u0131 ortaya \u00e7\u0131kar\u0131r&#8230;Bana Vera De, birbirinden \u00e7ok farkl\u0131 iki kad\u0131n\u0131n hikayesi \u00fczerinden zengin yan karakterlere a\u00e7\u0131lan ve merakla okunan bir psikolojik gerilim&#8230;<\/p>\n","protected":false},"excerpt":{"rendered":"<p>Birbirinden \u00e7ok farkl\u0131 iki kad\u0131n, \u00fcmitsiz bir a\u015fk, bir trajediyi saklayan b\u00fcy\u00fck s\u0131r\u2026Evin Londra\u2019da bir apartman dairesine kapat\u0131lm\u0131\u015f gen\u00e7 bir kad\u0131nd\u0131r. Ger\u00e7eklerle kabuslar\u0131n i\u00e7 i\u00e7e ge\u00e7ti\u011fi<span class=\"excerpt-hellip\"> [\u2026]<\/span><\/p>\n","protected":false},"featured_media":0,"template":"","meta":{"_monsterinsights_skip_tracking":false,"_monsterinsights_sitenote_active":false,"_monsterinsights_sitenote_note":"","_monsterinsights_sitenote_category":0},"product_brand":[],"product_cat":[12291,12711],"product_tag":[],"class_list":{"0":"post-722558","1":"product","2":"type-product","3":"status-publish","5":"product_cat-edebiyat","6":"product_cat-roman-oyku","7":"pa_cilt-ciltsiz","8":"pa_tur-kitap","9":"pa_yayinevi-dogan-kitap","10":"pa_yazar-senay-ordu","12":"first","13":"instock","14":"sale","15":"shipping-taxable","16":"purchasable","17":"product-type-simple"},"_links":{"self":[{"href":"https:\/\/roveyayinevi.com.tr\/index.php\/wp-json\/wp\/v2\/product\/722558","targetHints":{"allow":["GET"]}}],"collection":[{"href":"https:\/\/roveyayinevi.com.tr\/index.php\/wp-json\/wp\/v2\/product"}],"about":[{"href":"https:\/\/roveyayinevi.com.tr\/index.php\/wp-json\/wp\/v2\/types\/product"}],"wp:attachment":[{"href":"https:\/\/roveyayinevi.com.tr\/index.php\/wp-json\/wp\/v2\/media?parent=722558"}],"wp:term":[{"taxonomy":"product_brand","embeddable":true,"href":"https:\/\/roveyayinevi.com.tr\/index.php\/wp-json\/wp\/v2\/product_brand?post=722558"},{"taxonomy":"product_cat","embeddable":true,"href":"https:\/\/roveyayinevi.com.tr\/index.php\/wp-json\/wp\/v2\/product_cat?post=722558"},{"taxonomy":"product_tag","embeddable":true,"href":"https:\/\/roveyayinevi.com.tr\/index.php\/wp-json\/wp\/v2\/product_tag?post=722558"}],"curies":[{"name":"wp","href":"https:\/\/api.w.org\/{rel}","templated":true}]}}