{"id":722555,"date":"2025-08-27T19:05:58","date_gmt":"2025-08-27T16:05:58","guid":{"rendered":"https:\/\/roveyayinevi.com.tr\/index.php\/urun\/kopekler-icin-gece-muzigi\/"},"modified":"2026-04-16T02:30:33","modified_gmt":"2026-04-15T23:30:33","slug":"kopekler-icin-gece-muzigi","status":"publish","type":"product","link":"https:\/\/roveyayinevi.com.tr\/index.php\/urun\/kopekler-icin-gece-muzigi\/","title":{"rendered":"K\u00f6pekler \u0130\u00e7in Gece M\u00fczi\u011fi"},"content":{"rendered":"<p>K\u00f6pekler \u0130\u00e7in Gece M\u00fczi\u011fi\u2019nde Filiz ile Tar\u0131k yollar\u0131n\u0131 kaybederek aralar\u0131na d\u00fc\u015ft\u00fckleri ki\u015filerin ve hayvanlar\u0131n (Murat, H\u0131z\u0131r, Kara Z\u00fchre, Avc\u0131atmaca, Timsah, Kahve, Ak\u00e7atopal, Deli Fahri, Toz\u015feker) yan\u0131 s\u0131ra ya\u011fmurun, g\u00fcne\u015fin, r\u00fczg\u00e2r\u0131n, a\u011fac\u0131n, ta\u015f\u0131n yaratt\u0131\u011f\u0131 bir tekinsizli\u011fi ya\u015farlar. Faruk Duman, edebiyat\u0131n\u0131 insan-do\u011fa ba\u011flam\u0131nda geli\u015ftiren, \u00f6l\u00fc-do\u011fay\u0131 dirilten bir yazar. Orman\u0131n roman\u0131n\u0131 kurar, k\u0131r\u0131n dilini ara\u015ft\u0131r\u0131r, insan\u0131n i\u00e7 sesini yank\u0131lar. Hayvanla insan\u0131, anlat\u0131s\u0131n\u0131n ba\u015fki\u015fisi do\u011fan\u0131n \u00f6n\u00fcnde e\u015fitler. Masal\u0131n i\u00e7inde polisiye romanlar\u0131n s\u00fcr\u00fckleyicili\u011fini yarat\u0131r. Selim \u0130leri\u2019nin, \u201cHer s\u00f6zc\u00fc\u011f\u00fc \u00f6zenle se\u00e7ilmi\u015f, dili, anlat\u0131m\u0131 yal\u0131n, duru; gerilimi y\u00fcksek; her an ger\u00e7ekli\u011fe d\u00f6n\u00fc\u015febilecek bir kara masal!\u201d dedi\u011fi K\u00f6pekler \u0130\u00e7in Gece M\u00fczi\u011fi edebiyat\u0131n bir dil, organik bir dil yaratma i\u015fi oldu\u011funu g\u00fc\u00e7l\u00fc bir bi\u00e7imle duyuruyor.   K\u00f6pekler \u0130\u00e7in Gece M\u00fczi\u011fi\u2019ne 2014\u2019te D\u00fcnya Kitap \u00d6d\u00fcl\u00fc ve Necati Cumal\u0131 Edebiyat \u00d6d\u00fcl\u00fc verilmi\u015fti. <\/p>\n","protected":false},"excerpt":{"rendered":"<p>K\u00f6pekler \u0130\u00e7in Gece M\u00fczi\u011fi\u2019nde Filiz ile Tar\u0131k yollar\u0131n\u0131 kaybederek aralar\u0131na d\u00fc\u015ft\u00fckleri ki\u015filerin ve hayvanlar\u0131n (Murat, H\u0131z\u0131r, Kara Z\u00fchre, Avc\u0131atmaca, Timsah, Kahve, Ak\u00e7atopal, Deli Fahri, Toz\u015feker) yan\u0131<span class=\"excerpt-hellip\"> [\u2026]<\/span><\/p>\n","protected":false},"featured_media":0,"template":"","meta":{"_monsterinsights_skip_tracking":false,"_monsterinsights_sitenote_active":false,"_monsterinsights_sitenote_note":"","_monsterinsights_sitenote_category":0},"product_brand":[],"product_cat":[12291,12711],"product_tag":[],"class_list":{"0":"post-722555","1":"product","2":"type-product","3":"status-publish","5":"product_cat-edebiyat","6":"product_cat-roman-oyku","7":"pa_cilt-ciltsiz","8":"pa_tur-kitap","9":"pa_yayinevi-yapi-kredi-yayinlari","10":"pa_yazar-faruk-duman","12":"first","13":"instock","14":"sale","15":"shipping-taxable","16":"purchasable","17":"product-type-simple"},"_links":{"self":[{"href":"https:\/\/roveyayinevi.com.tr\/index.php\/wp-json\/wp\/v2\/product\/722555","targetHints":{"allow":["GET"]}}],"collection":[{"href":"https:\/\/roveyayinevi.com.tr\/index.php\/wp-json\/wp\/v2\/product"}],"about":[{"href":"https:\/\/roveyayinevi.com.tr\/index.php\/wp-json\/wp\/v2\/types\/product"}],"wp:attachment":[{"href":"https:\/\/roveyayinevi.com.tr\/index.php\/wp-json\/wp\/v2\/media?parent=722555"}],"wp:term":[{"taxonomy":"product_brand","embeddable":true,"href":"https:\/\/roveyayinevi.com.tr\/index.php\/wp-json\/wp\/v2\/product_brand?post=722555"},{"taxonomy":"product_cat","embeddable":true,"href":"https:\/\/roveyayinevi.com.tr\/index.php\/wp-json\/wp\/v2\/product_cat?post=722555"},{"taxonomy":"product_tag","embeddable":true,"href":"https:\/\/roveyayinevi.com.tr\/index.php\/wp-json\/wp\/v2\/product_tag?post=722555"}],"curies":[{"name":"wp","href":"https:\/\/api.w.org\/{rel}","templated":true}]}}