{"id":722554,"date":"2025-08-27T19:05:57","date_gmt":"2025-08-27T16:05:57","guid":{"rendered":"https:\/\/roveyayinevi.com.tr\/index.php\/urun\/ada-ile-efe-serviste-guvende\/"},"modified":"2026-04-16T02:30:33","modified_gmt":"2026-04-15T23:30:33","slug":"ada-ile-efe-serviste-guvende","status":"publish","type":"product","link":"https:\/\/roveyayinevi.com.tr\/index.php\/urun\/ada-ile-efe-serviste-guvende\/","title":{"rendered":"Ada \u0130le Efe Serviste G\u00fcvende"},"content":{"rendered":"<p>Ada i\u00e7in \u00f6nemli bir g\u00fcn! Duygu \u00d6\u011fretmen t\u00fcm s\u0131n\u0131fa bir s\u00fcrpriz yap\u0131yor: \u00d6\u011frencileri bir \u201cg\u00fcvenlik yolculu\u011funa\u201d \u00e7\u0131kar\u0131yor. Bu yolculukta Ada servise binerken, serviste yolculuk ederken ve servisten inerken neler yapmas\u0131 gerekti\u011fini \u00f6\u011frenecek. Ta\u015f\u0131tlarla her g\u00fcn yapt\u0131\u011f\u0131m\u0131z yolculuklar s\u0131ras\u0131nda nas\u0131l g\u00fcvende olaca\u011f\u0131m\u0131z\u0131 \u00f6\u011frenmenin ta m zaman\u0131! Bu kitapta yer alan g\u00fcvenlik kurallar\u0131n\u0131 g\u00fcndelik hayatta uygulamay\u0131, onlar\u0131 ailen ve arkada\u015flar\u0131nla payla\u015fmay\u0131 ve Serviste G\u00fcvenlik Anketi\u2019ni doldurmay\u0131 unutma! Ada ile Efe serisi uzman yazar Osman \u00d6zt\u00fcrk ta raf\u0131ndan g\u00fcvenli bir ya\u015fam i\u00e7in edinilebilecek temel davran\u0131\u015f kal\u0131plar\u0131n\u0131 \u00f6\u011fretmek ve fark\u0131ndal\u0131\u011f\u0131 art\u0131rmak \u00fczere haz\u0131rlanm\u0131\u015ft\u0131r.<\/p>\n","protected":false},"excerpt":{"rendered":"<p>Ada i\u00e7in \u00f6nemli bir g\u00fcn! Duygu \u00d6\u011fretmen t\u00fcm s\u0131n\u0131fa bir s\u00fcrpriz yap\u0131yor: \u00d6\u011frencileri bir \u201cg\u00fcvenlik yolculu\u011funa\u201d \u00e7\u0131kar\u0131yor. Bu yolculukta Ada servise binerken, serviste yolculuk ederken ve<span class=\"excerpt-hellip\"> [\u2026]<\/span><\/p>\n","protected":false},"featured_media":0,"template":"","meta":{"_monsterinsights_skip_tracking":false,"_monsterinsights_sitenote_active":false,"_monsterinsights_sitenote_note":"","_monsterinsights_sitenote_category":0},"product_brand":[],"product_cat":[12274,12284],"product_tag":[],"class_list":{"0":"post-722554","1":"product","2":"type-product","3":"status-publish","5":"product_cat-cocuk-ve-genclik-kitaplari","6":"product_cat-hikayeler","7":"pa_cilt-ciltsiz","8":"pa_tur-kitap","9":"pa_yayinevi-dogan-egmont-yayincilik","10":"pa_yazar-osman-ozturk","12":"first","13":"instock","14":"sale","15":"shipping-taxable","16":"purchasable","17":"product-type-simple"},"_links":{"self":[{"href":"https:\/\/roveyayinevi.com.tr\/index.php\/wp-json\/wp\/v2\/product\/722554","targetHints":{"allow":["GET"]}}],"collection":[{"href":"https:\/\/roveyayinevi.com.tr\/index.php\/wp-json\/wp\/v2\/product"}],"about":[{"href":"https:\/\/roveyayinevi.com.tr\/index.php\/wp-json\/wp\/v2\/types\/product"}],"wp:attachment":[{"href":"https:\/\/roveyayinevi.com.tr\/index.php\/wp-json\/wp\/v2\/media?parent=722554"}],"wp:term":[{"taxonomy":"product_brand","embeddable":true,"href":"https:\/\/roveyayinevi.com.tr\/index.php\/wp-json\/wp\/v2\/product_brand?post=722554"},{"taxonomy":"product_cat","embeddable":true,"href":"https:\/\/roveyayinevi.com.tr\/index.php\/wp-json\/wp\/v2\/product_cat?post=722554"},{"taxonomy":"product_tag","embeddable":true,"href":"https:\/\/roveyayinevi.com.tr\/index.php\/wp-json\/wp\/v2\/product_tag?post=722554"}],"curies":[{"name":"wp","href":"https:\/\/api.w.org\/{rel}","templated":true}]}}