{"id":722551,"date":"2025-08-27T19:05:54","date_gmt":"2025-08-27T16:05:54","guid":{"rendered":"https:\/\/roveyayinevi.com.tr\/index.php\/urun\/itiraflarim-2\/"},"modified":"2026-04-16T02:30:33","modified_gmt":"2026-04-15T23:30:33","slug":"itiraflarim-2","status":"publish","type":"product","link":"https:\/\/roveyayinevi.com.tr\/index.php\/urun\/itiraflarim-2\/","title":{"rendered":"\u0130tiraflar\u0131m"},"content":{"rendered":"<p>B\u00fcy\u00fck yazar Tolstoy\u2019un inan\u00e7, \u00f6l\u00fcms\u00fczl\u00fck, \u00f6zg\u00fcrl\u00fck, \u015fiddet ve ahlak gibi konulardaki gelenek kar\u015f\u0131t\u0131, tutkulu yaz\u0131lar\u0131 d\u00fc\u015f\u00fcnsel temelde ger\u00e7ekli\u011fe dayanan bir hakikat ve din aray\u0131\u015f\u0131n\u0131 yans\u0131t\u0131r. Ancak Sava\u015f ve Bar\u0131\u015f ile Anna Karenina gibi eserlerinin ba\u015far\u0131s\u0131na ra\u011fmen elli bir ya\u015f\u0131ndayken ge\u00e7mi\u015fine d\u00f6n\u00fcp bakt\u0131\u011f\u0131nda kendini ba\u015far\u0131s\u0131z bulmu\u015ftur. \u0130tiraflar\u0131m, Tolstoy\u2019un ya\u015fland\u0131k\u00e7a de\u011fi\u015fime ve d\u00f6n\u00fc\u015f\u00fcme u\u011frayan felsefi d\u00fc\u015f\u00fcncelerine \u0131\u015f\u0131k tutuyor.   Tarih boyunca baz\u0131 kitaplar d\u00fcnyay\u0131 de\u011fi\u015ftirdi. Bununla kalmay\u0131p; bizleri ve birbirimizi g\u00f6rme bi\u00e7imimizi etkiledi. O kitaplar ki tart\u0131\u015fmalara, muhalif fikirlere, sava\u015f ve devrimlere esin kayna\u011f\u0131 oldular. Ayd\u0131nlatt\u0131lar, harekete ge\u00e7irdiler, k\u0131\u015fk\u0131rtt\u0131lar, teselli ettiler. Ya\u015fam\u0131m\u0131z\u0131 zenginle\u015ftirdiler ve bizleri ayr\u0131 ayr\u0131 kendi ya\u015famlar\u0131m\u0131z\u0131 sorgulamaya y\u00f6nelttiler. \u015eimdi Kafka Kitap sizlere uygarl\u0131\u011f\u0131 sarsan, insanl\u0131k tarihine y\u00f6n veren ve kendimizi ke\u015ffetmemize yard\u0131m eden fikirleriyle; b\u00fcy\u00fck d\u00fc\u015f\u00fcn\u00fcrlerin, \u00e7\u0131\u011f\u0131r a\u00e7anlar\u0131n, radikallerin ve ileriyi g\u00f6renlerin eserlerini sunuyor.\u201d <\/p>\n","protected":false},"excerpt":{"rendered":"<p>B\u00fcy\u00fck yazar Tolstoy\u2019un inan\u00e7, \u00f6l\u00fcms\u00fczl\u00fck, \u00f6zg\u00fcrl\u00fck, \u015fiddet ve ahlak gibi konulardaki gelenek kar\u015f\u0131t\u0131, tutkulu yaz\u0131lar\u0131 d\u00fc\u015f\u00fcnsel temelde ger\u00e7ekli\u011fe dayanan bir hakikat ve din aray\u0131\u015f\u0131n\u0131 yans\u0131t\u0131r. Ancak<span class=\"excerpt-hellip\"> [\u2026]<\/span><\/p>\n","protected":false},"featured_media":0,"template":"","meta":{"_monsterinsights_skip_tracking":false,"_monsterinsights_sitenote_active":false,"_monsterinsights_sitenote_note":"","_monsterinsights_sitenote_category":0},"product_brand":[],"product_cat":[12777,12291],"product_tag":[],"class_list":{"0":"post-722551","1":"product","2":"type-product","3":"status-publish","5":"product_cat-deneme","6":"product_cat-edebiyat","7":"pa_cilt-ciltsiz","8":"pa_tur-kitap","9":"pa_yayinevi-kafka-yayinevi","10":"pa_yazar-lev-nikolayevic-tolstoy","12":"first","13":"instock","14":"sale","15":"shipping-taxable","16":"purchasable","17":"product-type-simple"},"_links":{"self":[{"href":"https:\/\/roveyayinevi.com.tr\/index.php\/wp-json\/wp\/v2\/product\/722551","targetHints":{"allow":["GET"]}}],"collection":[{"href":"https:\/\/roveyayinevi.com.tr\/index.php\/wp-json\/wp\/v2\/product"}],"about":[{"href":"https:\/\/roveyayinevi.com.tr\/index.php\/wp-json\/wp\/v2\/types\/product"}],"wp:attachment":[{"href":"https:\/\/roveyayinevi.com.tr\/index.php\/wp-json\/wp\/v2\/media?parent=722551"}],"wp:term":[{"taxonomy":"product_brand","embeddable":true,"href":"https:\/\/roveyayinevi.com.tr\/index.php\/wp-json\/wp\/v2\/product_brand?post=722551"},{"taxonomy":"product_cat","embeddable":true,"href":"https:\/\/roveyayinevi.com.tr\/index.php\/wp-json\/wp\/v2\/product_cat?post=722551"},{"taxonomy":"product_tag","embeddable":true,"href":"https:\/\/roveyayinevi.com.tr\/index.php\/wp-json\/wp\/v2\/product_tag?post=722551"}],"curies":[{"name":"wp","href":"https:\/\/api.w.org\/{rel}","templated":true}]}}