{"id":722550,"date":"2025-08-27T19:05:53","date_gmt":"2025-08-27T16:05:53","guid":{"rendered":"https:\/\/roveyayinevi.com.tr\/index.php\/urun\/bir-ingiliz-afyonkesin-itiraflari\/"},"modified":"2026-04-16T02:30:33","modified_gmt":"2026-04-15T23:30:33","slug":"bir-ingiliz-afyonkesin-itiraflari","status":"publish","type":"product","link":"https:\/\/roveyayinevi.com.tr\/index.php\/urun\/bir-ingiliz-afyonkesin-itiraflari\/","title":{"rendered":"Bir \u0130ngiliz Afyonke\u015fin \u0130tiraflar\u0131"},"content":{"rendered":"<p>Thomas de Quincey, her g\u00fcn bol miktarda afyonruhu t\u00fcketti\u011fi d\u00f6nemdeki ger\u00e7ek\u00fcst\u00fc sanr\u0131lar\u0131n\u0131, uykusuzlu\u011funu, k\u00e2busa benzer hayallerini ve afyonun hazz\u0131 ile ac\u0131lar\u0131n\u0131 anlatt\u0131\u011f\u0131 bu efsanevi eserinde sanat\u00e7\u0131n\u0131n kendini ifade etme bi\u00e7imi ve ba\u011f\u0131ml\u0131l\u0131\u011f\u0131 aras\u0131nda bir ba\u011f kurarak, sonraki nesillerde Baudelaire\u2019den Burroughs\u2019a, madde kullan\u0131m\u0131n\u0131 edebi bir malzemeye d\u00f6n\u00fc\u015ft\u00fcren isimlerin \u00f6n\u00fcn\u00fc a\u00e7t\u0131.   Tarih boyunca baz\u0131 kitaplar d\u00fcnyay\u0131 de\u011fi\u015ftirdi. Bununla kalmay\u0131p; bizleri ve birbirimizi g\u00f6rme bi\u00e7imimizi etkiledi. O kitaplar ki tart\u0131\u015fmalara, muhalif fikirlere, sava\u015f ve devrimlere esin kayna\u011f\u0131 oldular. Ayd\u0131nlatt\u0131lar, harekete ge\u00e7irdiler, k\u0131\u015fk\u0131rtt\u0131lar, teselli ettiler. Ya\u015fam\u0131m\u0131z\u0131 zenginle\u015ftirdiler ve bizleri ayr\u0131 ayr\u0131 kendi ya\u015famlar\u0131m\u0131z\u0131 sorgulamaya y\u00f6nelttiler. \u015eimdi Kafka Kitap sizlere uygarl\u0131\u011f\u0131 sarsan, insanl\u0131k tarihine y\u00f6n veren ve kendimizi ke\u015ffetmemize yard\u0131m eden fikirleriyle; b\u00fcy\u00fck d\u00fc\u015f\u00fcn\u00fcrlerin, \u00e7\u0131\u011f\u0131r a\u00e7anlar\u0131n, radikallerin ve ileriyi g\u00f6renlerin eserlerini sunuyor. <\/p>\n","protected":false},"excerpt":{"rendered":"<p>Thomas de Quincey, her g\u00fcn bol miktarda afyonruhu t\u00fcketti\u011fi d\u00f6nemdeki ger\u00e7ek\u00fcst\u00fc sanr\u0131lar\u0131n\u0131, uykusuzlu\u011funu, k\u00e2busa benzer hayallerini ve afyonun hazz\u0131 ile ac\u0131lar\u0131n\u0131 anlatt\u0131\u011f\u0131 bu efsanevi eserinde sanat\u00e7\u0131n\u0131n<span class=\"excerpt-hellip\"> [\u2026]<\/span><\/p>\n","protected":false},"featured_media":0,"template":"","meta":{"_monsterinsights_skip_tracking":false,"_monsterinsights_sitenote_active":false,"_monsterinsights_sitenote_note":"","_monsterinsights_sitenote_category":0},"product_brand":[],"product_cat":[12777,12291],"product_tag":[],"class_list":{"0":"post-722550","1":"product","2":"type-product","3":"status-publish","5":"product_cat-deneme","6":"product_cat-edebiyat","7":"pa_cilt-ciltsiz","8":"pa_tur-kitap","9":"pa_yayinevi-kafka-yayinevi","10":"pa_yazar-thomas-de-quincey","12":"first","13":"instock","14":"sale","15":"shipping-taxable","16":"purchasable","17":"product-type-simple"},"_links":{"self":[{"href":"https:\/\/roveyayinevi.com.tr\/index.php\/wp-json\/wp\/v2\/product\/722550","targetHints":{"allow":["GET"]}}],"collection":[{"href":"https:\/\/roveyayinevi.com.tr\/index.php\/wp-json\/wp\/v2\/product"}],"about":[{"href":"https:\/\/roveyayinevi.com.tr\/index.php\/wp-json\/wp\/v2\/types\/product"}],"wp:attachment":[{"href":"https:\/\/roveyayinevi.com.tr\/index.php\/wp-json\/wp\/v2\/media?parent=722550"}],"wp:term":[{"taxonomy":"product_brand","embeddable":true,"href":"https:\/\/roveyayinevi.com.tr\/index.php\/wp-json\/wp\/v2\/product_brand?post=722550"},{"taxonomy":"product_cat","embeddable":true,"href":"https:\/\/roveyayinevi.com.tr\/index.php\/wp-json\/wp\/v2\/product_cat?post=722550"},{"taxonomy":"product_tag","embeddable":true,"href":"https:\/\/roveyayinevi.com.tr\/index.php\/wp-json\/wp\/v2\/product_tag?post=722550"}],"curies":[{"name":"wp","href":"https:\/\/api.w.org\/{rel}","templated":true}]}}