{"id":722547,"date":"2025-08-27T19:05:51","date_gmt":"2025-08-27T16:05:51","guid":{"rendered":"https:\/\/roveyayinevi.com.tr\/index.php\/urun\/cocugunuzun-psikologu-olun\/"},"modified":"2026-04-16T02:30:33","modified_gmt":"2026-04-15T23:30:33","slug":"cocugunuzun-psikologu-olun","status":"publish","type":"product","link":"https:\/\/roveyayinevi.com.tr\/index.php\/urun\/cocugunuzun-psikologu-olun\/","title":{"rendered":"\u00c7ocu\u011funuzun Psikolo\u011fu Olun"},"content":{"rendered":"<p>Yeti\u015fkin ya\u015fam\u0131nda ortaya \u00e7\u0131kan psikolojik sorunlar\u0131n ve ki\u015fiyi psikolojik a\u00e7\u0131dan zor duruma d\u00fc\u015f\u00fcren travmalar\u0131n b\u00fcy\u00fck \u00e7o\u011funlu\u011fu \u00e7ocukluk d\u00f6neminden gelmektedir. Bu nedenle, \u00e7ocuklar\u0131n ebeveynlerine ya da bak\u0131m verenlerine, besleme ve beden sa\u011fl\u0131\u011f\u0131n\u0131 koruma kadar \u00f6nemli ba\u015fka bir g\u00f6rev daha d\u00fc\u015f\u00fcyor: \u00c7ocu\u011fun ruhsal sa\u011fl\u0131\u011f\u0131n\u0131 korumak ve ruhsal geli\u015fimine rehberlik etmek.Yap\u0131lan ara\u015ft\u0131rmalar g\u00f6steriyor ki beyin, ancak ba\u015fka bireylerle bir arada ya\u015fayarak ve onlarla sosyal ili\u015fkiler kurarak sa\u011fl\u0131kl\u0131 bir \u015fekilde geli\u015fiyor. Bu durum da ilk elde ebeveynler ile ba\u015fl\u0131yor.Bu kitap, birey ya\u015fam\u0131n\u0131n bu kritik evresinde kar\u015f\u0131la\u015f\u0131lan sorunlar, yap\u0131lan hatalar ve bu d\u00f6neme ili\u015fkin \u00f6nerilerle olu\u015fturulan bir ebeveyn rehberidir. Amac\u0131m\u0131z &#8220;Yeteri Kadar \u0130yi Ebeveyn Olabilmek&#8221; ad\u0131na \u00e7ocu\u011fun ya\u015f\u0131n\u0131 g\u00f6zetmeden, nas\u0131l bir ebeveyn olursak, \u00e7ocu\u011fun geli\u015fimini nas\u0131l etkileriz sorusuna cevap verebilmek.<\/p>\n","protected":false},"excerpt":{"rendered":"<p>Yeti\u015fkin ya\u015fam\u0131nda ortaya \u00e7\u0131kan psikolojik sorunlar\u0131n ve ki\u015fiyi psikolojik a\u00e7\u0131dan zor duruma d\u00fc\u015f\u00fcren travmalar\u0131n b\u00fcy\u00fck \u00e7o\u011funlu\u011fu \u00e7ocukluk d\u00f6neminden gelmektedir. Bu nedenle, \u00e7ocuklar\u0131n ebeveynlerine ya da bak\u0131m<span class=\"excerpt-hellip\"> [\u2026]<\/span><\/p>\n","protected":false},"featured_media":0,"template":"","meta":{"_monsterinsights_skip_tracking":false,"_monsterinsights_sitenote_active":false,"_monsterinsights_sitenote_note":"","_monsterinsights_sitenote_category":0},"product_brand":[],"product_cat":[12679,12357],"product_tag":[],"class_list":{"0":"post-722547","1":"product","2":"type-product","3":"status-publish","5":"product_cat-cocuk-psikolojisi","6":"product_cat-psikoloji","7":"pa_cilt-ciltsiz","8":"pa_tur-kitap","9":"pa_yayinevi-kanon-kitap","10":"pa_yazar-selcuk-tokac-fatih-pulat","12":"first","13":"instock","14":"sale","15":"shipping-taxable","16":"purchasable","17":"product-type-simple"},"_links":{"self":[{"href":"https:\/\/roveyayinevi.com.tr\/index.php\/wp-json\/wp\/v2\/product\/722547","targetHints":{"allow":["GET"]}}],"collection":[{"href":"https:\/\/roveyayinevi.com.tr\/index.php\/wp-json\/wp\/v2\/product"}],"about":[{"href":"https:\/\/roveyayinevi.com.tr\/index.php\/wp-json\/wp\/v2\/types\/product"}],"wp:attachment":[{"href":"https:\/\/roveyayinevi.com.tr\/index.php\/wp-json\/wp\/v2\/media?parent=722547"}],"wp:term":[{"taxonomy":"product_brand","embeddable":true,"href":"https:\/\/roveyayinevi.com.tr\/index.php\/wp-json\/wp\/v2\/product_brand?post=722547"},{"taxonomy":"product_cat","embeddable":true,"href":"https:\/\/roveyayinevi.com.tr\/index.php\/wp-json\/wp\/v2\/product_cat?post=722547"},{"taxonomy":"product_tag","embeddable":true,"href":"https:\/\/roveyayinevi.com.tr\/index.php\/wp-json\/wp\/v2\/product_tag?post=722547"}],"curies":[{"name":"wp","href":"https:\/\/api.w.org\/{rel}","templated":true}]}}