{"id":722545,"date":"2025-08-27T19:05:50","date_gmt":"2025-08-27T16:05:50","guid":{"rendered":"https:\/\/roveyayinevi.com.tr\/index.php\/urun\/edgar-ve-allan-poenun-gizemli-seruvenleri-3-kedi-ve-sarkac\/"},"modified":"2026-04-16T02:30:33","modified_gmt":"2026-04-15T23:30:33","slug":"edgar-ve-allan-poenun-gizemli-seruvenleri-3-kedi-ve-sarkac","status":"publish","type":"product","link":"https:\/\/roveyayinevi.com.tr\/index.php\/urun\/edgar-ve-allan-poenun-gizemli-seruvenleri-3-kedi-ve-sarkac\/","title":{"rendered":"Edgar ve Allan Poe\u2019nun Gizemli Ser\u00fcvenleri 3: Kedi ve Sarka\u00e7"},"content":{"rendered":"<p>Birbirinin e\u015fi iki ki\u015fi, hem d\u0131\u015flar\u0131 bir, hem i\u00e7leri,Okuyabilirler birbirlerinin zihinlerini&#8230;Mizah, gizem, kuantum, komik kurabiye fallar\u0131, \u015fifreli mesajlarla dolu Edgar ve Allan Poe&#8217;nun Gizemli Ser\u00fcvenleri heyecanl\u0131 ve e\u011flenceli bir macerayla sona eriyor!Perry ailesinin k\u00f6t\u00fc kalpli \u00fcyelerini alt edip i\u015fleri yoluna koyan afacan ikizlerimiz Edgar ve Allan, hi\u00e7 beklemedikleri bir d\u00fc\u015fman\u0131n tuza\u011f\u0131na d\u00fc\u015ferler. Hayatlar\u0131 b\u00fcy\u00fck tehlike alt\u0131ndad\u0131r. Acaba ortak i\u015fleyen keskin zekalar\u0131, \u00d6b\u00fcr D\u00fcnya\u2019da ya\u015fayan amcalar\u0131, kedileri Roderick ve arkada\u015flar\u0131 sayesinde bu hain plandan sa\u011f salim kurtulabilecekler midir?<\/p>\n","protected":false},"excerpt":{"rendered":"<p>Birbirinin e\u015fi iki ki\u015fi, hem d\u0131\u015flar\u0131 bir, hem i\u00e7leri,Okuyabilirler birbirlerinin zihinlerini&#8230;Mizah, gizem, kuantum, komik kurabiye fallar\u0131, \u015fifreli mesajlarla dolu Edgar ve Allan Poe&#8217;nun Gizemli Ser\u00fcvenleri heyecanl\u0131<span class=\"excerpt-hellip\"> [\u2026]<\/span><\/p>\n","protected":false},"featured_media":0,"template":"","meta":{"_monsterinsights_skip_tracking":false,"_monsterinsights_sitenote_active":false,"_monsterinsights_sitenote_note":"","_monsterinsights_sitenote_category":0},"product_brand":[],"product_cat":[12275,12274],"product_tag":[],"class_list":{"0":"post-722545","1":"product","2":"type-product","3":"status-publish","5":"product_cat-6-12-yas-kitaplari","6":"product_cat-cocuk-ve-genclik-kitaplari","7":"pa_cilt-ciltsiz","8":"pa_tur-kitap","9":"pa_yayinevi-kolektif-kitap","10":"pa_yazar-gordon-mcalpine","12":"first","13":"instock","14":"sale","15":"shipping-taxable","16":"purchasable","17":"product-type-simple"},"_links":{"self":[{"href":"https:\/\/roveyayinevi.com.tr\/index.php\/wp-json\/wp\/v2\/product\/722545","targetHints":{"allow":["GET"]}}],"collection":[{"href":"https:\/\/roveyayinevi.com.tr\/index.php\/wp-json\/wp\/v2\/product"}],"about":[{"href":"https:\/\/roveyayinevi.com.tr\/index.php\/wp-json\/wp\/v2\/types\/product"}],"wp:attachment":[{"href":"https:\/\/roveyayinevi.com.tr\/index.php\/wp-json\/wp\/v2\/media?parent=722545"}],"wp:term":[{"taxonomy":"product_brand","embeddable":true,"href":"https:\/\/roveyayinevi.com.tr\/index.php\/wp-json\/wp\/v2\/product_brand?post=722545"},{"taxonomy":"product_cat","embeddable":true,"href":"https:\/\/roveyayinevi.com.tr\/index.php\/wp-json\/wp\/v2\/product_cat?post=722545"},{"taxonomy":"product_tag","embeddable":true,"href":"https:\/\/roveyayinevi.com.tr\/index.php\/wp-json\/wp\/v2\/product_tag?post=722545"}],"curies":[{"name":"wp","href":"https:\/\/api.w.org\/{rel}","templated":true}]}}