{"id":722544,"date":"2025-08-27T19:05:49","date_gmt":"2025-08-27T16:05:49","guid":{"rendered":"https:\/\/roveyayinevi.com.tr\/index.php\/urun\/bagimlilik-psikolojisi\/"},"modified":"2026-04-16T02:30:33","modified_gmt":"2026-04-15T23:30:33","slug":"bagimlilik-psikolojisi","status":"publish","type":"product","link":"https:\/\/roveyayinevi.com.tr\/index.php\/urun\/bagimlilik-psikolojisi\/","title":{"rendered":"Ba\u011f\u0131ml\u0131l\u0131k Psikolojisi"},"content":{"rendered":"<p>Bir ba\u011f\u0131ml\u0131n\u0131n d\u00fc\u015f\u00fcnce yap\u0131s\u0131na nas\u0131l n\u00fcfuz edebiliriz? Ailemizdeki ya da yak\u0131n \u00e7evremizdeki ba\u011f\u0131ml\u0131lara yard\u0131mc\u0131 olabilir miyiz? Peki ya yard\u0131m etmek isterken daha k\u00f6tu\u0308 sonu\u00e7lar\u0131n do\u011fmas\u0131na sebep olabilir miyiz?Ba\u011f\u0131ml\u0131lar\u0131n d\u00fc\u015f\u00fcnme \u015fekli, etraflar\u0131ndaki herkesi ayn\u0131 k\u0131skaca alacak \u015fekilde i\u015fler: Bahaneler \u00fcretmekte ustad\u0131rlar, ba\u015flar\u0131na gelenler neredeyse tamamen d\u0131\u015f etmenlere ba\u011fl\u0131d\u0131r ve her zaman \u00e7aba g\u00f6sterdiklerini iddia ederler.\u0130\u015fte Abraham Twerski, bu d\u00f6ng\u00fcden nas\u0131l \u00e7\u0131k\u0131laca\u011f\u0131n\u0131 bu k\u0131sa ama etkili kitapta ele al\u0131yor. Kendini ve ba\u015fkalar\u0131n\u0131 kand\u0131rman\u0131n \u00f6zsayg\u0131 duygusunun alt\u0131n\u0131 nas\u0131l kazd\u0131\u011f\u0131n\u0131 ve ba\u011f\u0131ml\u0131l\u0131kla m\u00fccadele edenlerin \u00e7abalar\u0131n\u0131 nas\u0131l tehdit etti\u011fini a\u00e7\u0131kl\u0131yor. Ba\u011f\u0131ml\u0131lar\u0131n ve onlar\u0131n yak\u0131nlar\u0131n\u0131n ge\u00e7tikleri yolu, uzun kariyeri boyunca kar\u015f\u0131la\u015ft\u0131\u011f\u0131 ilgi \u00e7ekici vakalarla \u00f6rnekliyor. Ba\u011f\u0131ml\u0131l\u0131k Psikolojisi, ba\u011f\u0131ml\u0131 d\u00fc\u015f\u00fcncelerden kurtulup sa\u011fl\u0131kl\u0131 bir ya\u015fam s\u00fcrd\u00fcrmek isteyenler i\u00e7in ideal bir rehber.<\/p>\n","protected":false},"excerpt":{"rendered":"<p>Bir ba\u011f\u0131ml\u0131n\u0131n d\u00fc\u015f\u00fcnce yap\u0131s\u0131na nas\u0131l n\u00fcfuz edebiliriz? Ailemizdeki ya da yak\u0131n \u00e7evremizdeki ba\u011f\u0131ml\u0131lara yard\u0131mc\u0131 olabilir miyiz? Peki ya yard\u0131m etmek isterken daha k\u00f6tu\u0308 sonu\u00e7lar\u0131n do\u011fmas\u0131na sebep<span class=\"excerpt-hellip\"> [\u2026]<\/span><\/p>\n","protected":false},"featured_media":0,"template":"","meta":{"_monsterinsights_skip_tracking":false,"_monsterinsights_sitenote_active":false,"_monsterinsights_sitenote_note":"","_monsterinsights_sitenote_category":0},"product_brand":[],"product_cat":[12358,12357],"product_tag":[],"class_list":{"0":"post-722544","1":"product","2":"type-product","3":"status-publish","5":"product_cat-genel-psikoloji","6":"product_cat-psikoloji","7":"pa_cilt-ciltsiz","8":"pa_tur-kitap","9":"pa_yayinevi-say-yayinlari","10":"pa_yazar-abraham-j-twerski","12":"first","13":"instock","14":"sale","15":"shipping-taxable","16":"purchasable","17":"product-type-simple"},"_links":{"self":[{"href":"https:\/\/roveyayinevi.com.tr\/index.php\/wp-json\/wp\/v2\/product\/722544","targetHints":{"allow":["GET"]}}],"collection":[{"href":"https:\/\/roveyayinevi.com.tr\/index.php\/wp-json\/wp\/v2\/product"}],"about":[{"href":"https:\/\/roveyayinevi.com.tr\/index.php\/wp-json\/wp\/v2\/types\/product"}],"wp:attachment":[{"href":"https:\/\/roveyayinevi.com.tr\/index.php\/wp-json\/wp\/v2\/media?parent=722544"}],"wp:term":[{"taxonomy":"product_brand","embeddable":true,"href":"https:\/\/roveyayinevi.com.tr\/index.php\/wp-json\/wp\/v2\/product_brand?post=722544"},{"taxonomy":"product_cat","embeddable":true,"href":"https:\/\/roveyayinevi.com.tr\/index.php\/wp-json\/wp\/v2\/product_cat?post=722544"},{"taxonomy":"product_tag","embeddable":true,"href":"https:\/\/roveyayinevi.com.tr\/index.php\/wp-json\/wp\/v2\/product_tag?post=722544"}],"curies":[{"name":"wp","href":"https:\/\/api.w.org\/{rel}","templated":true}]}}