{"id":722542,"date":"2025-08-27T19:05:48","date_gmt":"2025-08-27T16:05:48","guid":{"rendered":"https:\/\/roveyayinevi.com.tr\/index.php\/urun\/isletme-alaninda-nicel-arastirma-yontemleri-ve-yayin-etigi\/"},"modified":"2026-04-16T02:30:33","modified_gmt":"2026-04-15T23:30:33","slug":"isletme-alaninda-nicel-arastirma-yontemleri-ve-yayin-etigi","status":"publish","type":"product","link":"https:\/\/roveyayinevi.com.tr\/index.php\/urun\/isletme-alaninda-nicel-arastirma-yontemleri-ve-yayin-etigi\/","title":{"rendered":"\u0130\u015fletme Alan\u0131nda Nicel Ara\u015ft\u0131rma Y\u00f6ntemleri ve Yay\u0131n Eti\u011fi"},"content":{"rendered":"<p>Bilimsel ara\u015ft\u0131rman\u0131n g\u00fcn ge\u00e7tik\u00e7e \u00f6nem kazanmas\u0131yla birlikte sosyal bilimler alan\u0131nda Bilimsel Ara\u015ft\u0131rma ile ilgili yay\u0131nlar\u0131n h\u0131zla artt\u0131\u011f\u0131 g\u00f6zlemlenmektedir. Ancak \u0130\u015fletme dal\u0131 \u00f6zel bir dal olarak ele al\u0131nd\u0131\u011f\u0131nda Business Research kapsam\u0131nda kaynak eksikli\u011finin oldu\u011fu tespit edilmi\u015ftir. Bu \u00e7al\u0131\u015fma di\u011fer ara\u015ft\u0131rma alanlar\u0131nda da kullan\u0131lan bilimsel ara\u015ft\u0131rma s\u00fcrecine ili\u015fkin bilgilere yer vermekle beraber, temel ama\u00e7 i\u015fletme alan\u0131na y\u00f6nelik bu eksikli\u011fi gidermek ve \u0130\u015fletme alan\u0131n\u0131n odak noktas\u0131 olan karar vermeye y\u00f6nelik bir bilimsel ara\u015ft\u0131rma s\u00fcrecini ele almakt\u0131r.Bu nedenle \u00e7al\u0131\u015fmada hangi yakla\u015f\u0131m, hangi y\u00f6ntem, hangi \u00f6rneklem, hangi veri toplama t\u00fcr\u00fc, hangi analiz t\u00fcr\u00fc vb. karar vermeye y\u00f6nelik sorulara cevap verilmesine odaklan\u0131lm\u0131\u015ft\u0131r.\u00c7al\u0131\u015fma 8 temel k\u0131s\u0131mdan olu\u015fmaktad\u0131r. \u00c7al\u0131\u015fmay\u0131 k\u0131s\u0131mlara ay\u0131rmadaki d\u00fc\u015f\u00fcnce, s\u00fcrecin herbir a\u015famas\u0131n\u0131n i\u015flevselliklerinin dikkate al\u0131nmas\u0131n\u0131 sa\u011flamakt\u0131r. Bu bak\u0131\u015f a\u00e7\u0131s\u0131yla olu\u015fturulan k\u0131s\u0131mlar a\u015fa\u011f\u0131da belirtildi\u011fi \u015fekilde ele al\u0131nm\u0131\u015ft\u0131r.Birinci k\u0131s\u0131mda Bilimsel Ara\u015ft\u0131rman\u0131n Temelleri ile Bilimsel Ara\u015ft\u0131rmalarda Etik konusu hakk\u0131nda bilgi verilmi\u015ftir. \u0130kinci k\u0131s\u0131mda genelde karar vericilere ve \u00f6zelde y\u00f6neticilere y\u00f6nelik olarak \u0130\u015fletme Ara\u015ft\u0131rmalar\u0131 ayr\u0131 bir b\u00f6l\u00fcm olarak a\u00e7\u0131klanm\u0131\u015ft\u0131r. \u00dc\u00e7\u00fcnc\u00fc k\u0131s\u0131mda Bilimsel Ara\u015ft\u0131rma S\u00fcreci ile birlikte Ara\u015ft\u0131rma \u00d6nerisi ve \u0130\u015fletme Sorunlar\u0131na Y\u00f6nelik s\u00fcre\u00e7 a\u00e7\u0131klanm\u0131\u015ft\u0131r. D\u00f6rd\u00fcnc\u00fc k\u0131s\u0131mda Konu Belirlenmesi ve Literat\u00fcr Taramas\u0131na y\u00f6nelik bilgiler verilmi\u015ftir. Be\u015finci k\u0131s\u0131mda Ara\u015ft\u0131rma Dili ba\u015fl\u0131\u011f\u0131 ile birlikte Kavramsal ve Teorik \u00c7er\u00e7eve konusuna ayr\u0131lm\u0131\u015ft\u0131r. Alt\u0131nc\u0131 k\u0131s\u0131mda Ara\u015ft\u0131rma Tasar\u0131m\u0131 ele al\u0131nm\u0131\u015ft\u0131r. \u00c7al\u0131\u015fman\u0131n b\u00fcy\u00fck bir k\u0131sm\u0131n\u0131 kapsayan bu k\u0131s\u0131mda Y\u00f6ntem Belirleme, \u00d6l\u00e7ek ve \u00d6l\u00e7eklendirme, \u00d6rneklem ve \u00d6rnekleme, Veri Toplama gibi \u00e7al\u0131\u015fman\u0131n odak noktalar\u0131n\u0131 olu\u015fturan konulara ili\u015fkin bilgi verilmi\u015ftir.Yedinci k\u0131s\u0131m \u0130statistiksel Analizlerin a\u00e7\u0131kland\u0131\u011f\u0131 k\u0131s\u0131md\u0131r. Bu k\u0131s\u0131m \u00e7al\u0131\u015fmalarda Analiz k\u0131sm\u0131nda ihtiya\u00e7 duyulan bilgilerin verildi\u011fi k\u0131s\u0131md\u0131r. \u00c7al\u0131\u015fman\u0131n analizine y\u00f6nelik olarak da \u0130statistik ve Bilimsel Ara\u015ft\u0131rma ili\u015fkisi ile ilgili genel bilgiler verildikten sonra \u00d6n Veri Analizi, Betimleyici Analizler ve \u0130statistiksel Analiz Teknikleri ba\u015fl\u0131\u011f\u0131 alt\u0131nda Farkl\u0131l\u0131k Analizleri (Hipotezler), \u0130li\u015fkisel Analizler (Korelasyon) ve Nedensel Analizleri (Regresyon) i\u015flenmi\u015ftir. Ayr\u0131ca analizlerin bir uzant\u0131s\u0131 olarak g\u00f6r\u00fclen Ge\u00e7erlik ve G\u00fcvenirlik Analizleri de bu k\u0131s\u0131mda ele al\u0131nm\u0131\u015ft\u0131r. Bu analizler asl\u0131nda olduk\u00e7a kapsaml\u0131 \u0130statistiksel alt yap\u0131 bilgisi gerektiren analizlerdir. Ancak kitab\u0131n odak noktas\u0131 bilimsel ara\u015ft\u0131rmalarda istatistiksel y\u00f6ntemlerin tan\u0131t\u0131m\u0131ndan ziyade kullan\u0131m\u0131 oldu\u011fundan, bu analizlerin teknik alt yap\u0131s\u0131n\u0131n a\u00e7\u0131klanmas\u0131 yerine temel olan analizler \u00fczerinden hangi durumda hangi y\u00f6ntemlerin kullan\u0131lmas\u0131 karar\u0131 \u00fczerine odaklanm\u0131\u015ft\u0131r. T\u00fcm bu analizler SPSS komutlar\u0131 \u00fczerinden \u00e7\u0131kt\u0131lar\u0131n yorumlar\u0131na y\u00f6nelik olarak ger\u00e7ekle\u015ftirilmi\u015ftir. Sekizinci k\u0131s\u0131m Raporlama ve Sunumun yer ald\u0131\u011f\u0131 k\u0131s\u0131md\u0131r. Bu k\u0131sm\u0131n birinci b\u00f6l\u00fcm\u00fcnde Raporlamaya ili\u015fkin genel bilgiler verilerken ikinci b\u00f6l\u00fcm\u00fcnde ger\u00e7ekle\u015ftirilen ara\u015ft\u0131rman\u0131n ve yaz\u0131lan raporun ard\u0131ndan \u00e7al\u0131\u015fman\u0131n Sunulmas\u0131na ili\u015fkin bilgiler verilmi\u015ftir. <\/p>\n","protected":false},"excerpt":{"rendered":"<p>Bilimsel ara\u015ft\u0131rman\u0131n g\u00fcn ge\u00e7tik\u00e7e \u00f6nem kazanmas\u0131yla birlikte sosyal bilimler alan\u0131nda Bilimsel Ara\u015ft\u0131rma ile ilgili yay\u0131nlar\u0131n h\u0131zla artt\u0131\u011f\u0131 g\u00f6zlemlenmektedir. Ancak \u0130\u015fletme dal\u0131 \u00f6zel bir dal olarak ele<span class=\"excerpt-hellip\"> [\u2026]<\/span><\/p>\n","protected":false},"featured_media":0,"template":"","meta":{"_monsterinsights_skip_tracking":false,"_monsterinsights_sitenote_active":false,"_monsterinsights_sitenote_note":"","_monsterinsights_sitenote_category":0},"product_brand":[],"product_cat":[13043,14381],"product_tag":[],"class_list":{"0":"post-722542","1":"product","2":"type-product","3":"status-publish","5":"product_cat-ekonomi","6":"product_cat-isletme-muhasebe-maliye","7":"pa_cilt-ciltsiz","8":"pa_tur-kitap","9":"pa_yayinevi-gazi-kitabevi","10":"pa_yazar-ayse-yildiz","12":"first","13":"instock","14":"sale","15":"shipping-taxable","16":"purchasable","17":"product-type-simple"},"_links":{"self":[{"href":"https:\/\/roveyayinevi.com.tr\/index.php\/wp-json\/wp\/v2\/product\/722542","targetHints":{"allow":["GET"]}}],"collection":[{"href":"https:\/\/roveyayinevi.com.tr\/index.php\/wp-json\/wp\/v2\/product"}],"about":[{"href":"https:\/\/roveyayinevi.com.tr\/index.php\/wp-json\/wp\/v2\/types\/product"}],"wp:attachment":[{"href":"https:\/\/roveyayinevi.com.tr\/index.php\/wp-json\/wp\/v2\/media?parent=722542"}],"wp:term":[{"taxonomy":"product_brand","embeddable":true,"href":"https:\/\/roveyayinevi.com.tr\/index.php\/wp-json\/wp\/v2\/product_brand?post=722542"},{"taxonomy":"product_cat","embeddable":true,"href":"https:\/\/roveyayinevi.com.tr\/index.php\/wp-json\/wp\/v2\/product_cat?post=722542"},{"taxonomy":"product_tag","embeddable":true,"href":"https:\/\/roveyayinevi.com.tr\/index.php\/wp-json\/wp\/v2\/product_tag?post=722542"}],"curies":[{"name":"wp","href":"https:\/\/api.w.org\/{rel}","templated":true}]}}