{"id":722541,"date":"2025-08-27T19:05:47","date_gmt":"2025-08-27T16:05:47","guid":{"rendered":"https:\/\/roveyayinevi.com.tr\/index.php\/urun\/ticaret-ve-kur-savaslari-kuresel-ekonomik-politige-yansimalari\/"},"modified":"2026-04-16T02:30:33","modified_gmt":"2026-04-15T23:30:33","slug":"ticaret-ve-kur-savaslari-kuresel-ekonomik-politige-yansimalari","status":"publish","type":"product","link":"https:\/\/roveyayinevi.com.tr\/index.php\/urun\/ticaret-ve-kur-savaslari-kuresel-ekonomik-politige-yansimalari\/","title":{"rendered":"Ticaret ve Kur Sava\u015flar\u0131 K\u00fcresel Ekonomik Politi\u011fe Yans\u0131malar\u0131"},"content":{"rendered":"<p>&#8220;Ticaret ve Kur Sava\u015flar\u0131: K\u00fcresel Ekonomik Politi\u011fe Yans\u0131malar\u0131\u201d adl\u0131 bu kitap, g\u00fcn\u00fcm\u00fcz\u00fcn \u00fcretim ve ticaret meselelerine, \u00fclkeler aras\u0131ndaki de\u011fi\u015fen g\u00fc\u00e7 dengelerine y\u00f6nelik \u00e7ok y\u00f6nl\u00fc akademik ara\u015ft\u0131rmalardan olu\u015fmaktad\u0131r. Kitab\u0131nher bir b\u00f6l\u00fcm\u00fc, \u00fcretime ve ticarete ili\u015fkin ayr\u0131 bir unsuru izah etmekle beraber, on iki b\u00f6l\u00fcmden olu\u015fan bu kitap, ticaret ve kur sava\u015flar\u0131n\u0131 neden sonu\u00e7 ili\u015fkileri  bak\u0131m\u0131ndan sistematik olarak a\u00e7\u0131klamaktad\u0131r. K\u00fcresel iktisadi sistem ve yap\u0131lar\u0131, k\u00fcresel \u00fcretim ve ticaret ili\u015fkileri, mevcut ticaret ve kur sava\u015flar\u0131n\u0131n bu ili\u015fkilere yans\u0131malar\u0131, cari a\u00e7\u0131\u011f\u0131n s\u00fcrd\u00fcr\u00fclebilirli\u011fi meselesi, istihdam bak\u0131m\u0131ndan ticaret gerilimlerinin incelenmesi, \u00e7e\u015fitli \u00fclke ve bloklar bak\u0131m\u0131ndan de\u011ferlendirmeler ve d\u00fcnya ekonomisinde \u00e7ok kutupluluk aray\u0131\u015flar\u0131, T\u00fcrkiye\u2019nin k\u00fcresel ekonomi-deki konumu ve gelece\u011fe y\u00f6nelik \u00e7\u0131karsamalar ile politika \u00f6nerileri kitapta bir arada sunulmaktad\u0131r.T\u00fcrkiye ekonomisinin halihaz\u0131rdaki sorunlar\u0131n\u0131n \u00fcstesinden gelinebilmesi,iktisadi ve sosyal g\u00f6stergelerinin topyek\u00fbn iyile\u015ftirilebilmesi hem m\u00fczmin hem de g\u00fcncel meselelere dair \u00e7ok y\u00f6nl\u00fc akademik ara\u015ft\u0131rmalar ile m\u00fcmk\u00fcn olabile-cektir. Dolay\u0131s\u0131yla bu kitap ve bunun gibi akademik ara\u015ft\u0131rmalar\u0131n nitelikli biri- kimi, daha iyiye ula\u015fabilece\u011fimize y\u00f6nelik iyimserli\u011fimizi art\u0131rmaktad\u0131r.<\/p>\n","protected":false},"excerpt":{"rendered":"<p>&#8220;Ticaret ve Kur Sava\u015flar\u0131: K\u00fcresel Ekonomik Politi\u011fe Yans\u0131malar\u0131\u201d adl\u0131 bu kitap, g\u00fcn\u00fcm\u00fcz\u00fcn \u00fcretim ve ticaret meselelerine, \u00fclkeler aras\u0131ndaki de\u011fi\u015fen g\u00fc\u00e7 dengelerine y\u00f6nelik \u00e7ok y\u00f6nl\u00fc akademik ara\u015ft\u0131rmalardan<span class=\"excerpt-hellip\"> [\u2026]<\/span><\/p>\n","protected":false},"featured_media":0,"template":"","meta":{"_monsterinsights_skip_tracking":false,"_monsterinsights_sitenote_active":false,"_monsterinsights_sitenote_note":"","_monsterinsights_sitenote_category":0},"product_brand":[],"product_cat":[13044,13043],"product_tag":[],"class_list":{"0":"post-722541","1":"product","2":"type-product","3":"status-publish","5":"product_cat-dunya-ekonomisi","6":"product_cat-ekonomi","7":"pa_cilt-ciltsiz","8":"pa_tur-kitap","9":"pa_yayinevi-gazi-kitabevi","10":"pa_yazar-murat-cetinkaya-gonul-muratoglu","12":"first","13":"instock","14":"sale","15":"shipping-taxable","16":"purchasable","17":"product-type-simple"},"_links":{"self":[{"href":"https:\/\/roveyayinevi.com.tr\/index.php\/wp-json\/wp\/v2\/product\/722541","targetHints":{"allow":["GET"]}}],"collection":[{"href":"https:\/\/roveyayinevi.com.tr\/index.php\/wp-json\/wp\/v2\/product"}],"about":[{"href":"https:\/\/roveyayinevi.com.tr\/index.php\/wp-json\/wp\/v2\/types\/product"}],"wp:attachment":[{"href":"https:\/\/roveyayinevi.com.tr\/index.php\/wp-json\/wp\/v2\/media?parent=722541"}],"wp:term":[{"taxonomy":"product_brand","embeddable":true,"href":"https:\/\/roveyayinevi.com.tr\/index.php\/wp-json\/wp\/v2\/product_brand?post=722541"},{"taxonomy":"product_cat","embeddable":true,"href":"https:\/\/roveyayinevi.com.tr\/index.php\/wp-json\/wp\/v2\/product_cat?post=722541"},{"taxonomy":"product_tag","embeddable":true,"href":"https:\/\/roveyayinevi.com.tr\/index.php\/wp-json\/wp\/v2\/product_tag?post=722541"}],"curies":[{"name":"wp","href":"https:\/\/api.w.org\/{rel}","templated":true}]}}