{"id":722540,"date":"2025-08-27T19:05:47","date_gmt":"2025-08-27T16:05:47","guid":{"rendered":"https:\/\/roveyayinevi.com.tr\/index.php\/urun\/turkiyede-saglik-yonetimi\/"},"modified":"2026-04-16T02:30:33","modified_gmt":"2026-04-15T23:30:33","slug":"turkiyede-saglik-yonetimi","status":"publish","type":"product","link":"https:\/\/roveyayinevi.com.tr\/index.php\/urun\/turkiyede-saglik-yonetimi\/","title":{"rendered":"T\u00fcrkiye&#8217;de Sa\u011fl\u0131k Y\u00f6netimi"},"content":{"rendered":"<p>Yirmibirinci y\u00fczy\u0131l, elbette yeni bir zaman olarak nitelendirilebilir. Ancak sadece zaman dizinsel olarak d\u00f6n\u00fcm noktas\u0131 de\u011fil ayn\u0131 zamanda \u00f6nceki y\u00fczy\u0131lda ba\u015flayan paradigma de\u011fi\u015fimlerinin ileri a\u015famalar\u0131n\u0131 da olu\u015fturmaya adayd\u0131r. \u00c7\u00fcnk\u00fc insan hayat\u0131nda bir\u00e7ok \u015fey, \u00fcstelik h\u0131zla de\u011fi\u015fmektedir. Teknolojide ya\u015fanan geli\u015fmeler; bilgi ve ileti\u015fim sekt\u00f6r\u00fc \u00fczerinden d\u00fcnyan\u0131n her bir yerine ula\u015f\u0131lmas\u0131n\u0131 sa\u011flarken, ayn\u0131 zamanda toplum ad\u0131na faydal\u0131 olan politikalar\u0131n, uygulamalar\u0131n yayg\u0131nla\u015fmas\u0131na hizmet etmektedir. Gayet tabii olarak her de\u011fi\u015fim bir geli\u015fme olarak nitelendirilemez. Bilinen, pek \u00e7ok alan ve sekt\u00f6rde oldu\u011fu gibi sa\u011fl\u0131k hizmetlerinin de ya\u015fanan bu geli\u015fmeler kar\u015f\u0131s\u0131nda nasibini ald\u0131\u011f\u0131d\u0131r. \u0130nsan sa\u011fl\u0131\u011f\u0131n\u0131 koruyucu, tedavi edici geli\u015fmelerle birlikte teknoloji ba\u011f\u0131ml\u0131l\u0131\u011f\u0131 ve hatta sigara paketi olumsuz \u00f6rne\u011fi ak\u0131lda tutulacak olursa t\u00fct\u00fcnle m\u00fccadele kapsam\u0131nda al\u0131nmas\u0131 gereken \u00f6nlemler murad\u0131n beyan\u0131d\u0131r. Muhteviyat\u0131 itibariyle sa\u011fl\u0131k hizmetleri kompleks bir yap\u0131dad\u0131r. S\u00f6z konusu yap\u0131da yapmak istedi\u011fimiz herhangi bir de\u011fi\u015fiklik sistemin tamam\u0131na etki etmekte; bu durum, sa\u011fl\u0131\u011f\u0131n insan hayat\u0131n\u0131n vazge\u00e7ilmez \u00f6\u011fesi olarak onu \u00f6nemli bir noktaya getirmektedir. Sa\u011fl\u0131k hizmetlerinin kapsay\u0131c\u0131 ve evrensel olmas\u0131 bundan yararlanmak isteyen vatanda\u015flar\u0131n hizmetlere eri\u015fmesi \u00f6nemli bir olgudur. Hizmetlerin s\u00fcreklili\u011fi, sa\u011fl\u0131k hizmetlerinin kullan\u0131m\u0131, vatanda\u015flar\u0131n memnuniyeti, ortalama ya\u015fam s\u00fcresinin uzamas\u0131 gibi fakt\u00f6rler sa\u011fl\u0131k hizmetlerinin kalitesinin \u00f6l\u00e7\u00fclmesi gibi k\u0131staslar uygulanan politikalar\u0131n da ba\u015far\u0131s\u0131n\u0131 g\u00f6stermektedir. T\u00fcrkiye\u2019de sa\u011fl\u0131k hizmetlerinin tarihsel geli\u015fimi a\u00e7\u0131s\u0131ndan ilerlemeler ya\u015fand\u0131\u011f\u0131 su g\u00f6t\u00fcrmez bir ger\u00e7ekliktir. Ancak T\u00fcrkiye\u2019de sa\u011fl\u0131k hizmetlerinde yap\u0131lmak istenen politika de\u011fi\u015fiklikleri zaman zaman kesintiye u\u011fram\u0131\u015ft\u0131r. Sa\u011fl\u0131k hizmetlerinde yap\u0131lmak istenen reform giri\u015fimleri hem ekonomik hem de siyasi nedenler dolay\u0131s\u0131yla bir t\u00fcrl\u00fc ger\u00e7ekle\u015ftirilememi\u015ftir. \u0130kibinli y\u0131llarla birlikte sa\u011fl\u0131k alan\u0131nda ya\u015fanan geli\u015fmelerse yeni bir politika penceresini a\u00e7may\u0131 gerekli k\u0131lm\u0131\u015f ve buna uygun ad\u0131mlar\u0131n at\u0131lmas\u0131n\u0131 gerektirmi\u015ftir. Sa\u011fl\u0131k alan\u0131nda ya\u015fanan gerek teknolojik geli\u015fmeler gerekse insan unsuruna yap\u0131lan yat\u0131r\u0131mlar hizmetleri ileri bir boyuta ta\u015f\u0131m\u0131\u015ft\u0131r. Her politika alan\u0131nda oldu\u011fu gibi var olan eksiklikleri kapatmaya d\u00f6n\u00fck giri\u015fimler sa\u011fl\u0131k alan\u0131nda da devam etmektedir. Sa\u011fl\u0131k hizmetlerinden beklenen \u015fey \u00e7a\u011f\u0131m\u0131z\u0131n de\u011fi\u015fen ko\u015fullar\u0131 kar\u015f\u0131s\u0131nda vatanda\u015flar\u0131m\u0131za daha kaliteli bir sa\u011fl\u0131k hizmetinin sunulmas\u0131d\u0131r. Bu u\u011furda T\u00fcrkiye\u2019de Sa\u011fl\u0131kta D\u00f6n\u00fc\u015f\u00fcm Program\u0131 ba\u015fta olmak \u00fczere bir dizi reform \u00e7al\u0131\u015fmalar\u0131 ba\u015flat\u0131lm\u0131\u015ft\u0131r. Reformlar sonras\u0131 sa\u011fl\u0131k hizmetlerinin hem \u00f6rg\u00fctsel yap\u0131s\u0131nda hem de i\u015fleyi\u015finde \u00f6nemli de\u011fi\u015fiklikler olmu\u015ftur. En b\u00fcy\u00fck payda\u015f olarak Sa\u011fl\u0131k Bakanl\u0131\u011f\u0131m\u0131z\u0131n y\u00fcr\u00fctt\u00fc\u011f\u00fc politikalar\u0131n alandaki di\u011fer akt\u00f6rler taraf\u0131ndan benimsenmesi reformlar\u0131n uygulanmas\u0131n\u0131 kolayla\u015ft\u0131rm\u0131\u015ft\u0131r. \u0130\u015fte bu kitap i\u00e7erik itibariyle sa\u011fl\u0131k hizmetlerine y\u00f6nelik b\u00fct\u00fcnc\u00fcl bir bak\u0131\u015f a\u00e7\u0131s\u0131 sergilemektedir. Birbirinden de\u011ferli yazarlar\u0131n kaleme ald\u0131\u011f\u0131 b\u00f6l\u00fcmlerde zann\u0131mca sa\u011fl\u0131k hizmetlerine y\u00f6nelik kapsaml\u0131 bir \u00e7al\u0131\u015fma ortaya \u00e7\u0131kt\u0131\u011f\u0131n\u0131 s\u00f6ylemek bir ger\u00e7e\u011fin ifadesi olacakt\u0131r. Sa\u011fl\u0131k alan\u0131na y\u00f6nelik \u00f6nemli bir ihtiyac\u0131 kar\u015f\u0131layan bu \u00e7al\u0131\u015fma, umal\u0131m ki yararlanmak isteyenlerin ba\u015fucu kitab\u0131 olarak \u00f6nemli bir kaynak olsun.<\/p>\n","protected":false},"excerpt":{"rendered":"<p>Yirmibirinci y\u00fczy\u0131l, elbette yeni bir zaman olarak nitelendirilebilir. Ancak sadece zaman dizinsel olarak d\u00f6n\u00fcm noktas\u0131 de\u011fil ayn\u0131 zamanda \u00f6nceki y\u00fczy\u0131lda ba\u015flayan paradigma de\u011fi\u015fimlerinin ileri a\u015famalar\u0131n\u0131 da<span class=\"excerpt-hellip\"> [\u2026]<\/span><\/p>\n","protected":false},"featured_media":0,"template":"","meta":{"_monsterinsights_skip_tracking":false,"_monsterinsights_sitenote_active":false,"_monsterinsights_sitenote_note":"","_monsterinsights_sitenote_category":0},"product_brand":[],"product_cat":[13366,13365],"product_tag":[],"class_list":{"0":"post-722540","1":"product","2":"type-product","3":"status-publish","5":"product_cat-diger-saglik","6":"product_cat-saglik","7":"pa_cilt-ciltsiz","8":"pa_tur-kitap","9":"pa_yayinevi-gazi-kitabevi","10":"pa_yazar-tekin-avaner-recep-fedai","12":"first","13":"instock","14":"sale","15":"shipping-taxable","16":"purchasable","17":"product-type-simple"},"_links":{"self":[{"href":"https:\/\/roveyayinevi.com.tr\/index.php\/wp-json\/wp\/v2\/product\/722540","targetHints":{"allow":["GET"]}}],"collection":[{"href":"https:\/\/roveyayinevi.com.tr\/index.php\/wp-json\/wp\/v2\/product"}],"about":[{"href":"https:\/\/roveyayinevi.com.tr\/index.php\/wp-json\/wp\/v2\/types\/product"}],"wp:attachment":[{"href":"https:\/\/roveyayinevi.com.tr\/index.php\/wp-json\/wp\/v2\/media?parent=722540"}],"wp:term":[{"taxonomy":"product_brand","embeddable":true,"href":"https:\/\/roveyayinevi.com.tr\/index.php\/wp-json\/wp\/v2\/product_brand?post=722540"},{"taxonomy":"product_cat","embeddable":true,"href":"https:\/\/roveyayinevi.com.tr\/index.php\/wp-json\/wp\/v2\/product_cat?post=722540"},{"taxonomy":"product_tag","embeddable":true,"href":"https:\/\/roveyayinevi.com.tr\/index.php\/wp-json\/wp\/v2\/product_tag?post=722540"}],"curies":[{"name":"wp","href":"https:\/\/api.w.org\/{rel}","templated":true}]}}