{"id":722538,"date":"2025-08-27T19:05:45","date_gmt":"2025-08-27T16:05:45","guid":{"rendered":"https:\/\/roveyayinevi.com.tr\/index.php\/urun\/meta-tematik-analiz-ornek-uygulamalar\/"},"modified":"2026-04-16T02:30:33","modified_gmt":"2026-04-15T23:30:33","slug":"meta-tematik-analiz-ornek-uygulamalar","status":"publish","type":"product","link":"https:\/\/roveyayinevi.com.tr\/index.php\/urun\/meta-tematik-analiz-ornek-uygulamalar\/","title":{"rendered":"Meta &#8211; Tematik Analiz \u00d6rnek Uygulamalar"},"content":{"rendered":"<p>Rehber niteli\u011finde haz\u0131rlanm\u0131\u015f bu kitapta, meta-tematik analizin detayl\u0131 felsef\u00ee ve kuramsal boyutu, alanyaz\u0131ndaki di\u011fer kavramlarla kar\u015f\u0131la\u015ft\u0131r\u0131lmas\u0131 ve ulusal ve uluslararas\u0131 boyuttaki \u00f6nemine de\u011finilmi\u015ftir. Kitapta ayr\u0131ca ba\u015f\u0131ndan sonuna kadar bir meta-tematik analizin nas\u0131l yap\u0131ld\u0131\u011f\u0131 a\u015famalarla a\u00e7\u0131klanarak \u00f6rnek bir uygulamaya yer verilmesi, analizin di\u011fer ara\u015ft\u0131rmac\u0131lar taraf\u0131ndan yap\u0131lmas\u0131n\u0131 kolayla\u015ft\u0131racakt\u0131r. Meta-tematik analizin a\u00e7\u0131k ve net anla\u015f\u0131lmas\u0131n\u0131 sa\u011flamak i\u00e7in kitap m\u00fcstakil b\u00f6l\u00fcmler \u015feklinde detayland\u0131r\u0131lm\u0131\u015ft\u0131r. \u00d6ncelikle meta-tematik analizin tan\u0131t\u0131m\u0131, a\u015famalar\u0131 ve \u00f6rnek uygulamas\u0131n\u0131 i\u00e7eren I. B\u00f6l\u00fcm, ard\u0131ndan meta-tematik analizde dok\u00fcman incelemesinin nas\u0131l yap\u0131ld\u0131\u011f\u0131n\u0131 anlatan II. B\u00f6l\u00fcm, sonra meta-tematik analiz kapsam\u0131nda y\u00fcr\u00fct\u00fclm\u00fc\u015f ulusal \u00e7al\u0131\u015fmalara de\u011finen III. B\u00f6l\u00fcm ve son olarak meta-tematik analizi destekleyen uluslararas\u0131 \u00e7al\u0131\u015fmalardan bahseden IV. B\u00f6l\u00fcm yer almaktad\u0131r.<\/p>\n","protected":false},"excerpt":{"rendered":"<p>Rehber niteli\u011finde haz\u0131rlanm\u0131\u015f bu kitapta, meta-tematik analizin detayl\u0131 felsef\u00ee ve kuramsal boyutu, alanyaz\u0131ndaki di\u011fer kavramlarla kar\u015f\u0131la\u015ft\u0131r\u0131lmas\u0131 ve ulusal ve uluslararas\u0131 boyuttaki \u00f6nemine de\u011finilmi\u015ftir. Kitapta ayr\u0131ca ba\u015f\u0131ndan<span class=\"excerpt-hellip\"> [\u2026]<\/span><\/p>\n","protected":false},"featured_media":0,"template":"","meta":{"_monsterinsights_skip_tracking":false,"_monsterinsights_sitenote_active":false,"_monsterinsights_sitenote_note":"","_monsterinsights_sitenote_category":0},"product_brand":[],"product_cat":[12573,12566],"product_tag":[],"class_list":{"0":"post-722538","1":"product","2":"type-product","3":"status-publish","5":"product_cat-akademik-kitaplar","6":"product_cat-egitim","7":"pa_cilt-ciltsiz","8":"pa_tur-kitap","9":"pa_yayinevi-ani-yayincilik","10":"pa_yazar-kolektif","12":"first","13":"instock","14":"sale","15":"shipping-taxable","16":"purchasable","17":"product-type-simple"},"_links":{"self":[{"href":"https:\/\/roveyayinevi.com.tr\/index.php\/wp-json\/wp\/v2\/product\/722538","targetHints":{"allow":["GET"]}}],"collection":[{"href":"https:\/\/roveyayinevi.com.tr\/index.php\/wp-json\/wp\/v2\/product"}],"about":[{"href":"https:\/\/roveyayinevi.com.tr\/index.php\/wp-json\/wp\/v2\/types\/product"}],"wp:attachment":[{"href":"https:\/\/roveyayinevi.com.tr\/index.php\/wp-json\/wp\/v2\/media?parent=722538"}],"wp:term":[{"taxonomy":"product_brand","embeddable":true,"href":"https:\/\/roveyayinevi.com.tr\/index.php\/wp-json\/wp\/v2\/product_brand?post=722538"},{"taxonomy":"product_cat","embeddable":true,"href":"https:\/\/roveyayinevi.com.tr\/index.php\/wp-json\/wp\/v2\/product_cat?post=722538"},{"taxonomy":"product_tag","embeddable":true,"href":"https:\/\/roveyayinevi.com.tr\/index.php\/wp-json\/wp\/v2\/product_tag?post=722538"}],"curies":[{"name":"wp","href":"https:\/\/api.w.org\/{rel}","templated":true}]}}