{"id":722537,"date":"2025-08-27T19:05:45","date_gmt":"2025-08-27T16:05:45","guid":{"rendered":"https:\/\/roveyayinevi.com.tr\/index.php\/urun\/ogrenme-gucluklerinde-degerlendirme-ve-mudahale\/"},"modified":"2026-04-16T02:30:33","modified_gmt":"2026-04-15T23:30:33","slug":"ogrenme-gucluklerinde-degerlendirme-ve-mudahale","status":"publish","type":"product","link":"https:\/\/roveyayinevi.com.tr\/index.php\/urun\/ogrenme-gucluklerinde-degerlendirme-ve-mudahale\/","title":{"rendered":"\u00d6\u011frenme G\u00fc\u00e7l\u00fcklerinde De\u011ferlendirme Ve M\u00fcdahale"},"content":{"rendered":"<p>Son y\u0131llarda \u00fclkemizde ve d\u00fcnyada \u00f6\u011frenme g\u00fc\u00e7l\u00fc\u011f\u00fcne ili\u015fkin fark\u0131ndal\u0131\u011f\u0131n giderek artt\u0131\u011f\u0131 g\u00f6r\u00fclmektedir. Ara\u015ft\u0131rmalar \u00f6\u011frenme g\u00fc\u00e7l\u00fc\u011f\u00fc riski ta\u015f\u0131yan \u00f6\u011frencilerin, hen\u00fcz okula ba\u015flamadan, erken \u00e7ocukluk d\u00f6neminde belirlenerek desteklendiklerinde b\u00fcy\u00fck ilerlemeler kaydettiklerini g\u00f6stermektedir. Yine okul d\u00f6neminde \u00f6\u011frenme g\u00fc\u00e7l\u00fcklerine y\u00f6nelik olarak yap\u0131lan kan\u0131ta dayal\u0131 m\u00fcdahaleler \u00f6\u011frenme g\u00fc\u00e7l\u00fc\u011f\u00fc olan \u00f6\u011frencilerin ya\u015fad\u0131klar\u0131 g\u00fc\u00e7l\u00fcklerin azalt\u0131lmas\u0131nda olduk\u00e7a etkilidir. \u00d6\u011frenme g\u00fc\u00e7l\u00fc\u011f\u00fc olan \u00f6\u011frencilere ve ailelerine sunulan destekler bu \u00f6\u011frenciler ve aileleri i\u00e7in b\u00fcy\u00fck \u00f6nem ta\u015f\u0131maktad\u0131r.  Bu kitapta \u00f6\u011frenme g\u00fc\u00e7l\u00fc\u011f\u00fc olan \u00f6\u011frencilerin genel \u00f6zellikleri, \u00f6\u011frenme g\u00fc\u00e7l\u00fc\u011f\u00fc t\u00fcrleri, \u00f6\u011frenme g\u00fc\u00e7l\u00fc\u011f\u00fc olan \u00f6\u011frencilerin g\u00fc\u00e7l\u00fck ya\u015fad\u0131klar\u0131 becerilerin de\u011ferlendirilmesi ve desteklenmesine ili\u015fkin uygulamalar, aile kat\u0131l\u0131m\u0131 ve yasal haklarla ilgili bilgiler yer almaktad\u0131r. Kitab\u0131n e\u011fitim fak\u00fcltesi \u00f6\u011frencileri ile \u00f6\u011frenme g\u00fc\u00e7l\u00fc\u011f\u00fc olan \u00f6\u011frencilerle \u00e7al\u0131\u015fan e\u011fitimcilere kaynak te\u015fkil etmesi beklenmektedir.<\/p>\n","protected":false},"excerpt":{"rendered":"<p>Son y\u0131llarda \u00fclkemizde ve d\u00fcnyada \u00f6\u011frenme g\u00fc\u00e7l\u00fc\u011f\u00fcne ili\u015fkin fark\u0131ndal\u0131\u011f\u0131n giderek artt\u0131\u011f\u0131 g\u00f6r\u00fclmektedir. Ara\u015ft\u0131rmalar \u00f6\u011frenme g\u00fc\u00e7l\u00fc\u011f\u00fc riski ta\u015f\u0131yan \u00f6\u011frencilerin, hen\u00fcz okula ba\u015flamadan, erken \u00e7ocukluk d\u00f6neminde belirlenerek desteklendiklerinde<span class=\"excerpt-hellip\"> [\u2026]<\/span><\/p>\n","protected":false},"featured_media":0,"template":"","meta":{"_monsterinsights_skip_tracking":false,"_monsterinsights_sitenote_active":false,"_monsterinsights_sitenote_note":"","_monsterinsights_sitenote_category":0},"product_brand":[],"product_cat":[12573,12566],"product_tag":[],"class_list":{"0":"post-722537","1":"product","2":"type-product","3":"status-publish","5":"product_cat-akademik-kitaplar","6":"product_cat-egitim","7":"pa_cilt-ciltsiz","8":"pa_tur-kitap","9":"pa_yayinevi-ani-yayincilik","10":"pa_yazar-kolektif","12":"first","13":"instock","14":"sale","15":"shipping-taxable","16":"purchasable","17":"product-type-simple"},"_links":{"self":[{"href":"https:\/\/roveyayinevi.com.tr\/index.php\/wp-json\/wp\/v2\/product\/722537","targetHints":{"allow":["GET"]}}],"collection":[{"href":"https:\/\/roveyayinevi.com.tr\/index.php\/wp-json\/wp\/v2\/product"}],"about":[{"href":"https:\/\/roveyayinevi.com.tr\/index.php\/wp-json\/wp\/v2\/types\/product"}],"wp:attachment":[{"href":"https:\/\/roveyayinevi.com.tr\/index.php\/wp-json\/wp\/v2\/media?parent=722537"}],"wp:term":[{"taxonomy":"product_brand","embeddable":true,"href":"https:\/\/roveyayinevi.com.tr\/index.php\/wp-json\/wp\/v2\/product_brand?post=722537"},{"taxonomy":"product_cat","embeddable":true,"href":"https:\/\/roveyayinevi.com.tr\/index.php\/wp-json\/wp\/v2\/product_cat?post=722537"},{"taxonomy":"product_tag","embeddable":true,"href":"https:\/\/roveyayinevi.com.tr\/index.php\/wp-json\/wp\/v2\/product_tag?post=722537"}],"curies":[{"name":"wp","href":"https:\/\/api.w.org\/{rel}","templated":true}]}}