{"id":722536,"date":"2025-08-27T19:05:44","date_gmt":"2025-08-27T16:05:44","guid":{"rendered":"https:\/\/roveyayinevi.com.tr\/index.php\/urun\/matematik-ogretiminin-temelleri-ortaokul\/"},"modified":"2026-04-16T02:30:32","modified_gmt":"2026-04-15T23:30:32","slug":"matematik-ogretiminin-temelleri-ortaokul","status":"publish","type":"product","link":"https:\/\/roveyayinevi.com.tr\/index.php\/urun\/matematik-ogretiminin-temelleri-ortaokul\/","title":{"rendered":"Matematik \u00d6\u011fretiminin Temelleri: Ortaokul"},"content":{"rendered":"<p>Bu kitap matematik \u00f6\u011frenme ve \u00f6\u011fretme s\u00fcrecinde bir rehber olmas\u0131 niteli\u011finde olup \u00f6\u011fretmen adaylar\u0131, \u00f6\u011fretmenler ve matematik e\u011fitimcileri i\u00e7in haz\u0131rlanm\u0131\u015ft\u0131r. Ge\u00e7mi\u015ften g\u00fcn\u00fcm\u00fcze g\u00fcncellenen matematik \u00f6\u011fretim programlar\u0131n\u0131n en \u00f6nemli ama\u00e7lar\u0131ndan bir tanesi, matematiksel kavramlar\u0131 \u00f6\u011frenenler i\u00e7in anlaml\u0131 bir hale getirme yolunda \u00f6\u011fretmenlere s\u0131n\u0131f d\u00fczeyine g\u00f6re gerekli ve \u00f6nemli standartlar\u0131n belirlenmesi ve uygulanmas\u0131d\u0131r. Uluslararas\u0131 (TIMMS ve PISA) d\u00fczeyde yap\u0131lan ara\u015ft\u0131rmalarla beraber ulusal d\u00fczeyde yap\u0131lan (liseye ge\u00e7i\u015f, y\u00fcksek\u00f6\u011frenime ge\u00e7i\u015f) s\u0131navlar, \u00f6\u011frencilerin matematiksel becerilerinin beklenilen ve istenilen d\u00fczeye \u00e7\u0131kar\u0131lmas\u0131nda \u00f6\u011fretmenlerin rol\u00fcn\u00fcn ve \u00f6\u011fretmen adaylar\u0131n\u0131 yeti\u015ftirme s\u00fcrecinin ne kadar \u00f6nemli oldu\u011funu vurgulamaktad\u0131r. \u00d6\u011fretmen yeti\u015ftirme s\u00fcrecinden adaylar\u0131n matematik \u00f6\u011frenme ve \u00f6\u011fretme s\u00fcrecinde kar\u015f\u0131la\u015facaklar\u0131 \u00f6\u011frenme g\u00fc\u00e7l\u00fcklerine kadar nitelikli bireylerin yeti\u015ftirilmesinde \u00f6\u011fretmen e\u011fitimi \u00e7ok \u00f6nemli bir rol\u00fc \u00fcstlenmektedir. Bu sebeple bu kitab\u0131n \u00fc\u00e7 temel amac\u0131 bulunmaktad\u0131r: \u00d6\u011fretilecek matematik kavramlar\u0131na ili\u015fkin teorik \u00e7er\u00e7eveyi sunmak Derslerde kullan\u0131labilecek etkinlikler olu\u015fturulmas\u0131n\u0131 sa\u011flamak \u00d6\u011frenme-\u00f6\u011fretme s\u00fcrecinde kar\u015f\u0131la\u015f\u0131labilecekleri kavram yan\u0131lg\u0131lar\u0131 ve \u00f6\u011frenci hata t\u00fcrlerine yo\u011funla\u015fmak Bu ama\u00e7 do\u011frultunda ortaokulda matematik \u00f6\u011fretimi kitab\u0131nda yer alan her b\u00f6l\u00fcm, 4 temel bile\u015fen \u00fczerine kurulmu\u015ftur: Konu kapsam\u0131nda kuramsal \u00e7er\u00e7evenin sunulmas\u0131 Bu konunun hangi d\u00fczeyde nas\u0131l \u00f6\u011fretilmesi gerekti\u011finin sunulmas\u0131 \u00c7arp\u0131c\u0131 ilgi \u00e7ekici etkinlikler ve sorular\u0131n yer almas\u0131 \u00d6\u011fretmen aday\u0131 boyutunda ise gelecekte \u00f6\u011fretmen olduklar\u0131nda \u00f6\u011fretecekleri kavramlarda kar\u015f\u0131la\u015f\u0131labilecek \u00f6\u011frenci hatalar\u0131 ve bu hata tiplerinin, sorular ve\/veya senaryolar \u00fczerinden g\u00f6sterilmesi.<\/p>\n","protected":false},"excerpt":{"rendered":"<p>Bu kitap matematik \u00f6\u011frenme ve \u00f6\u011fretme s\u00fcrecinde bir rehber olmas\u0131 niteli\u011finde olup \u00f6\u011fretmen adaylar\u0131, \u00f6\u011fretmenler ve matematik e\u011fitimcileri i\u00e7in haz\u0131rlanm\u0131\u015ft\u0131r. Ge\u00e7mi\u015ften g\u00fcn\u00fcm\u00fcze g\u00fcncellenen matematik \u00f6\u011fretim programlar\u0131n\u0131n<span class=\"excerpt-hellip\"> [\u2026]<\/span><\/p>\n","protected":false},"featured_media":0,"template":"","meta":{"_monsterinsights_skip_tracking":false,"_monsterinsights_sitenote_active":false,"_monsterinsights_sitenote_note":"","_monsterinsights_sitenote_category":0},"product_brand":[],"product_cat":[12573,12566],"product_tag":[],"class_list":{"0":"post-722536","1":"product","2":"type-product","3":"status-publish","5":"product_cat-akademik-kitaplar","6":"product_cat-egitim","7":"pa_cilt-ciltsiz","8":"pa_tur-kitap","9":"pa_yayinevi-ani-yayincilik","10":"pa_yazar-kolektif","12":"first","13":"instock","14":"sale","15":"shipping-taxable","16":"purchasable","17":"product-type-simple"},"_links":{"self":[{"href":"https:\/\/roveyayinevi.com.tr\/index.php\/wp-json\/wp\/v2\/product\/722536","targetHints":{"allow":["GET"]}}],"collection":[{"href":"https:\/\/roveyayinevi.com.tr\/index.php\/wp-json\/wp\/v2\/product"}],"about":[{"href":"https:\/\/roveyayinevi.com.tr\/index.php\/wp-json\/wp\/v2\/types\/product"}],"wp:attachment":[{"href":"https:\/\/roveyayinevi.com.tr\/index.php\/wp-json\/wp\/v2\/media?parent=722536"}],"wp:term":[{"taxonomy":"product_brand","embeddable":true,"href":"https:\/\/roveyayinevi.com.tr\/index.php\/wp-json\/wp\/v2\/product_brand?post=722536"},{"taxonomy":"product_cat","embeddable":true,"href":"https:\/\/roveyayinevi.com.tr\/index.php\/wp-json\/wp\/v2\/product_cat?post=722536"},{"taxonomy":"product_tag","embeddable":true,"href":"https:\/\/roveyayinevi.com.tr\/index.php\/wp-json\/wp\/v2\/product_tag?post=722536"}],"curies":[{"name":"wp","href":"https:\/\/api.w.org\/{rel}","templated":true}]}}