{"id":722535,"date":"2025-08-27T19:05:44","date_gmt":"2025-08-27T16:05:44","guid":{"rendered":"https:\/\/roveyayinevi.com.tr\/index.php\/urun\/tarih-yaziciliginda-yeni-bakis-acilari\/"},"modified":"2026-04-16T02:30:32","modified_gmt":"2026-04-15T23:30:32","slug":"tarih-yaziciliginda-yeni-bakis-acilari","status":"publish","type":"product","link":"https:\/\/roveyayinevi.com.tr\/index.php\/urun\/tarih-yaziciliginda-yeni-bakis-acilari\/","title":{"rendered":"Tarih Yaz\u0131c\u0131l\u0131\u011f\u0131nda Yeni Bak\u0131\u015f A\u00e7\u0131lar\u0131"},"content":{"rendered":"<p>\u201cTarih Yaz\u0131c\u0131l\u0131\u011f\u0131nda Yeni Bak\u0131\u015f A\u00e7\u0131lar\u0131\u201d, yay\u0131mland\u0131\u011f\u0131 y\u0131llarda b\u00fcy\u00fck be\u011feni kazanm\u0131\u015f, \u00f6nc\u00fc bir eser. Y\u0131llar i\u00e7inde tarih biliminin farkl\u0131 alt disiplinleriyle ilgili yeni makalelerle zenginle\u015ftirilen \u201cTarih Yaz\u0131c\u0131l\u0131\u011f\u0131nda Yeni Bak\u0131\u015f A\u00e7\u0131lar\u0131\u201dn\u0131n son ve en kapsaml\u0131 hali T\u00fcrk\u00e7ede. Peter Burke\u2019\u00fcn \u00f6nc\u00fcl\u00fc\u011f\u00fcnde Robert Darnton, Ivan Gaskell, Richard Grove, Giovanni Levi, Roy Porter, Gwyn Prins, Joan Scott, Jim Sharpe, Richard Tuck ve Henk Wesseling gibi uluslararas\u0131 \u00fcne sahip tarih\u00e7ilerin ayr\u0131 ayr\u0131 makalelerle katk\u0131 sundu\u011fu eser \u201ca\u015fa\u011f\u0131dan tarih\u201d, \u201ckad\u0131n tarihi\u201d, \u201cdeniza\u015f\u0131r\u0131 tarih\u201d, \u201cmikrotarih\u201d, \u201cs\u00f6zl\u00fc tarih\u201d, \u201cokuma tarihi\u201d, \u201cg\u00f6rsel tarih\u201d, \u201csiyasal d\u00fc\u015f\u00fcnce tarihi\u201d, \u201cbeden tarihi\u201d, \u201c\u00e7evre tarihi\u201d gibi birbirini tamamlayan alt ba\u015fl\u0131klardan olu\u015fuyor.             Peter Burke, tarih\u00e7iler i\u00e7in bir temel ba\u015fvuru kayna\u011f\u0131na imza atarken tarih merakl\u0131lar\u0131 i\u00e7in de zengin bir okuma imk\u00e2n\u0131 sunuyor. Tarih Yaz\u0131c\u0131l\u0131\u011f\u0131nda Yeni Bak\u0131\u015f A\u00e7\u0131lar\u0131 s\u0131k\u0131 \u00e7al\u0131\u015fman\u0131n ve bilimsel \u00f6zverinin bir \u00fcr\u00fcn\u00fc oldu\u011fu kadar, her alt ba\u015fl\u0131\u011f\u0131 en do\u011fru tarih\u00e7iye teslim etmesiyle de \u00f6ne \u00e7\u0131k\u0131yor.             Sahan\u0131n \u00f6nemli isimleri taraf\u0131ndan \u201celzem bir ba\u015fvuru kayna\u011f\u0131\u201d olarak g\u00f6sterilen kitap, tarih bilimini ku\u015fat\u0131c\u0131 bir bi\u00e7imde ele almakla kalm\u0131yor, \u00f6teki sos bilimlerin yard\u0131m\u0131na ba\u015fvurup onlara y\u00f6ntem \u00f6nerilerinde bulunuyor.   <\/p>\n","protected":false},"excerpt":{"rendered":"<p>\u201cTarih Yaz\u0131c\u0131l\u0131\u011f\u0131nda Yeni Bak\u0131\u015f A\u00e7\u0131lar\u0131\u201d, yay\u0131mland\u0131\u011f\u0131 y\u0131llarda b\u00fcy\u00fck be\u011feni kazanm\u0131\u015f, \u00f6nc\u00fc bir eser. Y\u0131llar i\u00e7inde tarih biliminin farkl\u0131 alt disiplinleriyle ilgili yeni makalelerle zenginle\u015ftirilen \u201cTarih Yaz\u0131c\u0131l\u0131\u011f\u0131nda<span class=\"excerpt-hellip\"> [\u2026]<\/span><\/p>\n","protected":false},"featured_media":0,"template":"","meta":{"_monsterinsights_skip_tracking":false,"_monsterinsights_sitenote_active":false,"_monsterinsights_sitenote_note":"","_monsterinsights_sitenote_category":0},"product_brand":[],"product_cat":[12312,12304],"product_tag":[],"class_list":{"0":"post-722535","1":"product","2":"type-product","3":"status-publish","5":"product_cat-diger","6":"product_cat-tarih","7":"pa_cilt-ciltsiz","8":"pa_tur-kitap","9":"pa_yayinevi-islik-yayinlari","10":"pa_yazar-peter-burke","12":"first","13":"instock","14":"sale","15":"shipping-taxable","16":"purchasable","17":"product-type-simple"},"_links":{"self":[{"href":"https:\/\/roveyayinevi.com.tr\/index.php\/wp-json\/wp\/v2\/product\/722535","targetHints":{"allow":["GET"]}}],"collection":[{"href":"https:\/\/roveyayinevi.com.tr\/index.php\/wp-json\/wp\/v2\/product"}],"about":[{"href":"https:\/\/roveyayinevi.com.tr\/index.php\/wp-json\/wp\/v2\/types\/product"}],"wp:attachment":[{"href":"https:\/\/roveyayinevi.com.tr\/index.php\/wp-json\/wp\/v2\/media?parent=722535"}],"wp:term":[{"taxonomy":"product_brand","embeddable":true,"href":"https:\/\/roveyayinevi.com.tr\/index.php\/wp-json\/wp\/v2\/product_brand?post=722535"},{"taxonomy":"product_cat","embeddable":true,"href":"https:\/\/roveyayinevi.com.tr\/index.php\/wp-json\/wp\/v2\/product_cat?post=722535"},{"taxonomy":"product_tag","embeddable":true,"href":"https:\/\/roveyayinevi.com.tr\/index.php\/wp-json\/wp\/v2\/product_tag?post=722535"}],"curies":[{"name":"wp","href":"https:\/\/api.w.org\/{rel}","templated":true}]}}