{"id":722531,"date":"2025-08-27T19:05:41","date_gmt":"2025-08-27T16:05:41","guid":{"rendered":"https:\/\/roveyayinevi.com.tr\/index.php\/urun\/dogu-bati-dusunce-dergisi-yil-22-sayi-90\/"},"modified":"2026-04-16T02:30:32","modified_gmt":"2026-04-15T23:30:32","slug":"dogu-bati-dusunce-dergisi-yil-22-sayi-90","status":"publish","type":"product","link":"https:\/\/roveyayinevi.com.tr\/index.php\/urun\/dogu-bati-dusunce-dergisi-yil-22-sayi-90\/","title":{"rendered":"Do\u011fu Bat\u0131 D\u00fc\u015f\u00fcnce Dergisi Y\u0131l: 22 Say\u0131: 90"},"content":{"rendered":"<p>Balkan Tarihyaz\u0131m\u0131Yal\u00e7\u0131n MurgulK\u0131r\u0131m Sava\u015f\u0131 Sonras\u0131nda Osmanl\u0131 \u0130mparatorlu\u011fu\u2019Nda Bulgar Sorunu (1856-1868)G\u00fcne\u015f I\u015f\u0131kselRumeli\u2019Nin \u00dc\u00e7 Halkas\u0131 (1354-1580)Esra \u00d6zs\u00fcerYunan Pop\u00fcler Tarih\u00e7ili\u011finde Osmanl\u0131 Ve \u0130sl\u00e2m KurgusuNecmettin AlkanBalkanlarda \u201cOsmanl\u0131 Bar\u0131\u015f\u0131\u201dNdan \u201cBalkanla\u015fma\u201dYa Osmanl\u0131 Millet Sistemi\u2019Nin \u201cParadoksal\u201d EtkisiMillet Ve Milliyet\u00e7ilikHayri \u00c7aprazRus Panslavizminin Balkan \u0130mtihan\u0131As\u0131m KorkmazBa\u015flang\u0131c\u0131ndan G\u00fcn\u00fcm\u00fcze Gagauz Etnosunun Etnonimi Ve Etnogenezi ProblemiMeryem Batan [Maria Vasilikiotou]&amp; Levent Kayap\u0131narDionisios Solomos Ve Yunan Ulusal Mar\u015f\u0131SiyasetK\u00fcr\u015fat \u00c7\u0131narBalkanlar\u0131n Siyasi Topo\u011frafyas\u0131A\u015fk\u0131n KoyuncuNeuilly Antla\u015fmas\u0131 (27 Kas\u0131m 1919): Bulgaristan\u2019In \u0130kinci B\u00fcy\u00fck FelaketiSinema\u00d6zg\u00fcr Y\u0131lmazkolBalkan Sinemas\u0131\u2019N\u0131n Melankolik Y\u00fcz\u00fc: AngelopoulosS\u00f6yle\u015fiRecai \u00d6zcanFahri Kaya \u0130le Kuzey Makedonya T\u00fcrklerinin K\u00fclt\u00fcr Ve Edebiyat\u0131na Dair Bir S\u00f6yle\u015fiEkonomiHalil Delig\u00f6z &amp; Tekin Avaner\u0130dare K\u00fclt\u00fcr\u00fc, Kriz Ve Reform: Yunanistan \u00d6rne\u011fiEmre G\u00fcne\u015fer Bozda\u011fRosenstein Rodan Ve Yugoslavya Kalk\u0131nmas\u0131<\/p>\n","protected":false},"excerpt":{"rendered":"<p>Balkan Tarihyaz\u0131m\u0131Yal\u00e7\u0131n MurgulK\u0131r\u0131m Sava\u015f\u0131 Sonras\u0131nda Osmanl\u0131 \u0130mparatorlu\u011fu\u2019Nda Bulgar Sorunu (1856-1868)G\u00fcne\u015f I\u015f\u0131kselRumeli\u2019Nin \u00dc\u00e7 Halkas\u0131 (1354-1580)Esra \u00d6zs\u00fcerYunan Pop\u00fcler Tarih\u00e7ili\u011finde Osmanl\u0131 Ve \u0130sl\u00e2m KurgusuNecmettin AlkanBalkanlarda \u201cOsmanl\u0131 Bar\u0131\u015f\u0131\u201dNdan \u201cBalkanla\u015fma\u201dYa Osmanl\u0131<span class=\"excerpt-hellip\"> [\u2026]<\/span><\/p>\n","protected":false},"featured_media":0,"template":"","meta":{"_monsterinsights_skip_tracking":false,"_monsterinsights_sitenote_active":false,"_monsterinsights_sitenote_note":"","_monsterinsights_sitenote_category":0},"product_brand":[],"product_cat":[13527],"product_tag":[],"class_list":{"0":"post-722531","1":"product","2":"type-product","3":"status-publish","5":"product_cat-sureli-yayinlar","6":"pa_cilt-ciltsiz","7":"pa_tur-dergi","8":"pa_yayinevi-dogu-bati-dergileri","9":"pa_yazar-kolektif","11":"first","12":"instock","13":"sale","14":"shipping-taxable","15":"purchasable","16":"product-type-simple"},"_links":{"self":[{"href":"https:\/\/roveyayinevi.com.tr\/index.php\/wp-json\/wp\/v2\/product\/722531","targetHints":{"allow":["GET"]}}],"collection":[{"href":"https:\/\/roveyayinevi.com.tr\/index.php\/wp-json\/wp\/v2\/product"}],"about":[{"href":"https:\/\/roveyayinevi.com.tr\/index.php\/wp-json\/wp\/v2\/types\/product"}],"wp:attachment":[{"href":"https:\/\/roveyayinevi.com.tr\/index.php\/wp-json\/wp\/v2\/media?parent=722531"}],"wp:term":[{"taxonomy":"product_brand","embeddable":true,"href":"https:\/\/roveyayinevi.com.tr\/index.php\/wp-json\/wp\/v2\/product_brand?post=722531"},{"taxonomy":"product_cat","embeddable":true,"href":"https:\/\/roveyayinevi.com.tr\/index.php\/wp-json\/wp\/v2\/product_cat?post=722531"},{"taxonomy":"product_tag","embeddable":true,"href":"https:\/\/roveyayinevi.com.tr\/index.php\/wp-json\/wp\/v2\/product_tag?post=722531"}],"curies":[{"name":"wp","href":"https:\/\/api.w.org\/{rel}","templated":true}]}}