{"id":722530,"date":"2025-08-27T19:05:41","date_gmt":"2025-08-27T16:05:41","guid":{"rendered":"https:\/\/roveyayinevi.com.tr\/index.php\/urun\/cinsel-secilim\/"},"modified":"2025-08-31T16:23:50","modified_gmt":"2025-08-31T13:23:50","slug":"cinsel-secilim","status":"publish","type":"product","link":"https:\/\/roveyayinevi.com.tr\/index.php\/urun\/cinsel-secilim\/","title":{"rendered":"Cinsel Se\u00e7ilim"},"content":{"rendered":"<p>Darwin 1859\u2019da yay\u0131mlad\u0131\u011f\u0131 T\u00fcrlerin K\u00f6keni kitab\u0131yla d\u00fcnyam\u0131z\u0131n bilim ve k\u00fclt\u00fcr tarihini sonsuza kadar de\u011fi\u015ftirmi\u015fti. Ancak bu kitab\u0131nda hen\u00fcz \u00e7\u00f6zemedi\u011fi baz\u0131 problemler kalm\u0131\u015ft\u0131. \u0130nsan\u0131n evrimini ayr\u0131nt\u0131lar\u0131yla a\u00e7\u0131klamaktan, biraz da gelecek tepkilerden \u00e7ekinerek geri durmu\u015ftu. 12 y\u0131l konu \u00fczerine yo\u011fun bir \u015fekilde \u00e7al\u0131\u015ft\u0131ktan sonra \u0130nsan\u0131n T\u00fcreyi\u015fi ve Cinsel Se\u00e7ilim kitab\u0131yla bu a\u00e7\u0131\u011f\u0131 kapatt\u0131.\u201cZaman i\u00e7inde Darwinci devrim, d\u00fcnya \u00fczerindeki her e\u011fitimli insan\u0131n akl\u0131nda ve kalbinde emin ve rahat bir \u015fekilde yerini alacakt\u0131r, fakat bug\u00fcn Darwin\u2019in \u00f6l\u00fcm\u00fcn\u00fcn \u00fczerinden y\u00fczy\u0131ldan fazla zaman ge\u00e7mesine ra\u011fmen h\u00e2l\u00e2 onun parmak \u0131s\u0131rtan \u00e7\u0131kar\u0131mlarla dolu ifadelerini tam olarak hazmedebilmi\u015f de\u011filiz.\u201d\u2013Daniel Dennett, Darwin\u2019in Tehlikeli Fikri\u201cDarwinci kuram yaln\u0131zca \u00fcst\u00fcn bir a\u00e7\u0131klama g\u00fcc\u00fcne sahip olmakla kalmaz; a\u00e7\u0131klamas\u0131ndaki \u00fcslubun g\u00fc\u00e7 dolu bir zarafeti, d\u00fcnyan\u0131n en unutulmaz ba\u015flang\u0131\u00e7 mitlerine bile \u00fcst\u00fcn gelecek \u015fiirsel bir g\u00fczelli\u011fi vard\u0131r.\u201d\u2013Richard Dawkins, Cennetten Akan Irmak\u201cDarwinci evrim \u00e7ok derin bir bi\u00e7imde, kendi varl\u0131\u011f\u0131m\u0131z ve \u00f6z\u00fcm\u00fcze ili\u015fkin alg\u0131lar\u0131m\u0131zda ve bilimin i\u015faret etti\u011fi benzer sorular konusunda da bir devrim yaratm\u0131\u015ft\u0131r: Biz kimiz? Buraya nas\u0131l geldik? Di\u011fer canl\u0131larla ili\u015fkimiz nedir?\u201d\u2013Carl Zimmer, Evrim: Bir Fikrin Ba\u015far\u0131s\u0131<\/p>\n","protected":false},"excerpt":{"rendered":"<p>Darwin 1859\u2019da yay\u0131mlad\u0131\u011f\u0131 T\u00fcrlerin K\u00f6keni kitab\u0131yla d\u00fcnyam\u0131z\u0131n bilim ve k\u00fclt\u00fcr tarihini sonsuza kadar de\u011fi\u015ftirmi\u015fti. Ancak bu kitab\u0131nda hen\u00fcz \u00e7\u00f6zemedi\u011fi baz\u0131 problemler kalm\u0131\u015ft\u0131. \u0130nsan\u0131n evrimini ayr\u0131nt\u0131lar\u0131yla a\u00e7\u0131klamaktan,<span class=\"excerpt-hellip\"> [\u2026]<\/span><\/p>\n","protected":false},"featured_media":0,"template":"","meta":{"_monsterinsights_skip_tracking":false,"_monsterinsights_sitenote_active":false,"_monsterinsights_sitenote_note":"","_monsterinsights_sitenote_category":0},"product_brand":[],"product_cat":[12389,12388],"product_tag":[],"class_list":{"0":"post-722530","1":"product","2":"type-product","3":"status-publish","5":"product_cat-diger-felsefe","6":"product_cat-felsefe","7":"pa_cilt-ciltsiz","8":"pa_tur-kitap","9":"pa_yayinevi-alfa-yayinlari","10":"pa_yazar-charles-darwin","12":"first","13":"instock","14":"sale","15":"shipping-taxable","16":"purchasable","17":"product-type-simple"},"_links":{"self":[{"href":"https:\/\/roveyayinevi.com.tr\/index.php\/wp-json\/wp\/v2\/product\/722530","targetHints":{"allow":["GET"]}}],"collection":[{"href":"https:\/\/roveyayinevi.com.tr\/index.php\/wp-json\/wp\/v2\/product"}],"about":[{"href":"https:\/\/roveyayinevi.com.tr\/index.php\/wp-json\/wp\/v2\/types\/product"}],"wp:attachment":[{"href":"https:\/\/roveyayinevi.com.tr\/index.php\/wp-json\/wp\/v2\/media?parent=722530"}],"wp:term":[{"taxonomy":"product_brand","embeddable":true,"href":"https:\/\/roveyayinevi.com.tr\/index.php\/wp-json\/wp\/v2\/product_brand?post=722530"},{"taxonomy":"product_cat","embeddable":true,"href":"https:\/\/roveyayinevi.com.tr\/index.php\/wp-json\/wp\/v2\/product_cat?post=722530"},{"taxonomy":"product_tag","embeddable":true,"href":"https:\/\/roveyayinevi.com.tr\/index.php\/wp-json\/wp\/v2\/product_tag?post=722530"}],"curies":[{"name":"wp","href":"https:\/\/api.w.org\/{rel}","templated":true}]}}