{"id":722527,"date":"2025-08-27T19:05:39","date_gmt":"2025-08-27T16:05:39","guid":{"rendered":"https:\/\/roveyayinevi.com.tr\/index.php\/urun\/kadin-psikolojisi\/"},"modified":"2026-04-16T02:30:32","modified_gmt":"2026-04-15T23:30:32","slug":"kadin-psikolojisi","status":"publish","type":"product","link":"https:\/\/roveyayinevi.com.tr\/index.php\/urun\/kadin-psikolojisi\/","title":{"rendered":"Kad\u0131n Psikolojisi"},"content":{"rendered":"<p>Kad\u0131n, erke\u011fin kaburga kemi\u011finden mi yarat\u0131lm\u0131\u015ft\u0131r?Kad\u0131n, \u201ci\u011fdi\u015f edilmi\u015f bir erkek\u201d midir?Kad\u0131n, do\u011fas\u0131 gere\u011fi mi mazo\u015fisttir?Erkekler kad\u0131nlardan ni\u00e7in korkar?Cinsler aras\u0131ndaki g\u00fcvensizli\u011fin nedenleri nelerdir?Kad\u0131n neden erkek olmak ister?Anal\u0131k i\u00e7g\u00fcd\u00fcs\u00fc diye bir \u015fey var m\u0131?Neden mutlu evlilikler yok denecek kadar azd\u0131r?Horney\u2019in, Freud\u2019un klasik kad\u0131n psikolojisine y\u00f6nelik ele\u015ftirel yakla\u015f\u0131mlar\u0131n\u0131 i\u00e7eren denemelerinden olu\u015fan bu kitap, yukar\u0131daki sorulara yan\u0131tlar aramakta ve Freud\u2019un kad\u0131n psikolojisine ili\u015fkin temel \u00f6nermelerini ku\u015fkuya bo\u011fmaktad\u0131r. Her ne kadar Horney, sonraki yap\u0131tlar\u0131nda kad\u0131n ve erkek i\u00e7in ortak bir analitik yakla\u015f\u0131m geli\u015ftirmi\u015fse de buradaki denemeler, Freud\u2019u sorgulamas\u0131 ve Horney\u2019in insan psikolojisine ili\u015fkin kendi geli\u015fimini g\u00f6stermesi a\u00e7\u0131s\u0131ndan ilgin\u00e7 birer belge niteli\u011fini ta\u015f\u0131maktad\u0131r.<\/p>\n","protected":false},"excerpt":{"rendered":"<p>Kad\u0131n, erke\u011fin kaburga kemi\u011finden mi yarat\u0131lm\u0131\u015ft\u0131r?Kad\u0131n, \u201ci\u011fdi\u015f edilmi\u015f bir erkek\u201d midir?Kad\u0131n, do\u011fas\u0131 gere\u011fi mi mazo\u015fisttir?Erkekler kad\u0131nlardan ni\u00e7in korkar?Cinsler aras\u0131ndaki g\u00fcvensizli\u011fin nedenleri nelerdir?Kad\u0131n neden erkek olmak ister?Anal\u0131k<span class=\"excerpt-hellip\"> [\u2026]<\/span><\/p>\n","protected":false},"featured_media":0,"template":"","meta":{"_monsterinsights_skip_tracking":false,"_monsterinsights_sitenote_active":false,"_monsterinsights_sitenote_note":"","_monsterinsights_sitenote_category":0},"product_brand":[],"product_cat":[12358,12357],"product_tag":[],"class_list":{"0":"post-722527","1":"product","2":"type-product","3":"status-publish","5":"product_cat-genel-psikoloji","6":"product_cat-psikoloji","7":"pa_cilt-ciltsiz","8":"pa_tur-kitap","9":"pa_yayinevi-totem-yayinlari","10":"pa_yazar-karen-horney","12":"first","13":"instock","14":"sale","15":"shipping-taxable","16":"purchasable","17":"product-type-simple"},"_links":{"self":[{"href":"https:\/\/roveyayinevi.com.tr\/index.php\/wp-json\/wp\/v2\/product\/722527","targetHints":{"allow":["GET"]}}],"collection":[{"href":"https:\/\/roveyayinevi.com.tr\/index.php\/wp-json\/wp\/v2\/product"}],"about":[{"href":"https:\/\/roveyayinevi.com.tr\/index.php\/wp-json\/wp\/v2\/types\/product"}],"wp:attachment":[{"href":"https:\/\/roveyayinevi.com.tr\/index.php\/wp-json\/wp\/v2\/media?parent=722527"}],"wp:term":[{"taxonomy":"product_brand","embeddable":true,"href":"https:\/\/roveyayinevi.com.tr\/index.php\/wp-json\/wp\/v2\/product_brand?post=722527"},{"taxonomy":"product_cat","embeddable":true,"href":"https:\/\/roveyayinevi.com.tr\/index.php\/wp-json\/wp\/v2\/product_cat?post=722527"},{"taxonomy":"product_tag","embeddable":true,"href":"https:\/\/roveyayinevi.com.tr\/index.php\/wp-json\/wp\/v2\/product_tag?post=722527"}],"curies":[{"name":"wp","href":"https:\/\/api.w.org\/{rel}","templated":true}]}}