{"id":722526,"date":"2025-08-27T19:05:38","date_gmt":"2025-08-27T16:05:38","guid":{"rendered":"https:\/\/roveyayinevi.com.tr\/index.php\/urun\/dayinin-casuslari\/"},"modified":"2026-04-16T02:30:32","modified_gmt":"2026-04-15T23:30:32","slug":"dayinin-casuslari","status":"publish","type":"product","link":"https:\/\/roveyayinevi.com.tr\/index.php\/urun\/dayinin-casuslari\/","title":{"rendered":"Day\u0131n\u0131n Casuslar\u0131"},"content":{"rendered":"<p>\u00c7ok fazla ki\u015fi vard\u0131. Birbirlerini tan\u0131malar\u0131 istenmiyordu\u2026Malikanenin i\u00e7erisinde de e\u015fi ile kalmad\u0131&#8230;Bah\u00e7ede bulunan k\u00fc\u00e7\u00fck m\u00fc\u015ftemilatta d\u00f6rt gece ge\u00e7irdiler&#8230; Malikaneye giderken yol \u00fcst\u00fcnde e\u015fyalar\u0131n\u0131 g\u00f6revliye b\u0131rakt\u0131lar.Kendilerine bir de kod isim verilmi\u015fti.Ve orada ilk kez \u015funu duydu: \u201cDay\u0131n\u0131n akrabalar\u0131 geldi, haber verin!\u201dKim bu day\u0131?O g\u00fcn ilk defa sabah be\u015f civar\u0131nda uyan\u0131r&#8230;Heyecanl\u0131d\u0131r&#8230;Elindeki mektubu kriminal \u015fubeye g\u00f6t\u00fcrecek ve \u201ckim\u201d oldu\u011funa ula\u015facakt\u0131r&#8230;E\u015fini \u00f6per, \u00e7ocuklar\u0131na sar\u0131l\u0131r ve&#8230; Hayal k\u0131r\u0131kl\u0131\u011f\u0131 ya\u015far&#8230;\u00c7\u00fcnk\u00fc parmak izi tespit edilememi\u015ftir&#8230;Bir dostu pasaport \u015fubeye gitmesini s\u00f6yler ve gider&#8230;Art\u0131k ilk parmak izi tespit edilmi\u015ftir!T\u00fcrkiye\u2019nin tarihi yeniden yaz\u0131lacakt\u0131r&#8230;Kim bu hayalet?<\/p>\n","protected":false},"excerpt":{"rendered":"<p>\u00c7ok fazla ki\u015fi vard\u0131. Birbirlerini tan\u0131malar\u0131 istenmiyordu\u2026Malikanenin i\u00e7erisinde de e\u015fi ile kalmad\u0131&#8230;Bah\u00e7ede bulunan k\u00fc\u00e7\u00fck m\u00fc\u015ftemilatta d\u00f6rt gece ge\u00e7irdiler&#8230; Malikaneye giderken yol \u00fcst\u00fcnde e\u015fyalar\u0131n\u0131 g\u00f6revliye b\u0131rakt\u0131lar.Kendilerine bir<span class=\"excerpt-hellip\"> [\u2026]<\/span><\/p>\n","protected":false},"featured_media":0,"template":"","meta":{"_monsterinsights_skip_tracking":false,"_monsterinsights_sitenote_active":false,"_monsterinsights_sitenote_note":"","_monsterinsights_sitenote_category":0},"product_brand":[],"product_cat":[13590,12337],"product_tag":[],"class_list":{"0":"post-722526","1":"product","2":"type-product","3":"status-publish","5":"product_cat-arastirma-inceleme-politika-siyaset","6":"product_cat-politika-siyaset","7":"pa_cilt-ciltsiz","8":"pa_tur-kitap","9":"pa_yayinevi-kirmizi-kedi-yayinevi","10":"pa_yazar-aytunc-erkin","12":"first","13":"instock","14":"sale","15":"shipping-taxable","16":"purchasable","17":"product-type-simple"},"_links":{"self":[{"href":"https:\/\/roveyayinevi.com.tr\/index.php\/wp-json\/wp\/v2\/product\/722526","targetHints":{"allow":["GET"]}}],"collection":[{"href":"https:\/\/roveyayinevi.com.tr\/index.php\/wp-json\/wp\/v2\/product"}],"about":[{"href":"https:\/\/roveyayinevi.com.tr\/index.php\/wp-json\/wp\/v2\/types\/product"}],"wp:attachment":[{"href":"https:\/\/roveyayinevi.com.tr\/index.php\/wp-json\/wp\/v2\/media?parent=722526"}],"wp:term":[{"taxonomy":"product_brand","embeddable":true,"href":"https:\/\/roveyayinevi.com.tr\/index.php\/wp-json\/wp\/v2\/product_brand?post=722526"},{"taxonomy":"product_cat","embeddable":true,"href":"https:\/\/roveyayinevi.com.tr\/index.php\/wp-json\/wp\/v2\/product_cat?post=722526"},{"taxonomy":"product_tag","embeddable":true,"href":"https:\/\/roveyayinevi.com.tr\/index.php\/wp-json\/wp\/v2\/product_tag?post=722526"}],"curies":[{"name":"wp","href":"https:\/\/api.w.org\/{rel}","templated":true}]}}