{"id":722523,"date":"2025-08-27T19:05:35","date_gmt":"2025-08-27T16:05:35","guid":{"rendered":"https:\/\/roveyayinevi.com.tr\/index.php\/urun\/jack-londondan-secme-hikayelerciltli\/"},"modified":"2026-04-16T02:30:32","modified_gmt":"2026-04-15T23:30:32","slug":"jack-londondan-secme-hikayelerciltli","status":"publish","type":"product","link":"https:\/\/roveyayinevi.com.tr\/index.php\/urun\/jack-londondan-secme-hikayelerciltli\/","title":{"rendered":"Jack London&#8217;dan Se\u00e7me Hikayeler(Ciltli)"},"content":{"rendered":"<p>Roman, tiyatro eseri, \u015fiir vs. gibi \u00e7e\u015fitli alanlarda yazm\u0131\u015f olsa da Jack London\u2019un en ba\u015far\u0131l\u0131 oldu\u011fu alan ku\u015fkusuz yakla\u015f\u0131k 5000-7000 kelimeye s\u0131\u011fd\u0131rd\u0131\u011f\u0131 k\u00fc\u00e7\u00fck hik\u00e2ye formudur. Anlat\u0131m g\u00fcc\u00fc bu formda zirveye ula\u015f\u0131r.Vah\u015fetin \u00c7a\u011fr\u0131s\u0131 ve Beyaz Di\u015f romanlar\u0131 edeb\u00ee y\u00f6nden en dikkat \u00e7eken eserleridir. \u0130nsan\u0131n tabiat kar\u015f\u0131s\u0131ndaki g\u00fc\u00e7s\u00fczl\u00fc\u011f\u00fcn\u00fc ve \u00e7aresizli\u011fini konu edinen bir\u00e7ok hik\u00e2yesi gibi iki kez kaleme ald\u0131\u011f\u0131 \u201cAte\u015f Yakmak\u201d adl\u0131 en \u00fcnl\u00fc hik\u00e2yesi de k\u0131sa hik\u00e2yeleri aras\u0131nda b\u00f6yledir.Sundu\u011fumuz se\u00e7melerdeki ilk d\u00f6rt hik\u00e2ye, kuzeyin yerle\u015fik eski k\u00fclt\u00fcr\u00fc ile oraya sonradan gelen Bat\u0131l\u0131lar\u0131n k\u00fclt\u00fcr\u00fc aras\u0131ndaki \u00e7at\u0131\u015fmay\u0131 g\u00f6zler \u00f6n\u00fcne sermektedir. Yazar b\u00fct\u00fcn Bat\u0131c\u0131l\u0131\u011f\u0131na ra\u011fmen, yerel k\u00fclt\u00fcr\u00fc ve bu k\u00fclt\u00fcr\u00fcn insanlar\u0131n\u0131 k\u00fc\u00e7\u00fcmsememekte, hatta bir yerde hakk\u0131nda \u00f6l\u00fcm cezas\u0131 istenen hik\u00e2yenin yerli kahraman\u0131 i\u00e7in \u201cB\u00f6ylece bronz heykeli dikilecek bir yurtseverin, gelecek nesiller i\u00e7in bronza kaz\u0131nacak destans\u0131 hik\u00e2yesini anlatmaya ba\u015flad\u0131,\u201d diyerek ona sayg\u0131 duydu\u011funu g\u00f6stermektedir.Sonraki iki hik\u00e2ye London\u2019un \u015f\u00f6hret olmas\u0131nda b\u00fcy\u00fck yeri olan, dillerden d\u00fc\u015fmeyen, insan\u0131n b\u00fcy\u00fck zorluklar kar\u015f\u0131s\u0131ndaki \u00fcmitsiz m\u00fccadelesini konu alan iyi i\u015flenmi\u015f hik\u00e2ye \u00f6rnekleridir.Son iki hik\u00e2ye ise Bat\u0131 k\u00fclt\u00fcr\u00fcne mensup insanlar\u0131 ele almakla birlikte kuzeyin so\u011fuk havas\u0131n\u0131 ta\u015f\u0131yan, \u201cAlt\u0131na H\u00fccum\u201d d\u00f6nemini \u00e7a\u011fr\u0131\u015ft\u0131ran maceralar\u0131 konu edinmektedir.Art\u0131k pek okunmayan politik eserleri bir yana b\u0131rak\u0131l\u0131rsa, onlarca k\u0131sa hik\u00e2yesi aras\u0131ndan yapt\u0131\u011f\u0131m\u0131z bu se\u00e7imin Jack London\u2019un g\u00fcn\u00fcm\u00fczde bile okunmas\u0131na vesile olan \u00f6zelliklerine bir nebze olsun temas etti\u011fine inan\u0131yoruz.<\/p>\n","protected":false},"excerpt":{"rendered":"<p>Roman, tiyatro eseri, \u015fiir vs. gibi \u00e7e\u015fitli alanlarda yazm\u0131\u015f olsa da Jack London\u2019un en ba\u015far\u0131l\u0131 oldu\u011fu alan ku\u015fkusuz yakla\u015f\u0131k 5000-7000 kelimeye s\u0131\u011fd\u0131rd\u0131\u011f\u0131 k\u00fc\u00e7\u00fck hik\u00e2ye formudur. Anlat\u0131m<span class=\"excerpt-hellip\"> [\u2026]<\/span><\/p>\n","protected":false},"featured_media":0,"template":"","meta":{"_monsterinsights_skip_tracking":false,"_monsterinsights_sitenote_active":false,"_monsterinsights_sitenote_note":"","_monsterinsights_sitenote_category":0},"product_brand":[],"product_cat":[12291,12711],"product_tag":[],"class_list":{"0":"post-722523","1":"product","2":"type-product","3":"status-publish","5":"product_cat-edebiyat","6":"product_cat-roman-oyku","7":"pa_cilt-ciltli","8":"pa_tur-kitap","9":"pa_yayinevi-otuken-nesriyat","10":"pa_yazar-jack-london","12":"first","13":"instock","14":"sale","15":"shipping-taxable","16":"purchasable","17":"product-type-simple"},"_links":{"self":[{"href":"https:\/\/roveyayinevi.com.tr\/index.php\/wp-json\/wp\/v2\/product\/722523","targetHints":{"allow":["GET"]}}],"collection":[{"href":"https:\/\/roveyayinevi.com.tr\/index.php\/wp-json\/wp\/v2\/product"}],"about":[{"href":"https:\/\/roveyayinevi.com.tr\/index.php\/wp-json\/wp\/v2\/types\/product"}],"wp:attachment":[{"href":"https:\/\/roveyayinevi.com.tr\/index.php\/wp-json\/wp\/v2\/media?parent=722523"}],"wp:term":[{"taxonomy":"product_brand","embeddable":true,"href":"https:\/\/roveyayinevi.com.tr\/index.php\/wp-json\/wp\/v2\/product_brand?post=722523"},{"taxonomy":"product_cat","embeddable":true,"href":"https:\/\/roveyayinevi.com.tr\/index.php\/wp-json\/wp\/v2\/product_cat?post=722523"},{"taxonomy":"product_tag","embeddable":true,"href":"https:\/\/roveyayinevi.com.tr\/index.php\/wp-json\/wp\/v2\/product_tag?post=722523"}],"curies":[{"name":"wp","href":"https:\/\/api.w.org\/{rel}","templated":true}]}}