{"id":722522,"date":"2025-08-27T19:05:35","date_gmt":"2025-08-27T16:05:35","guid":{"rendered":"https:\/\/roveyayinevi.com.tr\/index.php\/urun\/ingiliz-ve-amerikan-edebiyatindan-secme-oykulerciltli\/"},"modified":"2026-04-16T02:30:32","modified_gmt":"2026-04-15T23:30:32","slug":"ingiliz-ve-amerikan-edebiyatindan-secme-oykulerciltli","status":"publish","type":"product","link":"https:\/\/roveyayinevi.com.tr\/index.php\/urun\/ingiliz-ve-amerikan-edebiyatindan-secme-oykulerciltli\/","title":{"rendered":"\u0130ngiliz ve Amerikan Edebiyat\u0131ndan Se\u00e7me \u00d6yk\u00fcler(Ciltli)"},"content":{"rendered":"<p>\u0130ngiliz ve Amerikan edebiyat\u0131na ait verimlerin Seda Ta\u015f \u0130lmek taraf\u0131ndan derlenip T\u00fcrk\u00e7ele\u015ftirilmesiyle olu\u015fan bu se\u00e7kide 17 yazar\u0131n 17 \u00f6yk\u00fcs\u00fc yer almaktad\u0131r:Nathaniel Hawthorne: \u201c\u00d6l\u00fclerin E\u015fleri\u201dEdgar Allan Poe: \u201cK\u0131z\u0131l \u00d6l\u00fcm\u00fcn Maskesi\u201dFrank R. Stockton: \u201cKad\u0131n m\u0131 Yoksa Kaplan m\u0131?\u201dOscar Wilde: \u201cSad\u0131k Dost\u201dThomas Hardy: \u201cKilise \u00c7alg\u0131c\u0131lar\u0131n\u0131n Dalg\u0131nl\u0131\u011f\u0131\u201dMark Twain: \u201cKaliforniyal\u0131lar\u0131n \u00d6yk\u00fcs\u00fc\u201dCharlotte Perkins Gilman: \u201cSar\u0131 Duvar K\u00e2\u011f\u0131d\u0131\u201dKate Chopin: \u201cBir Saatin Hik\u00e2yesi\u201dStephen Crane: \u201cKoyu Kahve Renkli K\u00f6pek\u201dO. Henry: \u201cNoel Hediyesi\u201dJack London: \u201cSava\u015f\u201dJames Joyce: \u201c\u0130ki Kahraman\u201dSaki: \u201cA\u00e7\u0131k Pencere\u201dKatherine Mansfield: \u201cBah\u00e7e Partisi\u201dDavid Herbert Lawrence: \u201cSallanan At Binicisi\u201dThomas Wolfe: \u201cTren ve \u015eehir\u201dWirginia Woolf: \u201cPerili Ev\u201d<\/p>\n","protected":false},"excerpt":{"rendered":"<p>\u0130ngiliz ve Amerikan edebiyat\u0131na ait verimlerin Seda Ta\u015f \u0130lmek taraf\u0131ndan derlenip T\u00fcrk\u00e7ele\u015ftirilmesiyle olu\u015fan bu se\u00e7kide 17 yazar\u0131n 17 \u00f6yk\u00fcs\u00fc yer almaktad\u0131r:Nathaniel Hawthorne: \u201c\u00d6l\u00fclerin E\u015fleri\u201dEdgar Allan Poe:<span class=\"excerpt-hellip\"> [\u2026]<\/span><\/p>\n","protected":false},"featured_media":0,"template":"","meta":{"_monsterinsights_skip_tracking":false,"_monsterinsights_sitenote_active":false,"_monsterinsights_sitenote_note":"","_monsterinsights_sitenote_category":0},"product_brand":[],"product_cat":[13661,12291],"product_tag":[],"class_list":{"0":"post-722522","1":"product","2":"type-product","3":"status-publish","5":"product_cat-diger-ulke-edebiyatlari","6":"product_cat-edebiyat","7":"pa_cilt-ciltli","8":"pa_tur-kitap","9":"pa_yayinevi-otuken-nesriyat","10":"pa_yazar-kolektif","12":"first","13":"instock","14":"sale","15":"shipping-taxable","16":"purchasable","17":"product-type-simple"},"_links":{"self":[{"href":"https:\/\/roveyayinevi.com.tr\/index.php\/wp-json\/wp\/v2\/product\/722522","targetHints":{"allow":["GET"]}}],"collection":[{"href":"https:\/\/roveyayinevi.com.tr\/index.php\/wp-json\/wp\/v2\/product"}],"about":[{"href":"https:\/\/roveyayinevi.com.tr\/index.php\/wp-json\/wp\/v2\/types\/product"}],"wp:attachment":[{"href":"https:\/\/roveyayinevi.com.tr\/index.php\/wp-json\/wp\/v2\/media?parent=722522"}],"wp:term":[{"taxonomy":"product_brand","embeddable":true,"href":"https:\/\/roveyayinevi.com.tr\/index.php\/wp-json\/wp\/v2\/product_brand?post=722522"},{"taxonomy":"product_cat","embeddable":true,"href":"https:\/\/roveyayinevi.com.tr\/index.php\/wp-json\/wp\/v2\/product_cat?post=722522"},{"taxonomy":"product_tag","embeddable":true,"href":"https:\/\/roveyayinevi.com.tr\/index.php\/wp-json\/wp\/v2\/product_tag?post=722522"}],"curies":[{"name":"wp","href":"https:\/\/api.w.org\/{rel}","templated":true}]}}