{"id":722521,"date":"2025-08-27T19:05:34","date_gmt":"2025-08-27T16:05:34","guid":{"rendered":"https:\/\/roveyayinevi.com.tr\/index.php\/urun\/pollyanna-ciltli\/"},"modified":"2026-04-16T02:30:32","modified_gmt":"2026-04-15T23:30:32","slug":"pollyanna-ciltli","status":"publish","type":"product","link":"https:\/\/roveyayinevi.com.tr\/index.php\/urun\/pollyanna-ciltli\/","title":{"rendered":"Pollyanna (Ciltli)"},"content":{"rendered":"<p>K\u00fc\u00e7\u00fck ya\u015fta \u00f6nce annesini sonra da babas\u0131n\u0131 kaybeden ve Polly Teyze\u2019sinin himayesinde ya\u015famaya ba\u015flayan Pollyanna, sar\u0131ld\u0131\u011f\u0131 mutluluk oyunuyla hayat\u0131n iyi ve g\u00fczel yanlar\u0131n\u0131 insanlara g\u00f6sterip onlar\u0131n d\u00fcnyaya bak\u0131\u015f\u0131n\u0131 de\u011fi\u015ftirecek ve Beldingsville kasabas\u0131ndan t\u00fcm d\u00fcnyaya yay\u0131lan bu iyimserlikten evrensel bir karakter y\u00fckselecektir.\u201c\u015eimdi b\u00fct\u00fcn kasaba seninle birlikte o oyunu oynuyor Pollyanna&#8230; Rahip bile! Sana s\u00f6ylemeye f\u0131rsat bulamam\u0131\u015ft\u0131m ama bu sabah k\u00f6ye inince Bay Ford ile kar\u015f\u0131la\u015ft\u0131m ve dedi\u011fine g\u00f6re ilk f\u0131rsatta ziyaretine gelecekmi\u015f; kendisine bahsetti\u011fin o sekiz y\u00fcz sevin\u00e7 metnine sevinmekten vazge\u00e7medi\u011fini s\u00f6yleyecekmi\u015f. Yani g\u00f6r\u00fcyorsun ya can\u0131m, bunu sen ba\u015fard\u0131n. B\u00fct\u00fcn kasaba oyunu oynuyor ve b\u00fct\u00fcn kasaba harika bir \u015fekilde mutlu oldu&#8230;\u0130nsanlara yeni bir oyunu oynamay\u0131 \u00f6\u011freten, k\u00fc\u00e7\u00fck bir k\u0131z\u0131n sayesinde.\u201d<\/p>\n","protected":false},"excerpt":{"rendered":"<p>K\u00fc\u00e7\u00fck ya\u015fta \u00f6nce annesini sonra da babas\u0131n\u0131 kaybeden ve Polly Teyze\u2019sinin himayesinde ya\u015famaya ba\u015flayan Pollyanna, sar\u0131ld\u0131\u011f\u0131 mutluluk oyunuyla hayat\u0131n iyi ve g\u00fczel yanlar\u0131n\u0131 insanlara g\u00f6sterip onlar\u0131n<span class=\"excerpt-hellip\"> [\u2026]<\/span><\/p>\n","protected":false},"featured_media":0,"template":"","meta":{"_monsterinsights_skip_tracking":false,"_monsterinsights_sitenote_active":false,"_monsterinsights_sitenote_note":"","_monsterinsights_sitenote_category":0},"product_brand":[],"product_cat":[13661,12291],"product_tag":[],"class_list":{"0":"post-722521","1":"product","2":"type-product","3":"status-publish","5":"product_cat-diger-ulke-edebiyatlari","6":"product_cat-edebiyat","7":"pa_cilt-ciltli","8":"pa_tur-kitap","9":"pa_yayinevi-otuken-nesriyat","10":"pa_yazar-eleanor-h-porter","12":"first","13":"instock","14":"sale","15":"shipping-taxable","16":"purchasable","17":"product-type-simple"},"_links":{"self":[{"href":"https:\/\/roveyayinevi.com.tr\/index.php\/wp-json\/wp\/v2\/product\/722521","targetHints":{"allow":["GET"]}}],"collection":[{"href":"https:\/\/roveyayinevi.com.tr\/index.php\/wp-json\/wp\/v2\/product"}],"about":[{"href":"https:\/\/roveyayinevi.com.tr\/index.php\/wp-json\/wp\/v2\/types\/product"}],"wp:attachment":[{"href":"https:\/\/roveyayinevi.com.tr\/index.php\/wp-json\/wp\/v2\/media?parent=722521"}],"wp:term":[{"taxonomy":"product_brand","embeddable":true,"href":"https:\/\/roveyayinevi.com.tr\/index.php\/wp-json\/wp\/v2\/product_brand?post=722521"},{"taxonomy":"product_cat","embeddable":true,"href":"https:\/\/roveyayinevi.com.tr\/index.php\/wp-json\/wp\/v2\/product_cat?post=722521"},{"taxonomy":"product_tag","embeddable":true,"href":"https:\/\/roveyayinevi.com.tr\/index.php\/wp-json\/wp\/v2\/product_tag?post=722521"}],"curies":[{"name":"wp","href":"https:\/\/api.w.org\/{rel}","templated":true}]}}