{"id":722517,"date":"2025-08-27T19:05:31","date_gmt":"2025-08-27T16:05:31","guid":{"rendered":"https:\/\/roveyayinevi.com.tr\/index.php\/urun\/dort\/"},"modified":"2026-04-12T02:36:33","modified_gmt":"2026-04-11T23:36:33","slug":"dort","status":"publish","type":"product","link":"https:\/\/roveyayinevi.com.tr\/index.php\/urun\/dort\/","title":{"rendered":"D\u00f6rt"},"content":{"rendered":"<p>Tarihi Meri\u00e7 K\u00f6pr\u00fcs\u00fc\u2019n\u00fc, Ayasofya\u2019y\u0131 yak\u0131ndan veya uzaktan \u00e7izebilirsiniz. Onu farkl\u0131 a\u00e7\u0131lardan yakalayabilir, kalem vuru\u015flar\u0131yla tasvir edip perspektifini alabilirsiniz&#8230; Peki yerde cans\u0131z halde, bir g\u00f6z\u00fc kapal\u0131, bir g\u00f6z\u00fc de bo\u015flu\u011fa bakan maktul\u00fcn perspektifi? Peki onun can\u0131n\u0131 alan iradenin perspektifini alabilir misiniz? Ya ellerinin? O katilin d\u00fc\u015f\u00fcncelerini kalemle \u00e7izebilir misiniz? Bu kitab\u0131 okurken zihninizde \u00e7izdiklerinize bir d\u00f6n\u00fcp bak\u0131n; belki o, gece \u0131\u015f\u0131klar kapand\u0131\u011f\u0131nda aynalardan sizi izleyen karanl\u0131k y\u00fcz\u00fcn\u00fcz, yaln\u0131z kald\u0131\u011f\u0131n\u0131zda d\u00fc\u015f\u00fcnmek istemediklerinizdir&#8230; Belki de o, kendi portrenizdir&#8230; <\/p>\n","protected":false},"excerpt":{"rendered":"<p>Tarihi Meri\u00e7 K\u00f6pr\u00fcs\u00fc\u2019n\u00fc, Ayasofya\u2019y\u0131 yak\u0131ndan veya uzaktan \u00e7izebilirsiniz. Onu farkl\u0131 a\u00e7\u0131lardan yakalayabilir, kalem vuru\u015flar\u0131yla tasvir edip perspektifini alabilirsiniz&#8230; Peki yerde cans\u0131z halde, bir g\u00f6z\u00fc kapal\u0131, bir<span class=\"excerpt-hellip\"> [\u2026]<\/span><\/p>\n","protected":false},"featured_media":0,"template":"","meta":{"_monsterinsights_skip_tracking":false,"_monsterinsights_sitenote_active":false,"_monsterinsights_sitenote_note":"","_monsterinsights_sitenote_category":0},"product_brand":[],"product_cat":[12291,12711],"product_tag":[],"class_list":{"0":"post-722517","1":"product","2":"type-product","3":"status-publish","5":"product_cat-edebiyat","6":"product_cat-roman-oyku","7":"pa_cilt-ciltsiz","8":"pa_tur-kitap","9":"pa_yayinevi-luna-yayinlari","10":"pa_yazar-dolma-kalem","12":"first","13":"instock","14":"sale","15":"shipping-taxable","16":"purchasable","17":"product-type-simple"},"_links":{"self":[{"href":"https:\/\/roveyayinevi.com.tr\/index.php\/wp-json\/wp\/v2\/product\/722517","targetHints":{"allow":["GET"]}}],"collection":[{"href":"https:\/\/roveyayinevi.com.tr\/index.php\/wp-json\/wp\/v2\/product"}],"about":[{"href":"https:\/\/roveyayinevi.com.tr\/index.php\/wp-json\/wp\/v2\/types\/product"}],"wp:attachment":[{"href":"https:\/\/roveyayinevi.com.tr\/index.php\/wp-json\/wp\/v2\/media?parent=722517"}],"wp:term":[{"taxonomy":"product_brand","embeddable":true,"href":"https:\/\/roveyayinevi.com.tr\/index.php\/wp-json\/wp\/v2\/product_brand?post=722517"},{"taxonomy":"product_cat","embeddable":true,"href":"https:\/\/roveyayinevi.com.tr\/index.php\/wp-json\/wp\/v2\/product_cat?post=722517"},{"taxonomy":"product_tag","embeddable":true,"href":"https:\/\/roveyayinevi.com.tr\/index.php\/wp-json\/wp\/v2\/product_tag?post=722517"}],"curies":[{"name":"wp","href":"https:\/\/api.w.org\/{rel}","templated":true}]}}