{"id":722514,"date":"2025-08-27T19:05:28","date_gmt":"2025-08-27T16:05:28","guid":{"rendered":"https:\/\/roveyayinevi.com.tr\/index.php\/urun\/ali-yilmaz-arkadas-ediniyor\/"},"modified":"2026-04-16T02:30:32","modified_gmt":"2026-04-15T23:30:32","slug":"ali-yilmaz-arkadas-ediniyor","status":"publish","type":"product","link":"https:\/\/roveyayinevi.com.tr\/index.php\/urun\/ali-yilmaz-arkadas-ediniyor\/","title":{"rendered":"Ali Y\u0131lmaz Arkada\u015f Ediniyor"},"content":{"rendered":"<p>Ali Y\u0131lmaz\u2019la tan\u0131\u015f\u0131n. Mahalledeki yeni \u00e7ocuk. Ali okuldaki ilk g\u00fcn\u00fc oldu\u011fu i\u00e7in biraz endi\u015feli. Tamam, kabul edelim, \u00e7ok endi\u015feli. Ke\u015fke okul ba\u015flamadan \u00f6nce bir arkada\u015f edinebilse. Ke\u015fke arkada\u015f edinmek i\u00e7in bu kadar \u00e7ok u\u011fra\u015fmasa. Ke\u015fke\u2026 <\/p>\n","protected":false},"excerpt":{"rendered":"<p>Ali Y\u0131lmaz\u2019la tan\u0131\u015f\u0131n. Mahalledeki yeni \u00e7ocuk. Ali okuldaki ilk g\u00fcn\u00fc oldu\u011fu i\u00e7in biraz endi\u015feli. Tamam, kabul edelim, \u00e7ok endi\u015feli. Ke\u015fke okul ba\u015flamadan \u00f6nce bir arkada\u015f edinebilse.<span class=\"excerpt-hellip\"> [\u2026]<\/span><\/p>\n","protected":false},"featured_media":0,"template":"","meta":{"_monsterinsights_skip_tracking":false,"_monsterinsights_sitenote_active":false,"_monsterinsights_sitenote_note":"","_monsterinsights_sitenote_category":0},"product_brand":[],"product_cat":[12274,12518],"product_tag":[],"class_list":{"0":"post-722514","1":"product","2":"type-product","3":"status-publish","5":"product_cat-cocuk-ve-genclik-kitaplari","6":"product_cat-okul-oncesi-kitaplar","7":"pa_cilt-ciltsiz","8":"pa_tur-kitap","9":"pa_yayinevi-is-bankasi-kultur-yayinlari","10":"pa_yazar-naseem-hrab","12":"first","13":"instock","14":"sale","15":"shipping-taxable","16":"purchasable","17":"product-type-simple"},"_links":{"self":[{"href":"https:\/\/roveyayinevi.com.tr\/index.php\/wp-json\/wp\/v2\/product\/722514","targetHints":{"allow":["GET"]}}],"collection":[{"href":"https:\/\/roveyayinevi.com.tr\/index.php\/wp-json\/wp\/v2\/product"}],"about":[{"href":"https:\/\/roveyayinevi.com.tr\/index.php\/wp-json\/wp\/v2\/types\/product"}],"wp:attachment":[{"href":"https:\/\/roveyayinevi.com.tr\/index.php\/wp-json\/wp\/v2\/media?parent=722514"}],"wp:term":[{"taxonomy":"product_brand","embeddable":true,"href":"https:\/\/roveyayinevi.com.tr\/index.php\/wp-json\/wp\/v2\/product_brand?post=722514"},{"taxonomy":"product_cat","embeddable":true,"href":"https:\/\/roveyayinevi.com.tr\/index.php\/wp-json\/wp\/v2\/product_cat?post=722514"},{"taxonomy":"product_tag","embeddable":true,"href":"https:\/\/roveyayinevi.com.tr\/index.php\/wp-json\/wp\/v2\/product_tag?post=722514"}],"curies":[{"name":"wp","href":"https:\/\/api.w.org\/{rel}","templated":true}]}}