{"id":722511,"date":"2025-08-27T19:05:25","date_gmt":"2025-08-27T16:05:25","guid":{"rendered":"https:\/\/roveyayinevi.com.tr\/index.php\/urun\/kucuk-yagmur-damlasi-doganin-essiz-hikayeleri-4\/"},"modified":"2026-03-28T02:34:06","modified_gmt":"2026-03-27T23:34:06","slug":"kucuk-yagmur-damlasi-doganin-essiz-hikayeleri-4","status":"publish","type":"product","link":"https:\/\/roveyayinevi.com.tr\/index.php\/urun\/kucuk-yagmur-damlasi-doganin-essiz-hikayeleri-4\/","title":{"rendered":"K\u00fc\u00e7\u00fck Ya\u011fmur Damlas\u0131 &#8211; Do\u011fan\u0131n E\u015fsiz Hikayeleri 4"},"content":{"rendered":"<p>G\u00f6kten d\u00fc\u015fen bir ya\u011fmur damlas\u0131 neler ya\u015far, hi\u00e7 merak ettiniz mi? \u00d6yleyse k\u00fc\u00e7\u00fck ya\u011fmur damlas\u0131yla tan\u0131\u015fmal\u0131s\u0131n\u0131z! <\/p>\n","protected":false},"excerpt":{"rendered":"<p>G\u00f6kten d\u00fc\u015fen bir ya\u011fmur damlas\u0131 neler ya\u015far, hi\u00e7 merak ettiniz mi? \u00d6yleyse k\u00fc\u00e7\u00fck ya\u011fmur damlas\u0131yla tan\u0131\u015fmal\u0131s\u0131n\u0131z!<\/p>\n","protected":false},"featured_media":0,"template":"","meta":{"_monsterinsights_skip_tracking":false,"_monsterinsights_sitenote_active":false,"_monsterinsights_sitenote_note":"","_monsterinsights_sitenote_category":0},"product_brand":[],"product_cat":[12913,12274],"product_tag":[],"class_list":{"0":"post-722511","1":"product","2":"type-product","3":"status-publish","5":"product_cat-3-6-yas-kitaplari","6":"product_cat-cocuk-ve-genclik-kitaplari","7":"pa_cilt-ciltsiz","8":"pa_tur-kitap","9":"pa_yayinevi-is-bankasi-kultur-yayinlari","10":"pa_yazar-melanie-joyce","12":"first","13":"instock","14":"sale","15":"shipping-taxable","16":"purchasable","17":"product-type-simple"},"_links":{"self":[{"href":"https:\/\/roveyayinevi.com.tr\/index.php\/wp-json\/wp\/v2\/product\/722511","targetHints":{"allow":["GET"]}}],"collection":[{"href":"https:\/\/roveyayinevi.com.tr\/index.php\/wp-json\/wp\/v2\/product"}],"about":[{"href":"https:\/\/roveyayinevi.com.tr\/index.php\/wp-json\/wp\/v2\/types\/product"}],"wp:attachment":[{"href":"https:\/\/roveyayinevi.com.tr\/index.php\/wp-json\/wp\/v2\/media?parent=722511"}],"wp:term":[{"taxonomy":"product_brand","embeddable":true,"href":"https:\/\/roveyayinevi.com.tr\/index.php\/wp-json\/wp\/v2\/product_brand?post=722511"},{"taxonomy":"product_cat","embeddable":true,"href":"https:\/\/roveyayinevi.com.tr\/index.php\/wp-json\/wp\/v2\/product_cat?post=722511"},{"taxonomy":"product_tag","embeddable":true,"href":"https:\/\/roveyayinevi.com.tr\/index.php\/wp-json\/wp\/v2\/product_tag?post=722511"}],"curies":[{"name":"wp","href":"https:\/\/api.w.org\/{rel}","templated":true}]}}