{"id":722509,"date":"2025-08-27T19:05:24","date_gmt":"2025-08-27T16:05:24","guid":{"rendered":"https:\/\/roveyayinevi.com.tr\/index.php\/urun\/marx-bu-ise-ne-derdi\/"},"modified":"2026-04-16T02:30:32","modified_gmt":"2026-04-15T23:30:32","slug":"marx-bu-ise-ne-derdi","status":"publish","type":"product","link":"https:\/\/roveyayinevi.com.tr\/index.php\/urun\/marx-bu-ise-ne-derdi\/","title":{"rendered":"Marx Bu \u0130\u015fe Ne Derdi?"},"content":{"rendered":"<p>Sosyal medyaya olan bu ba\u011f\u0131ml\u0131l\u0131\u011f\u0131n\u0131z\u0131 g\u00f6rse acaba Kant ne derdi, diye d\u00fc\u015f\u00fcnd\u00fcn\u00fcz m\u00fc hi\u00e7? Yahut televizyonda neyin seyredilece\u011fi tart\u0131\u015fmalar\u0131n\u0131 Platon gelse \u00e7\u00f6zer miydi, diye? Peki ya Hobbes, tatile \u00e7\u0131kt\u0131\u011f\u0131n\u0131zda hamster\u0131n\u0131z\u0131 beslemeye raz\u0131 olur muydu sizce? G\u00fcndelik sorulardan ve sorunlardan 40 tanesinin, \u00e7a\u011f\u0131m\u0131z\u0131n belli ba\u015fl\u0131 siyasi meselelerine dal\u0131p ara\u015ft\u0131rmak i\u00e7in bir s\u0131\u00e7rama tahtas\u0131 niyetine kullan\u0131ld\u0131\u011f\u0131 bu kitap sizlere, siyaset teorisi \u00fczerine h\u0131zland\u0131r\u0131lm\u0131\u015f bir kurs ve gelmi\u015f ge\u00e7mi\u015f en de\u011ferli siyaset d\u00fc\u015f\u00fcn\u00fcrlerinin kuramlar\u0131 ve fikirleri \u00fczerine bir giri\u015f sunmaktad\u0131r. <\/p>\n","protected":false},"excerpt":{"rendered":"<p>Sosyal medyaya olan bu ba\u011f\u0131ml\u0131l\u0131\u011f\u0131n\u0131z\u0131 g\u00f6rse acaba Kant ne derdi, diye d\u00fc\u015f\u00fcnd\u00fcn\u00fcz m\u00fc hi\u00e7? Yahut televizyonda neyin seyredilece\u011fi tart\u0131\u015fmalar\u0131n\u0131 Platon gelse \u00e7\u00f6zer miydi, diye? Peki ya<span class=\"excerpt-hellip\"> [\u2026]<\/span><\/p>\n","protected":false},"featured_media":0,"template":"","meta":{"_monsterinsights_skip_tracking":false,"_monsterinsights_sitenote_active":false,"_monsterinsights_sitenote_note":"","_monsterinsights_sitenote_category":0},"product_brand":[],"product_cat":[13590,12337],"product_tag":[],"class_list":{"0":"post-722509","1":"product","2":"type-product","3":"status-publish","5":"product_cat-arastirma-inceleme-politika-siyaset","6":"product_cat-politika-siyaset","7":"pa_cilt-ciltsiz","8":"pa_tur-kitap","9":"pa_yayinevi-is-bankasi-kultur-yayinlari","10":"pa_yazar-gareth-southwell","12":"first","13":"instock","14":"sale","15":"shipping-taxable","16":"purchasable","17":"product-type-simple"},"_links":{"self":[{"href":"https:\/\/roveyayinevi.com.tr\/index.php\/wp-json\/wp\/v2\/product\/722509","targetHints":{"allow":["GET"]}}],"collection":[{"href":"https:\/\/roveyayinevi.com.tr\/index.php\/wp-json\/wp\/v2\/product"}],"about":[{"href":"https:\/\/roveyayinevi.com.tr\/index.php\/wp-json\/wp\/v2\/types\/product"}],"wp:attachment":[{"href":"https:\/\/roveyayinevi.com.tr\/index.php\/wp-json\/wp\/v2\/media?parent=722509"}],"wp:term":[{"taxonomy":"product_brand","embeddable":true,"href":"https:\/\/roveyayinevi.com.tr\/index.php\/wp-json\/wp\/v2\/product_brand?post=722509"},{"taxonomy":"product_cat","embeddable":true,"href":"https:\/\/roveyayinevi.com.tr\/index.php\/wp-json\/wp\/v2\/product_cat?post=722509"},{"taxonomy":"product_tag","embeddable":true,"href":"https:\/\/roveyayinevi.com.tr\/index.php\/wp-json\/wp\/v2\/product_tag?post=722509"}],"curies":[{"name":"wp","href":"https:\/\/api.w.org\/{rel}","templated":true}]}}