{"id":722506,"date":"2025-08-27T19:05:21","date_gmt":"2025-08-27T16:05:21","guid":{"rendered":"https:\/\/roveyayinevi.com.tr\/index.php\/urun\/hazine\/"},"modified":"2026-04-14T02:39:36","modified_gmt":"2026-04-13T23:39:36","slug":"hazine","status":"publish","type":"product","link":"https:\/\/roveyayinevi.com.tr\/index.php\/urun\/hazine\/","title":{"rendered":"Hazine"},"content":{"rendered":"<p>&#8221; Son kez dokunacakt\u0131 sevdi\u011fine, dostuna, onunla ya\u015fad\u0131\u011f\u0131 duygulara, hayat\u0131n\u0131n anlam\u0131na, dert orta\u011f\u0131na, mutlulu\u011funu payla\u015fana, g\u00f6zya\u015flar\u0131n\u0131n \u015fahidine, \u00f6mr\u00fcn\u00fc emanet etti\u011fine&#8230;&#8221;&#8221; Kendini sevmeyen, kendiyle bar\u0131\u015f\u0131k olmayan, zihniyle s\u00fcrekli kavga halinde olanar kimseyi sevemiyor, sevene sayg\u0131 duymuyor, kavga ve d\u00f6v\u00fc\u015f d\u0131\u015f\u0131nda bir dil bilmiyordu&#8230;&#8221;&#8221; Konu\u015fmamak, duygulara engel de\u011fildi. Aksine duygular\u0131 daha net anlatmak i\u00e7in kullan\u0131lan s\u00f6zc\u00fckler her zaman do\u011fruyu s\u00f6ylemezdi fakat davran\u0131\u015flar, bak\u0131\u015flar, tav\u0131rlar yalan bilmezdi.&#8221;Bu a\u015fk bitmeyecekti i\u00e7inde. Bir yerlerde kanay\u0131p duracak, kabuk ba\u011flayacak ama kabuk kopunca altta izi kalacakt\u0131. A\u015fk bitmezdi ki&#8230;&#8221;<\/p>\n","protected":false},"excerpt":{"rendered":"<p>&#8221; Son kez dokunacakt\u0131 sevdi\u011fine, dostuna, onunla ya\u015fad\u0131\u011f\u0131 duygulara, hayat\u0131n\u0131n anlam\u0131na, dert orta\u011f\u0131na, mutlulu\u011funu payla\u015fana, g\u00f6zya\u015flar\u0131n\u0131n \u015fahidine, \u00f6mr\u00fcn\u00fc emanet etti\u011fine&#8230;&#8221;&#8221; Kendini sevmeyen, kendiyle bar\u0131\u015f\u0131k olmayan, zihniyle<span class=\"excerpt-hellip\"> [\u2026]<\/span><\/p>\n","protected":false},"featured_media":0,"template":"","meta":{"_monsterinsights_skip_tracking":false,"_monsterinsights_sitenote_active":false,"_monsterinsights_sitenote_note":"","_monsterinsights_sitenote_category":0},"product_brand":[],"product_cat":[12291,12711],"product_tag":[],"class_list":{"0":"post-722506","1":"product","2":"type-product","3":"status-publish","5":"product_cat-edebiyat","6":"product_cat-roman-oyku","7":"pa_cilt-ciltsiz","8":"pa_tur-kitap","9":"pa_yayinevi-levent-icoz-yayincilik","10":"pa_yazar-elif-gulenc-icoz","12":"first","13":"instock","14":"sale","15":"shipping-taxable","16":"purchasable","17":"product-type-simple"},"_links":{"self":[{"href":"https:\/\/roveyayinevi.com.tr\/index.php\/wp-json\/wp\/v2\/product\/722506","targetHints":{"allow":["GET"]}}],"collection":[{"href":"https:\/\/roveyayinevi.com.tr\/index.php\/wp-json\/wp\/v2\/product"}],"about":[{"href":"https:\/\/roveyayinevi.com.tr\/index.php\/wp-json\/wp\/v2\/types\/product"}],"wp:attachment":[{"href":"https:\/\/roveyayinevi.com.tr\/index.php\/wp-json\/wp\/v2\/media?parent=722506"}],"wp:term":[{"taxonomy":"product_brand","embeddable":true,"href":"https:\/\/roveyayinevi.com.tr\/index.php\/wp-json\/wp\/v2\/product_brand?post=722506"},{"taxonomy":"product_cat","embeddable":true,"href":"https:\/\/roveyayinevi.com.tr\/index.php\/wp-json\/wp\/v2\/product_cat?post=722506"},{"taxonomy":"product_tag","embeddable":true,"href":"https:\/\/roveyayinevi.com.tr\/index.php\/wp-json\/wp\/v2\/product_tag?post=722506"}],"curies":[{"name":"wp","href":"https:\/\/api.w.org\/{rel}","templated":true}]}}