{"id":722496,"date":"2025-08-27T19:05:14","date_gmt":"2025-08-27T16:05:14","guid":{"rendered":"https:\/\/roveyayinevi.com.tr\/index.php\/urun\/firtinadaki-ari\/"},"modified":"2026-01-21T02:50:37","modified_gmt":"2026-01-20T23:50:37","slug":"firtinadaki-ari","status":"publish","type":"product","link":"https:\/\/roveyayinevi.com.tr\/index.php\/urun\/firtinadaki-ari\/","title":{"rendered":"F\u0131rt\u0131nadaki Ar\u0131"},"content":{"rendered":"<p>\u00d6r\u00fcmcek, i\u015fini dokumac\u0131ya benzer \u015fekilde g\u00f6rd\u00fc\u011f\u00fc gibi, ar\u0131 da pete\u011fini yapmada pek \u00e7ok mimar\u0131 utand\u0131r\u0131r. Ne var ki, en k\u00f6t\u00fc mimar\u0131 en iyi ar\u0131dan ay\u0131ran \u015fey, mimar\u0131n, yap\u0131s\u0131n\u0131 ger\u00e7ekte kurmadan \u00f6nce, onu imgesinde kurabilmesidir.Karl MARX, Kapital IAr\u0131lard\u0131r \u00f6rne\u011fimiz ileriBizi bekler Anayurdun her yeriYolumuz, ilimiz \u015fen olacak bu yurdu \u015fen ederizBu yolda, d\u00f6rt kolda m\u00fchendisiz biz hep ileri\u0130T\u00dc M\u00fchendisler Mar\u015f\u0131, 1938M\u00fchendis ilerleme, ayd\u0131nlanma, sanayile\u015fme, kalk\u0131nma gibi terimlerin i\u00e7inde oldu\u011fu bir anlat\u0131n\u0131n d\u0131\u015f\u0131na \u00e7\u0131kt\u0131\u011f\u0131nda bile bu anlat\u0131n\u0131n a\u011f\u0131rl\u0131\u011f\u0131ndan t\u00fcm\u00fcyle s\u0131yr\u0131lam\u0131yor. \u201cM\u00fchendisler \u015fimdi neredeler?\u201d sorusu kendili\u011finden, \u201cSert r\u00fczg\u00e2rlar k\u0131y\u0131lar\u0131 basm\u0131\u015f, gelecek i\u00e7in kayg\u0131lar artm\u0131\u015fken, adlar\u0131 bu topraklarda hep umutla an\u0131lan m\u00fchendisler neredeler?\u201d, \u201cAyd\u0131nlanman\u0131n, sanayile\u015fmenin, ilerlemenin ve kalk\u0131nman\u0131n T\u00fcrkiye\u2019sinin mahir elleri \u015fimdilerde ne yapmaktalar?\u201d \u201cYurtsever ve ilerici m\u00fchendisler fabrikalarda neler deneyimliyor?\u201d sorular\u0131na d\u00f6n\u00fc\u015f\u00fcyor. Bu ilk sorulara ba\u015fkalar\u0131 da ekleniyor: \u201cToplumsal, siyasal ve k\u00fclt\u00fcrel olarak nas\u0131l konumlan\u0131yorlar?\u201d \u201c\u0130deolojileri nas\u0131l \u015fekilleniyor?\u201d \u201cBug\u00fcnk\u00fc ko\u015fullarda h\u00e2l\u00e2 vas\u0131f ve yarat\u0131c\u0131l\u0131\u011fa sahipler mi?\u201d \u201cMemleketi ba\u015ftan ba\u015fa yeniden kurabilmeyi hedefliyorlar m\u0131? Yoksa f\u0131rt\u0131naya m\u0131 kap\u0131ld\u0131lar?\u201dElinizdeki kitapta, ciddi sorunlar\u0131n oldu\u011fu bir toplumsal arka planda, sanayide \u00e7al\u0131\u015fan m\u00fchendisin hayat\u0131 anlat\u0131l\u0131yor.<\/p>\n","protected":false},"excerpt":{"rendered":"<p>\u00d6r\u00fcmcek, i\u015fini dokumac\u0131ya benzer \u015fekilde g\u00f6rd\u00fc\u011f\u00fc gibi, ar\u0131 da pete\u011fini yapmada pek \u00e7ok mimar\u0131 utand\u0131r\u0131r. Ne var ki, en k\u00f6t\u00fc mimar\u0131 en iyi ar\u0131dan ay\u0131ran \u015fey,<span class=\"excerpt-hellip\"> [\u2026]<\/span><\/p>\n","protected":false},"featured_media":0,"template":"","meta":{"_monsterinsights_skip_tracking":false,"_monsterinsights_sitenote_active":false,"_monsterinsights_sitenote_note":"","_monsterinsights_sitenote_category":0},"product_brand":[],"product_cat":[12325,12324],"product_tag":[],"class_list":{"0":"post-722496","1":"product","2":"type-product","3":"status-publish","5":"product_cat-diger-sosyoloji","6":"product_cat-sosyoloji","7":"pa_cilt-ciltsiz","8":"pa_tur-kitap","9":"pa_yayinevi-imge-kitabevi-yayinlari","10":"pa_yazar-gamze-yucesan-ozdemir","12":"first","13":"instock","14":"sale","15":"shipping-taxable","16":"purchasable","17":"product-type-simple"},"_links":{"self":[{"href":"https:\/\/roveyayinevi.com.tr\/index.php\/wp-json\/wp\/v2\/product\/722496","targetHints":{"allow":["GET"]}}],"collection":[{"href":"https:\/\/roveyayinevi.com.tr\/index.php\/wp-json\/wp\/v2\/product"}],"about":[{"href":"https:\/\/roveyayinevi.com.tr\/index.php\/wp-json\/wp\/v2\/types\/product"}],"wp:attachment":[{"href":"https:\/\/roveyayinevi.com.tr\/index.php\/wp-json\/wp\/v2\/media?parent=722496"}],"wp:term":[{"taxonomy":"product_brand","embeddable":true,"href":"https:\/\/roveyayinevi.com.tr\/index.php\/wp-json\/wp\/v2\/product_brand?post=722496"},{"taxonomy":"product_cat","embeddable":true,"href":"https:\/\/roveyayinevi.com.tr\/index.php\/wp-json\/wp\/v2\/product_cat?post=722496"},{"taxonomy":"product_tag","embeddable":true,"href":"https:\/\/roveyayinevi.com.tr\/index.php\/wp-json\/wp\/v2\/product_tag?post=722496"}],"curies":[{"name":"wp","href":"https:\/\/api.w.org\/{rel}","templated":true}]}}