{"id":722494,"date":"2025-08-27T19:05:12","date_gmt":"2025-08-27T16:05:12","guid":{"rendered":"https:\/\/roveyayinevi.com.tr\/index.php\/urun\/edebiyatta-pati-izleri\/"},"modified":"2026-04-13T02:37:16","modified_gmt":"2026-04-12T23:37:16","slug":"edebiyatta-pati-izleri","status":"publish","type":"product","link":"https:\/\/roveyayinevi.com.tr\/index.php\/urun\/edebiyatta-pati-izleri\/","title":{"rendered":"Edebiyatta Pati \u0130zleri"},"content":{"rendered":"<p>Bir kediyle uyumam\u0131\u015f ya da bir k\u00f6pekle dostluk kurmam\u0131\u015f yazar yoktur neredeyse!Bu kitap \u00e7a\u011fda\u015f edebiyat\u0131m\u0131z\u0131n ya\u015fayan k\u0131ymetli on yazar\u0131n\u0131n hayvanlarla olan ili\u015fkisini okurla bulu\u015fturuyor. Faruk Duman, \u0130nci Aral, Haydar Erg\u00fclen, Buket Uzuner, Do\u011fu Y\u00fccel, Sevin Okyay, Neslihan \u00d6ndero\u011flu, Haldun \u00c7ubuk\u00e7u ve Murat Batmankaya mektuptan \u00f6yk\u00fcye, denemeden anlat\u0131ya uzanan metinlerle hayvanlarla dostluklar\u0131n\u0131 b\u00fcy\u00fck bir i\u00e7tenlikle payla\u015f\u0131yor.Kitab\u0131n ikinci b\u00f6l\u00fcm\u00fcnde ise, Neyzen Tevfik\u2019in bir yerlere gitmeyen Mernu\u015f\u2019undan N\u00e2z\u0131m\u2019\u0131n k\u00f6pe\u011fi \u015eeytan\u2019a, Nurullah Ata\u00e7\u2019\u0131n kedi dostlu\u011fundan, Tevfik Fikret\u2019in Zerri\u015fte\u2019sine, Bilge Karasu\u2019nun filozof kedilerinden, Fikret Otyam\u2019\u0131n \u00e7al\u0131nan ke\u00e7isi Nimet\u00e7ik\u2019e kadar uzanan yelpazede yazarlar\u0131n hayvanlarla ili\u015fkilerinden do\u011fan ilgin\u00e7 olaylar\u0131, anekdotlar\u0131 ve izd\u00fc\u015f\u00fcmler sizi bekliyor.<\/p>\n","protected":false},"excerpt":{"rendered":"<p>Bir kediyle uyumam\u0131\u015f ya da bir k\u00f6pekle dostluk kurmam\u0131\u015f yazar yoktur neredeyse!Bu kitap \u00e7a\u011fda\u015f edebiyat\u0131m\u0131z\u0131n ya\u015fayan k\u0131ymetli on yazar\u0131n\u0131n hayvanlarla olan ili\u015fkisini okurla bulu\u015fturuyor. Faruk Duman,<span class=\"excerpt-hellip\"> [\u2026]<\/span><\/p>\n","protected":false},"featured_media":0,"template":"","meta":{"_monsterinsights_skip_tracking":false,"_monsterinsights_sitenote_active":false,"_monsterinsights_sitenote_note":"","_monsterinsights_sitenote_category":0},"product_brand":[],"product_cat":[12291,12711],"product_tag":[],"class_list":{"0":"post-722494","1":"product","2":"type-product","3":"status-publish","5":"product_cat-edebiyat","6":"product_cat-roman-oyku","7":"pa_cilt-ciltsiz","8":"pa_tur-kitap","9":"pa_yayinevi-kara-karga-yayinlari","10":"pa_yazar-kolektif","12":"first","13":"instock","14":"sale","15":"shipping-taxable","16":"purchasable","17":"product-type-simple"},"_links":{"self":[{"href":"https:\/\/roveyayinevi.com.tr\/index.php\/wp-json\/wp\/v2\/product\/722494","targetHints":{"allow":["GET"]}}],"collection":[{"href":"https:\/\/roveyayinevi.com.tr\/index.php\/wp-json\/wp\/v2\/product"}],"about":[{"href":"https:\/\/roveyayinevi.com.tr\/index.php\/wp-json\/wp\/v2\/types\/product"}],"wp:attachment":[{"href":"https:\/\/roveyayinevi.com.tr\/index.php\/wp-json\/wp\/v2\/media?parent=722494"}],"wp:term":[{"taxonomy":"product_brand","embeddable":true,"href":"https:\/\/roveyayinevi.com.tr\/index.php\/wp-json\/wp\/v2\/product_brand?post=722494"},{"taxonomy":"product_cat","embeddable":true,"href":"https:\/\/roveyayinevi.com.tr\/index.php\/wp-json\/wp\/v2\/product_cat?post=722494"},{"taxonomy":"product_tag","embeddable":true,"href":"https:\/\/roveyayinevi.com.tr\/index.php\/wp-json\/wp\/v2\/product_tag?post=722494"}],"curies":[{"name":"wp","href":"https:\/\/api.w.org\/{rel}","templated":true}]}}