{"id":722493,"date":"2025-08-27T19:05:11","date_gmt":"2025-08-27T16:05:11","guid":{"rendered":"https:\/\/roveyayinevi.com.tr\/index.php\/urun\/antropoloji-kuramlari-tarihi\/"},"modified":"2026-04-16T02:30:32","modified_gmt":"2026-04-15T23:30:32","slug":"antropoloji-kuramlari-tarihi","status":"publish","type":"product","link":"https:\/\/roveyayinevi.com.tr\/index.php\/urun\/antropoloji-kuramlari-tarihi\/","title":{"rendered":"Antropoloji Kuramlar\u0131 Tarihi"},"content":{"rendered":"<p>\u00c7ok satanlar listesine girmi\u015f bu kuramsal metnin be\u015finci bask\u0131s\u0131, daha \u00e7ok toplumsal cinsiyet ve cinsellik konular\u0131n\u0131 kapsayacak \u015fekilde ve Dijital \u00c7a\u011f\u0131n Antropolojileri ile ilgili yeni bir b\u00f6l\u00fcm\u00fc i\u00e7eren \u00f6nemli g\u00fcncellemelerin de eklenmesiyle tekrar g\u00f6zden ge\u00e7irilmi\u015ftir. Anahtar s\u00f6zc\u00fck tan\u0131mlar\u0131 sayfalar\u0131n alt k\u0131sm\u0131nda tekrar belirtilmi\u015f ve okuyucular i\u00e7in daha g\u00fc\u00e7l\u00fc bir ba\u011flam olu\u015fturmak ad\u0131na kuramc\u0131larla ilgili biyografik bilgiler geli\u015ftirilmi\u015ftir. \u0130ster tek ba\u015f\u0131na isterse de Antropoloji Kuramlar\u0131 Tarihi \u00dczerine Okumalar adl\u0131 rehber bask\u0131 ile okunsun, bu metin esnek ve kullan\u0131m\u0131 kolay format\u0131yla lisans seviyesinde antropoloji dersleri veren e\u011fitimcilere geni\u015f bir kapsam sa\u011flamaktad\u0131r.\u201cErickson ve Murphy, en \u00f6nemli antropoloji d\u00fc\u015f\u00fcn\u00fcrlerinin sosyal ve politik ba\u011flamlar\u0131n\u0131 ustaca a\u00e7\u0131klayan, kronolojik ve kapsaml\u0131 bir antropoloji kuramlar\u0131 tarihi sunmaktad\u0131r. Bu metin antropolojinin alt dallar\u0131n\u0131n ve elbette b\u00fct\u00fcnsellik esas\u0131n\u0131n yeg\u00e2ne katk\u0131lar\u0131ndan faydalanarak, antropoloji e\u011fitimi veren ki\u015filere ve \u00f6\u011frencilere y\u00f6nelik kuram\u0131n a\u00e7\u0131k ve karma\u015f\u0131k yanlar\u0131 \u00fczerine bir inceleme sunmaktad\u0131r.Yeni bask\u0131, \u00f6nceki bask\u0131lar geni\u015fleterek mevcut en g\u00fc\u00e7l\u00fc teori metni haline getirilmi\u015ftir.\u201dJennifer Wies, Eastern Kentucky \u00dcniversitesi\u201cBu metindeki malzemeleri etkileyici buldum. Her tarih d\u00f6nemi i\u00e7in etkileyici, d\u00fc\u015f\u00fcnd\u00fcr\u00fcc\u00fc sorular ve geni\u015f kapsaml\u0131, g\u00fcncel okuma listesi sa\u011flayan bu metin, kat\u0131l\u0131mc\u0131 \u00f6\u011frenmeyi ve \u00f6\u011frencileri malzemeyi derinlemesine incelemeye te\u015fvik etmek i\u00e7in muazzam bir ara\u00e7.\u201dMarjorie Snipes, West Georgia \u00dcniversitesi<\/p>\n","protected":false},"excerpt":{"rendered":"<p>\u00c7ok satanlar listesine girmi\u015f bu kuramsal metnin be\u015finci bask\u0131s\u0131, daha \u00e7ok toplumsal cinsiyet ve cinsellik konular\u0131n\u0131 kapsayacak \u015fekilde ve Dijital \u00c7a\u011f\u0131n Antropolojileri ile ilgili yeni bir<span class=\"excerpt-hellip\"> [\u2026]<\/span><\/p>\n","protected":false},"featured_media":0,"template":"","meta":{"_monsterinsights_skip_tracking":false,"_monsterinsights_sitenote_active":false,"_monsterinsights_sitenote_note":"","_monsterinsights_sitenote_category":0},"product_brand":[],"product_cat":[12370,12304],"product_tag":[],"class_list":{"0":"post-722493","1":"product","2":"type-product","3":"status-publish","5":"product_cat-arastirma-inceleme","6":"product_cat-tarih","7":"pa_cilt-ciltsiz","8":"pa_tur-kitap","9":"pa_yayinevi-sumer-yayin","10":"pa_yazar-paul-a-erickson-liam-d-murphy","12":"first","13":"instock","14":"sale","15":"shipping-taxable","16":"purchasable","17":"product-type-simple"},"_links":{"self":[{"href":"https:\/\/roveyayinevi.com.tr\/index.php\/wp-json\/wp\/v2\/product\/722493","targetHints":{"allow":["GET"]}}],"collection":[{"href":"https:\/\/roveyayinevi.com.tr\/index.php\/wp-json\/wp\/v2\/product"}],"about":[{"href":"https:\/\/roveyayinevi.com.tr\/index.php\/wp-json\/wp\/v2\/types\/product"}],"wp:attachment":[{"href":"https:\/\/roveyayinevi.com.tr\/index.php\/wp-json\/wp\/v2\/media?parent=722493"}],"wp:term":[{"taxonomy":"product_brand","embeddable":true,"href":"https:\/\/roveyayinevi.com.tr\/index.php\/wp-json\/wp\/v2\/product_brand?post=722493"},{"taxonomy":"product_cat","embeddable":true,"href":"https:\/\/roveyayinevi.com.tr\/index.php\/wp-json\/wp\/v2\/product_cat?post=722493"},{"taxonomy":"product_tag","embeddable":true,"href":"https:\/\/roveyayinevi.com.tr\/index.php\/wp-json\/wp\/v2\/product_tag?post=722493"}],"curies":[{"name":"wp","href":"https:\/\/api.w.org\/{rel}","templated":true}]}}