{"id":722492,"date":"2025-08-27T19:05:11","date_gmt":"2025-08-27T16:05:11","guid":{"rendered":"https:\/\/roveyayinevi.com.tr\/index.php\/urun\/girisimcilik-hayattir\/"},"modified":"2026-04-16T02:30:32","modified_gmt":"2026-04-15T23:30:32","slug":"girisimcilik-hayattir","status":"publish","type":"product","link":"https:\/\/roveyayinevi.com.tr\/index.php\/urun\/girisimcilik-hayattir\/","title":{"rendered":"Giri\u015fimcilik Hayatt\u0131r"},"content":{"rendered":"<p>Giri\u015fimcilik uzun soluklu, sab\u0131r isteyen, m\u00fccadele gerektiren ve i\u015fe ihtiya\u00e7 duyan her ki\u015finin harc\u0131 olmayan bir ya\u015fam \u015feklidir. Ba\u015flang\u0131\u00e7tan tutunmaya, tutunmadan b\u00fcy\u00fcme a\u015famalar\u0131na ge\u00e7mek daima giri\u015fimcinin b\u00fcy\u00fcme y\u00f6n\u00fcndeki talebine ve gerekli hareketleri do\u011fru zamanda yapmas\u0131na ba\u011fl\u0131d\u0131r.   \u00dcniversite s\u0131ralar\u0131nda \u00f6\u011frenilen bilgilerin yan\u0131 s\u0131ra deneyimlerin de i\u015f ya\u015fam\u0131nda katk\u0131s\u0131 yads\u0131namaz. Mezuniyetinin hemen ard\u0131ndan bir grup arkada\u015f\u0131yla birlikte giri\u015fimcilik hayat\u0131na ad\u0131m atmaya \u00e7al\u0131\u015fan ancak daha yola \u00e7\u0131kmadan ekip da\u011f\u0131ld\u0131\u011f\u0131 i\u00e7in i\u015f fikrini hayata ge\u00e7iremeyen Mehmet Sanl\u0131 da bu alanda ya\u015fad\u0131\u011f\u0131 deneyimleri hayat\u0131na aktarm\u0131\u015f isimlerden birisi. \u00dc\u00e7\u00fcnc\u00fc giri\u015fimcilik deneyiminde do\u011fru i\u015f fikri, do\u011fru ekip ile yola \u00e7\u0131kan ve ba\u015far\u0131y\u0131 yakalayan Sanl\u0131, siz okuyucular i\u00e7in de rehber niteli\u011finde bir kitap haz\u0131rlad\u0131.   Kurucusu oldu\u011fu Giri\u015fim E\u011fitim ve Dan\u0131\u015fmanl\u0131k Merkezi ile \u00fclkemizde giri\u015fimcilik ekosisteminin olu\u015fmas\u0131na y\u00f6nelik ilk ya da \u00f6nc\u00fc bir\u00e7ok projenin tasar\u0131m ve uygulamalar\u0131n\u0131 ger\u00e7ekle\u015ftiren Sanl\u0131\u2019n\u0131n Giri\u015fimcilik Hayatt\u0131r adl\u0131 kitab\u0131, giri\u015fimci olmay\u0131 d\u00fc\u015f\u00fcnen, bir i\u015f fikri bulunan ki\u015filere \u0131\u015f\u0131k tutacak nitelikte. Giri\u015fimcilikte en \u00f6nemli etmenlerden birisinin motivasyon oldu\u011funu kitab\u0131nda anlatan Sanl\u0131, i\u015f plan\u0131n\u0131n nas\u0131l yap\u0131lmas\u0131 gerekti\u011finden ticarile\u015fmenin ad\u0131mlar\u0131na, b\u00fcy\u00fcmeden s\u00fcrd\u00fcr\u00fclebilir giri\u015fimcili\u011fe kadar bir \u00e7ok konuda okuyucusuna deneyimlerini aktar\u0131yor.   Elma Yay\u0131nevi 2020\u2019nin ilk kitab\u0131yla bir kez daha bulu\u015fuyor okuyucusuyla\u2026 <\/p>\n","protected":false},"excerpt":{"rendered":"<p>Giri\u015fimcilik uzun soluklu, sab\u0131r isteyen, m\u00fccadele gerektiren ve i\u015fe ihtiya\u00e7 duyan her ki\u015finin harc\u0131 olmayan bir ya\u015fam \u015feklidir. Ba\u015flang\u0131\u00e7tan tutunmaya, tutunmadan b\u00fcy\u00fcme a\u015famalar\u0131na ge\u00e7mek daima giri\u015fimcinin<span class=\"excerpt-hellip\"> [\u2026]<\/span><\/p>\n","protected":false},"featured_media":0,"template":"","meta":{"_monsterinsights_skip_tracking":false,"_monsterinsights_sitenote_active":false,"_monsterinsights_sitenote_note":"","_monsterinsights_sitenote_category":0},"product_brand":[],"product_cat":[13043,19008],"product_tag":[],"class_list":{"0":"post-722492","1":"product","2":"type-product","3":"status-publish","5":"product_cat-ekonomi","6":"product_cat-yonetim","7":"pa_cilt-ciltsiz","8":"pa_tur-kitap","9":"pa_yayinevi-elma-yayinevi","10":"pa_yazar-mehmet-sohrap-sanli","12":"first","13":"instock","14":"sale","15":"shipping-taxable","16":"purchasable","17":"product-type-simple"},"_links":{"self":[{"href":"https:\/\/roveyayinevi.com.tr\/index.php\/wp-json\/wp\/v2\/product\/722492","targetHints":{"allow":["GET"]}}],"collection":[{"href":"https:\/\/roveyayinevi.com.tr\/index.php\/wp-json\/wp\/v2\/product"}],"about":[{"href":"https:\/\/roveyayinevi.com.tr\/index.php\/wp-json\/wp\/v2\/types\/product"}],"wp:attachment":[{"href":"https:\/\/roveyayinevi.com.tr\/index.php\/wp-json\/wp\/v2\/media?parent=722492"}],"wp:term":[{"taxonomy":"product_brand","embeddable":true,"href":"https:\/\/roveyayinevi.com.tr\/index.php\/wp-json\/wp\/v2\/product_brand?post=722492"},{"taxonomy":"product_cat","embeddable":true,"href":"https:\/\/roveyayinevi.com.tr\/index.php\/wp-json\/wp\/v2\/product_cat?post=722492"},{"taxonomy":"product_tag","embeddable":true,"href":"https:\/\/roveyayinevi.com.tr\/index.php\/wp-json\/wp\/v2\/product_tag?post=722492"}],"curies":[{"name":"wp","href":"https:\/\/api.w.org\/{rel}","templated":true}]}}