{"id":722490,"date":"2025-08-27T19:05:09","date_gmt":"2025-08-27T16:05:09","guid":{"rendered":"https:\/\/roveyayinevi.com.tr\/index.php\/urun\/cuceler-ve-ayakkabici-minikler-icin-unlu-eserler\/"},"modified":"2025-11-06T05:48:02","modified_gmt":"2025-11-06T02:48:02","slug":"cuceler-ve-ayakkabici-minikler-icin-unlu-eserler","status":"publish","type":"product","link":"https:\/\/roveyayinevi.com.tr\/index.php\/urun\/cuceler-ve-ayakkabici-minikler-icin-unlu-eserler\/","title":{"rendered":"C\u00fcceler ve Ayakkab\u0131c\u0131 &#8211; Minikler \u0130\u00e7in \u00dcnl\u00fc Eserler"},"content":{"rendered":"<p>\u00d6yk\u00fc zaman\u0131! D\u00fcnyaca \u00fcnl\u00fc klasikle\u015fmi\u015f eserler sizleri bekliyor.Minikler \u0130\u00e7in \u00dcnl\u00fc Eserler dizisinde yer alan \u00e7ocuklar\u0131n en sevdi\u011fi \u00f6yk\u00fcler, ilgi \u00e7ekici detaylarla s\u00fcslenen renkli resimlerle ve yal\u0131n bir anlat\u0131mla sunuluyor.<\/p>\n","protected":false},"excerpt":{"rendered":"<p>\u00d6yk\u00fc zaman\u0131! D\u00fcnyaca \u00fcnl\u00fc klasikle\u015fmi\u015f eserler sizleri bekliyor.Minikler \u0130\u00e7in \u00dcnl\u00fc Eserler dizisinde yer alan \u00e7ocuklar\u0131n en sevdi\u011fi \u00f6yk\u00fcler, ilgi \u00e7ekici detaylarla s\u00fcslenen renkli resimlerle ve yal\u0131n<span class=\"excerpt-hellip\"> [\u2026]<\/span><\/p>\n","protected":false},"featured_media":0,"template":"","meta":{"_monsterinsights_skip_tracking":false,"_monsterinsights_sitenote_active":false,"_monsterinsights_sitenote_note":"","_monsterinsights_sitenote_category":0},"product_brand":[],"product_cat":[12274,12284],"product_tag":[],"class_list":{"0":"post-722490","1":"product","2":"type-product","3":"status-publish","5":"product_cat-cocuk-ve-genclik-kitaplari","6":"product_cat-hikayeler","7":"pa_cilt-ciltsiz","8":"pa_tur-kitap","9":"pa_yayinevi-almidilli","10":"pa_yazar-grimm-kardesler","12":"first","13":"instock","14":"sale","15":"shipping-taxable","16":"purchasable","17":"product-type-simple"},"_links":{"self":[{"href":"https:\/\/roveyayinevi.com.tr\/index.php\/wp-json\/wp\/v2\/product\/722490","targetHints":{"allow":["GET"]}}],"collection":[{"href":"https:\/\/roveyayinevi.com.tr\/index.php\/wp-json\/wp\/v2\/product"}],"about":[{"href":"https:\/\/roveyayinevi.com.tr\/index.php\/wp-json\/wp\/v2\/types\/product"}],"wp:attachment":[{"href":"https:\/\/roveyayinevi.com.tr\/index.php\/wp-json\/wp\/v2\/media?parent=722490"}],"wp:term":[{"taxonomy":"product_brand","embeddable":true,"href":"https:\/\/roveyayinevi.com.tr\/index.php\/wp-json\/wp\/v2\/product_brand?post=722490"},{"taxonomy":"product_cat","embeddable":true,"href":"https:\/\/roveyayinevi.com.tr\/index.php\/wp-json\/wp\/v2\/product_cat?post=722490"},{"taxonomy":"product_tag","embeddable":true,"href":"https:\/\/roveyayinevi.com.tr\/index.php\/wp-json\/wp\/v2\/product_tag?post=722490"}],"curies":[{"name":"wp","href":"https:\/\/api.w.org\/{rel}","templated":true}]}}