{"id":722480,"date":"2025-08-27T19:05:01","date_gmt":"2025-08-27T16:05:01","guid":{"rendered":"https:\/\/roveyayinevi.com.tr\/index.php\/urun\/esinizle-huzuru-yakalamak\/"},"modified":"2026-04-03T02:36:42","modified_gmt":"2026-04-02T23:36:42","slug":"esinizle-huzuru-yakalamak","status":"publish","type":"product","link":"https:\/\/roveyayinevi.com.tr\/index.php\/urun\/esinizle-huzuru-yakalamak\/","title":{"rendered":"E\u015finizle Huzuru Yakalamak"},"content":{"rendered":"<p>Yeti\u015fkinlik d\u00f6nemimizin en \u00f6nemli kararlar\u0131ndan biri olan huzurlu, uyumlu ve sevgi dolu bir birliktelik i\u00e7in ideal e\u015fi se\u00e7mek konusunda haz\u0131r m\u0131y\u0131z? Bizler hayat\u0131n maddi y\u00f6nleri \u00fczerinde \u00e7ok fazla duruyoruz. \u00d6rne\u011fin bedenimizle, do\u011fayla u\u011fra\u015f\u0131yor; yabanc\u0131 dil \u00f6\u011freniyor, \u00e7ok\u00e7a seyahat ediyoruz. Her zaman de\u011fi\u015fik fikirler ve yakla\u015f\u0131mlarla kar\u015f\u0131la\u015f\u0131yoruz. Ancak i\u015f kendi ailemizi kurmaya gelince hi\u00e7bir deneyime sahip de\u011filiz. Modern Psikoloji, insan\u0131n de\u011fi\u015febilir oldu\u011funu, sadece ki\u015fisel olarak de\u011fil, t\u00fcr olarak da de\u011fi\u015febilece\u011fini bize s\u00f6yler. Bu kitap, insan\u0131n de\u011fi\u015febilece\u011fi fikrini destekliyor. Amac\u0131m\u0131z bug\u00fcn\u00fcn ve yar\u0131n\u0131n e\u015fleri olan okurlar\u0131n kendilerine, e\u015flerine, insanlar\u0131n de\u011fi\u015febilece\u011fine ve ili\u015fkilerin daha  sevgi dolu ve uyumlu hale gelebilece\u011fine inanmalar\u0131n\u0131 sa\u011flamakt\u0131r. Kar\u015f\u0131l\u0131kl\u0131 huzur, anlay\u0131\u015f ve sevgi i\u00e7inde ya\u015fayabilmeleri konusunda onlara yard\u0131mc\u0131 olmakt\u0131r. Unutmayal\u0131m bunun i\u00e7in k\u00fc\u00e7\u00fck \u00e7abalar ancak b\u00fcy\u00fck bir iyi niyet gereklidir\u2026 <\/p>\n","protected":false},"excerpt":{"rendered":"<p>Yeti\u015fkinlik d\u00f6nemimizin en \u00f6nemli kararlar\u0131ndan biri olan huzurlu, uyumlu ve sevgi dolu bir birliktelik i\u00e7in ideal e\u015fi se\u00e7mek konusunda haz\u0131r m\u0131y\u0131z? Bizler hayat\u0131n maddi y\u00f6nleri \u00fczerinde<span class=\"excerpt-hellip\"> [\u2026]<\/span><\/p>\n","protected":false},"featured_media":0,"template":"","meta":{"_monsterinsights_skip_tracking":false,"_monsterinsights_sitenote_active":false,"_monsterinsights_sitenote_note":"","_monsterinsights_sitenote_category":0},"product_brand":[],"product_cat":[12364,12376],"product_tag":[],"class_list":{"0":"post-722480","1":"product","2":"type-product","3":"status-publish","5":"product_cat-genel-konular","6":"product_cat-kisisel-gelisim","7":"pa_cilt-ciltsiz","8":"pa_tur-kitap","9":"pa_yayinevi-totem-yayinlari","10":"pa_yazar-erik-blumenthal","12":"first","13":"instock","14":"sale","15":"shipping-taxable","16":"purchasable","17":"product-type-simple"},"_links":{"self":[{"href":"https:\/\/roveyayinevi.com.tr\/index.php\/wp-json\/wp\/v2\/product\/722480","targetHints":{"allow":["GET"]}}],"collection":[{"href":"https:\/\/roveyayinevi.com.tr\/index.php\/wp-json\/wp\/v2\/product"}],"about":[{"href":"https:\/\/roveyayinevi.com.tr\/index.php\/wp-json\/wp\/v2\/types\/product"}],"wp:attachment":[{"href":"https:\/\/roveyayinevi.com.tr\/index.php\/wp-json\/wp\/v2\/media?parent=722480"}],"wp:term":[{"taxonomy":"product_brand","embeddable":true,"href":"https:\/\/roveyayinevi.com.tr\/index.php\/wp-json\/wp\/v2\/product_brand?post=722480"},{"taxonomy":"product_cat","embeddable":true,"href":"https:\/\/roveyayinevi.com.tr\/index.php\/wp-json\/wp\/v2\/product_cat?post=722480"},{"taxonomy":"product_tag","embeddable":true,"href":"https:\/\/roveyayinevi.com.tr\/index.php\/wp-json\/wp\/v2\/product_tag?post=722480"}],"curies":[{"name":"wp","href":"https:\/\/api.w.org\/{rel}","templated":true}]}}