{"id":722478,"date":"2025-08-27T19:05:00","date_gmt":"2025-08-27T16:05:00","guid":{"rendered":"https:\/\/roveyayinevi.com.tr\/index.php\/urun\/yasamak-icin-bir-nedeni-olan\/"},"modified":"2026-04-16T02:30:31","modified_gmt":"2026-04-15T23:30:31","slug":"yasamak-icin-bir-nedeni-olan","status":"publish","type":"product","link":"https:\/\/roveyayinevi.com.tr\/index.php\/urun\/yasamak-icin-bir-nedeni-olan\/","title":{"rendered":"Ya\u015famak \u0130\u00e7in Bir Nedeni Olan"},"content":{"rendered":"<p>\u201cBen sadece iki dalda uzman olan bir doktor de\u011fil, d\u00f6rt toplama kamp\u0131nda sa\u011f\u20ac kalmay\u0131\u203a ba\u015faran biriyim de. Bu nedenle de t\u00fcm zorlamalar\u0131n \u00fcstesinden gelirken, en k\u00f6t\u00fc ve en zor ko\u015fullarla kar\u015f\u0131 kar\u015f\u0131ya kal\u0131nsa bile, diren\u00e7 g\u00f6stermeyi, insan\u0131n \u00f6zg\u00fcrl\u00fc\u011f\u00fcn\u00fc, \u2018Ruhun Meydan Okumas\u0131\u2019 dedi\u011fim \u015feyin g\u00fcc\u00fcn\u00fc kullanmay\u0131\u203a bilirim.\u201d Viktor E. Frankl Viktor Frankl, \u201cRuhun Meydan Okumas\u0131\u201d ile ilk bak\u0131\u015fta \u00e7e\u015fitli metinlerinde tekrarlad\u0131\u011f\u0131, Nietzsche\u2019den al\u0131nt\u0131lar\u0131 \u00e7a\u011fr\u0131\u015ft\u0131ran, benzer bir konsept sunmu\u015ftur: \u201cYa\u015famak i\u00e7in bir nedenin varsa, her \u015feye katlan\u0131l\u0131r.\u201d Nietzsche\u2019de \u201ckatlanmak\u201d pasif bir \u015fekilde ge\u00e7erli olurken, Frankl bunu aktif \u201cRuhun Meydan Okuma G\u00fcc\u00fc\u201dne d\u00f6n\u00fc\u015ft\u00fcr\u00fcr: \u201cYa\u015famak i\u00e7in bir nedeni olan, hemen her \u015feye bir \u015fekilde katlan\u0131r.\u201d   \u201cDiren\u00e7li olma\u201d ve \u201cruhun meydan okuma g\u00fcc\u00fc\u201d birbiriyle nas\u0131l ili\u015fkilendirilir? Bu kitapta, iki kavram aras\u0131ndaki farkl\u0131l\u0131k ve benzerlikleri dile getirmek i\u00e7in, Frankl\u2019\u0131n de\u011fi\u015ftirilemez ac\u0131lardan ruhsal olarak sa\u011fl\u0131kl\u0131 bir \u015fekilde hayatta kalma olas\u0131l\u0131\u011f\u0131 sorusuna cevap bulma \u00e7al\u0131\u015fmalar\u0131n\u0131n ve \u201cResilienz-\u00dcstesinden Gelme\u201d kavram\u0131n\u0131n ana hatlar\u0131 \u00e7izilecektir.   \u00d6ncelikle hayat, ac\u0131ya ra\u011fmen anlaml\u0131 olabiliyorsa ve \u015fayet bir anlam\u0131n ac\u0131 dolu hallerinde bile onu g\u00f6r\u00fcp fark\u0131na varmak ba\u015far\u0131l\u0131yorsa, o zaman Frankl\u2019a g\u00f6re, her zaman kaderden gelen ac\u0131lar s\u00f6z konusu olmas\u0131 \u015fart\u0131yla; bizi ac\u0131yla kar\u015f\u0131 kar\u015f\u0131ya b\u0131rakan hayatla sava\u015fmaya de\u011fer. \u00c7\u00fcnk\u00fc de\u011fi\u015ftirilebilir ve di\u011fer taraftan bir anl\u0131k anlam \u00e7a\u011fr\u0131s\u0131, bariz bir \u015fekilde katlanmakla de\u011fil, aksine bu ac\u0131y\u0131 gidermek ya da en az\u0131ndan azaltmak i\u00e7in etkili olur.   Hayat\u0131n anlam\u0131n\u0131 bulmak ve diren\u00e7li olabilmenin \u00e7\u0131kar yolu, \u201cYa\u015famak i\u00e7in nedeni olan, her \u015feye katlan\u0131r.\u201d<\/p>\n","protected":false},"excerpt":{"rendered":"<p>\u201cBen sadece iki dalda uzman olan bir doktor de\u011fil, d\u00f6rt toplama kamp\u0131nda sa\u011f\u20ac kalmay\u0131\u203a ba\u015faran biriyim de. Bu nedenle de t\u00fcm zorlamalar\u0131n \u00fcstesinden gelirken, en k\u00f6t\u00fc<span class=\"excerpt-hellip\"> [\u2026]<\/span><\/p>\n","protected":false},"featured_media":0,"template":"","meta":{"_monsterinsights_skip_tracking":false,"_monsterinsights_sitenote_active":false,"_monsterinsights_sitenote_note":"","_monsterinsights_sitenote_category":0},"product_brand":[],"product_cat":[12364,12376],"product_tag":[],"class_list":{"0":"post-722478","1":"product","2":"type-product","3":"status-publish","5":"product_cat-genel-konular","6":"product_cat-kisisel-gelisim","7":"pa_cilt-ciltsiz","8":"pa_tur-kitap","9":"pa_yayinevi-totem-yayinlari","10":"pa_yazar-viktor-e-frankl","12":"first","13":"instock","14":"sale","15":"shipping-taxable","16":"purchasable","17":"product-type-simple"},"_links":{"self":[{"href":"https:\/\/roveyayinevi.com.tr\/index.php\/wp-json\/wp\/v2\/product\/722478","targetHints":{"allow":["GET"]}}],"collection":[{"href":"https:\/\/roveyayinevi.com.tr\/index.php\/wp-json\/wp\/v2\/product"}],"about":[{"href":"https:\/\/roveyayinevi.com.tr\/index.php\/wp-json\/wp\/v2\/types\/product"}],"wp:attachment":[{"href":"https:\/\/roveyayinevi.com.tr\/index.php\/wp-json\/wp\/v2\/media?parent=722478"}],"wp:term":[{"taxonomy":"product_brand","embeddable":true,"href":"https:\/\/roveyayinevi.com.tr\/index.php\/wp-json\/wp\/v2\/product_brand?post=722478"},{"taxonomy":"product_cat","embeddable":true,"href":"https:\/\/roveyayinevi.com.tr\/index.php\/wp-json\/wp\/v2\/product_cat?post=722478"},{"taxonomy":"product_tag","embeddable":true,"href":"https:\/\/roveyayinevi.com.tr\/index.php\/wp-json\/wp\/v2\/product_tag?post=722478"}],"curies":[{"name":"wp","href":"https:\/\/api.w.org\/{rel}","templated":true}]}}