{"id":722475,"date":"2025-08-27T19:04:58","date_gmt":"2025-08-27T16:04:58","guid":{"rendered":"https:\/\/roveyayinevi.com.tr\/index.php\/urun\/toplumsal-bir-manipulasyon-ornegi-dul-kadinlar\/"},"modified":"2026-04-16T02:30:31","modified_gmt":"2026-04-15T23:30:31","slug":"toplumsal-bir-manipulasyon-ornegi-dul-kadinlar","status":"publish","type":"product","link":"https:\/\/roveyayinevi.com.tr\/index.php\/urun\/toplumsal-bir-manipulasyon-ornegi-dul-kadinlar\/","title":{"rendered":"Toplumsal Bir Manip\u00fclasyon \u00d6rne\u011fi &#8211; Dul Kad\u0131nlar"},"content":{"rendered":"<p>Dul kelimesi, medeni hal durumu i\u00e7in kullan\u0131lan basit bir tan\u0131m iken toplumsal yakla\u015f\u0131mlar ve d\u00fc\u015f\u00fcncelerin etkisi ile zaman i\u00e7erisinde say\u0131s\u0131z g\u00f6r\u00fc\u015f, duygu, d\u00fc\u015f\u00fcnce ve davran\u0131\u015f modelini de s\u0131\u011fd\u0131rm\u0131\u015ft\u0131r anlam\u0131na. Bir bireyin hayat yolunda ge\u00e7ebilece\u011fi d\u00f6neme\u00e7lerden biri olan \u2018dul\u2019 olmak, y\u0131llar boyunca daha \u00e7ok dul kad\u0131nlar\u0131n ta\u015f\u0131mak zorunda olduklar\u0131 bir y\u00fck haline gelmi\u015ftir.Toplumsal Bir Manip\u00fclasyon \u00d6rne\u011fi: Dul Kad\u0131nlar ba\u015fl\u0131kl\u0131 bu eser, dul kad\u0131nlar\u0131n toplum i\u00e7inde kendilerini nas\u0131l konumland\u0131rd\u0131klar\u0131na ve toplumun bu konumu nas\u0131l yorumlad\u0131\u011f\u0131 ile ilgili olarak yap\u0131lm\u0131\u015f bir ara\u015ft\u0131rman\u0131n sonucunu payla\u015fmaktad\u0131r. Ara\u015ft\u0131rmada sadece dul kad\u0131nlar\u0131n kendileri hakk\u0131ndaki d\u00fc\u015f\u00fcnceleri ve toplumun kendilerine y\u00f6nelik bak\u0131\u015f a\u00e7\u0131lar\u0131 de\u011fil, ya\u015fad\u0131klar\u0131 ekonomik, psikolojik vb. olumsuz de\u011fi\u015fimlerde ele al\u0131nm\u0131\u015ft\u0131r.<\/p>\n","protected":false},"excerpt":{"rendered":"<p>Dul kelimesi, medeni hal durumu i\u00e7in kullan\u0131lan basit bir tan\u0131m iken toplumsal yakla\u015f\u0131mlar ve d\u00fc\u015f\u00fcncelerin etkisi ile zaman i\u00e7erisinde say\u0131s\u0131z g\u00f6r\u00fc\u015f, duygu, d\u00fc\u015f\u00fcnce ve davran\u0131\u015f modelini<span class=\"excerpt-hellip\"> [\u2026]<\/span><\/p>\n","protected":false},"featured_media":0,"template":"","meta":{"_monsterinsights_skip_tracking":false,"_monsterinsights_sitenote_active":false,"_monsterinsights_sitenote_note":"","_monsterinsights_sitenote_category":0},"product_brand":[],"product_cat":[12358,12357],"product_tag":[],"class_list":{"0":"post-722475","1":"product","2":"type-product","3":"status-publish","5":"product_cat-genel-psikoloji","6":"product_cat-psikoloji","7":"pa_cilt-ciltsiz","8":"pa_tur-kitap","9":"pa_yayinevi-ideal-kultur-akademik","10":"pa_yazar-ayse-ozpolat","12":"first","13":"instock","14":"sale","15":"shipping-taxable","16":"purchasable","17":"product-type-simple"},"_links":{"self":[{"href":"https:\/\/roveyayinevi.com.tr\/index.php\/wp-json\/wp\/v2\/product\/722475","targetHints":{"allow":["GET"]}}],"collection":[{"href":"https:\/\/roveyayinevi.com.tr\/index.php\/wp-json\/wp\/v2\/product"}],"about":[{"href":"https:\/\/roveyayinevi.com.tr\/index.php\/wp-json\/wp\/v2\/types\/product"}],"wp:attachment":[{"href":"https:\/\/roveyayinevi.com.tr\/index.php\/wp-json\/wp\/v2\/media?parent=722475"}],"wp:term":[{"taxonomy":"product_brand","embeddable":true,"href":"https:\/\/roveyayinevi.com.tr\/index.php\/wp-json\/wp\/v2\/product_brand?post=722475"},{"taxonomy":"product_cat","embeddable":true,"href":"https:\/\/roveyayinevi.com.tr\/index.php\/wp-json\/wp\/v2\/product_cat?post=722475"},{"taxonomy":"product_tag","embeddable":true,"href":"https:\/\/roveyayinevi.com.tr\/index.php\/wp-json\/wp\/v2\/product_tag?post=722475"}],"curies":[{"name":"wp","href":"https:\/\/api.w.org\/{rel}","templated":true}]}}