{"id":722473,"date":"2025-08-27T19:04:57","date_gmt":"2025-08-27T16:04:57","guid":{"rendered":"https:\/\/roveyayinevi.com.tr\/index.php\/urun\/milli-mecmua-sayi-6-ocak-subat-2019\/"},"modified":"2026-04-16T02:30:31","modified_gmt":"2026-04-15T23:30:31","slug":"milli-mecmua-sayi-6-ocak-subat-2019","status":"publish","type":"product","link":"https:\/\/roveyayinevi.com.tr\/index.php\/urun\/milli-mecmua-sayi-6-ocak-subat-2019\/","title":{"rendered":"Milli Mecmua Say\u0131 6 \/ Ocak &#8211; \u015eubat 2019"},"content":{"rendered":"<p>G\u00f6kt\u00fcrk \u00d6mer \u00c7ak\u0131r &#8211; Ziya G\u00f6kalpTurgut G\u00fcler &#8211; Ar\u0131 Biziz, Bal Bizdedir!Levent Bayraktar &#8211; Ziya G\u00f6kalp Ve D\u00fc\u015f\u00fcnce Hayat\u0131m\u0131zY\u0131lmaz \u00d6zakp\u0131nar &#8211; Ziya G\u00f6kalp\u2019ta K\u00fclt\u00fcr Ve Medeniyet Kavram\u0131Ayhan B\u0131\u00e7ak &#8211; Ziya G\u00f6kalp\u2019\u0131n Felsefe Anlay\u0131\u015f\u0131Y\u00fccel Karada\u015f &#8211; Ziya G\u00f6kalp\u2019\u0131n D\u00fc\u015f\u00fcncesinde K\u00f6\u015fe Ta\u015flar\u0131Mehmet Kaan \u00c7elen &#8211; Mukayeseli Sosyoloji \u0130le Mill\u00ee Sosyoloji Aras\u0131nda Ziya G\u00f6kalp\u2019in Tarih Anlay\u0131\u015f\u0131 \u00dczerine NotlarFazl\u0131 Arslan &#8211; Ziya G\u00f6kalp\u2019\u0131n F\u00e2r\u00e2b\u00ee \u0130le Sorunu Neydi?Cafer Vayni &#8211; Erol G\u00fcng\u00f6r\u2019e G\u00f6re Ziya G\u00f6kalpL\u00fctfi Bergen &#8211; \u0130smet \u00d6zel ile Z\u0131ya G\u00f6kalp\u2019\u0131n \u201cT\u00fcrk\u201d Kavram\u0131Adil \u00d6zcan &#8211; Nurettin Top\u00e7u\u2019nun Ziya G\u00f6kalp Ele\u015ftirisi \u00dcst\u00fcneOzan Korhan &#8211; G\u00f6kalp \u0130le A\u011fao\u011flu Aras\u0131nda: \u201cHars Ve Medeniyet\u201dO\u011fuzhan Murat \u00d6zt\u00fcrk &#8211; Ziya G\u00f6kalp \u00dczerine \u0130ki \u00d6zg\u00fcn Okuma DenemesiMustafa Acun &#8211; Bir Gelene\u011fin Medeniyet Ve K\u00fclt\u00fcr TelakkisiMehmet Cem \u015eahin &#8211; Ziya G\u00f6kalp\u2019in F\u0131k\u0131h Teorisi \u00dczerine Sosyolojik Bir De\u011ferlendirme\u0130smet T\u00fcrkmen &#8211; Hilafetin \u0130lgas\u0131 Meselesine \u0130li\u015fkin Ziya G\u00f6kalp\u2019in G\u00f6r\u00fc\u015fleriHayati Bice &#8211; Ziya G\u00f6kalp, Din ve TasavvufMustafa Yi\u011fit &#8211; Ziya G\u00f6kalp: Gelece\u011fin Devleti M\u00fcsl\u00fcman Muas\u0131r T\u00fcrklerden Olu\u015facakt\u0131rDo\u011fukan Oru\u00e7 &#8211; Ziya G\u00f6kalp Ve Dil MeselesiO\u011fuzhan Bozda\u011f &#8211; Ziya G\u00f6kalp Ve Mimarl\u0131kta T\u00fcrkl\u00fckHasan T\u00fclkay &#8211; Serdenge\u00e7ti\u2019de G\u00f6kalp Ve Hakikat Hassasiyeti\u0130brahim Da\u015f &#8211; Ziya G\u00f6kalp\u2019\u0131n \u015eiirlerine Yakla\u015f\u0131m DenemesiMetin Sava\u015f &#8211; Ziya G\u00f6kalp\u2019\u0131n Miad\u0131 Dolmayan Re\u00e7etesiAlperen Can &#8211; Entelekt\u00fcel Hakemlik: K\u00e2tip \u00c7elebi\u2019nin Ve Ziya G\u00f6kalp\u2019\u0131n \u0130htilaflar\u0131 \u00c7\u00f6z\u00fcm\u00fc<\/p>\n","protected":false},"excerpt":{"rendered":"<p>G\u00f6kt\u00fcrk \u00d6mer \u00c7ak\u0131r &#8211; Ziya G\u00f6kalpTurgut G\u00fcler &#8211; Ar\u0131 Biziz, Bal Bizdedir!Levent Bayraktar &#8211; Ziya G\u00f6kalp Ve D\u00fc\u015f\u00fcnce Hayat\u0131m\u0131zY\u0131lmaz \u00d6zakp\u0131nar &#8211; Ziya G\u00f6kalp\u2019ta K\u00fclt\u00fcr Ve Medeniyet<span class=\"excerpt-hellip\"> [\u2026]<\/span><\/p>\n","protected":false},"featured_media":0,"template":"","meta":{"_monsterinsights_skip_tracking":false,"_monsterinsights_sitenote_active":false,"_monsterinsights_sitenote_note":"","_monsterinsights_sitenote_category":0},"product_brand":[],"product_cat":[13527,14356],"product_tag":[],"class_list":{"0":"post-722473","1":"product","2":"type-product","3":"status-publish","5":"product_cat-sureli-yayinlar","6":"product_cat-tarih-sureli-yayinlar","7":"pa_cilt-ciltsiz","8":"pa_tur-dergi","9":"pa_yayinevi-otuken-nesriyat","10":"pa_yazar-kolektif","12":"first","13":"instock","14":"sale","15":"shipping-taxable","16":"purchasable","17":"product-type-simple"},"_links":{"self":[{"href":"https:\/\/roveyayinevi.com.tr\/index.php\/wp-json\/wp\/v2\/product\/722473","targetHints":{"allow":["GET"]}}],"collection":[{"href":"https:\/\/roveyayinevi.com.tr\/index.php\/wp-json\/wp\/v2\/product"}],"about":[{"href":"https:\/\/roveyayinevi.com.tr\/index.php\/wp-json\/wp\/v2\/types\/product"}],"wp:attachment":[{"href":"https:\/\/roveyayinevi.com.tr\/index.php\/wp-json\/wp\/v2\/media?parent=722473"}],"wp:term":[{"taxonomy":"product_brand","embeddable":true,"href":"https:\/\/roveyayinevi.com.tr\/index.php\/wp-json\/wp\/v2\/product_brand?post=722473"},{"taxonomy":"product_cat","embeddable":true,"href":"https:\/\/roveyayinevi.com.tr\/index.php\/wp-json\/wp\/v2\/product_cat?post=722473"},{"taxonomy":"product_tag","embeddable":true,"href":"https:\/\/roveyayinevi.com.tr\/index.php\/wp-json\/wp\/v2\/product_tag?post=722473"}],"curies":[{"name":"wp","href":"https:\/\/api.w.org\/{rel}","templated":true}]}}