{"id":722472,"date":"2025-08-27T19:04:56","date_gmt":"2025-08-27T16:04:56","guid":{"rendered":"https:\/\/roveyayinevi.com.tr\/index.php\/urun\/milli-mecmua-sayi-5-kasim-aralik-2018\/"},"modified":"2026-04-16T02:30:31","modified_gmt":"2026-04-15T23:30:31","slug":"milli-mecmua-sayi-5-kasim-aralik-2018","status":"publish","type":"product","link":"https:\/\/roveyayinevi.com.tr\/index.php\/urun\/milli-mecmua-sayi-5-kasim-aralik-2018\/","title":{"rendered":"Milli Mecmua Say\u0131 5 \/ Kas\u0131m &#8211; Aral\u0131k 2018"},"content":{"rendered":"<p>\u00dc\u00e7 \u015eairin T\u00fcrkiye Ufku \/L\u00fctfi BergenKemalizm ve Oryantalizm K\u0131skac\u0131nda T\u00fcrk Muhafazak\u00e2rlar\u0131n\u0131n B\u00fcy\u00fck T\u00fcrkiye R\u00fcyas\u0131 \/ Mehmet Ak\u0131nc\u0131Bural\u0131 T\u00fcrk: Kemal Tahir \/ Hasan ErimezB\u00fcy\u00fck ve G\u00fc\u00e7l\u00fc Bir T\u00fcrkiye i\u00e7in Ats\u0131z\u2019\u0131n Re\u00e7etesi \/ Murat Y\u0131lmazBir Medeniyet Tasavvuru: Yar\u0131nki T\u00fcrkiye \/ Abd\u00fclnasir K\u0131m\u0131\u015fo\u011fluT\u00fcrkiye\u2019nin \u015eiiri \/ \u0130brahim Da\u015fB\u00fcy\u00fck T\u00fcrkiye R\u00fcyas\u0131n\u0131 Bir Nesle G\u00f6rd\u00fcren Tefekk\u00fcr: D\u00fcndar Ta\u015fer \/ O\u011fuzhan Murat \u00d6zt\u00fcrkS\u00fcleyman \u00c7obano\u011flu ile M\u00fclakatMill\u00ee Mecm\u00fba Dizini<\/p>\n","protected":false},"excerpt":{"rendered":"<p>\u00dc\u00e7 \u015eairin T\u00fcrkiye Ufku \/L\u00fctfi BergenKemalizm ve Oryantalizm K\u0131skac\u0131nda T\u00fcrk Muhafazak\u00e2rlar\u0131n\u0131n B\u00fcy\u00fck T\u00fcrkiye R\u00fcyas\u0131 \/ Mehmet Ak\u0131nc\u0131Bural\u0131 T\u00fcrk: Kemal Tahir \/ Hasan ErimezB\u00fcy\u00fck ve G\u00fc\u00e7l\u00fc Bir<span class=\"excerpt-hellip\"> [\u2026]<\/span><\/p>\n","protected":false},"featured_media":0,"template":"","meta":{"_monsterinsights_skip_tracking":false,"_monsterinsights_sitenote_active":false,"_monsterinsights_sitenote_note":"","_monsterinsights_sitenote_category":0},"product_brand":[],"product_cat":[13527,14356],"product_tag":[],"class_list":{"0":"post-722472","1":"product","2":"type-product","3":"status-publish","5":"product_cat-sureli-yayinlar","6":"product_cat-tarih-sureli-yayinlar","7":"pa_cilt-ciltsiz","8":"pa_tur-dergi","9":"pa_yayinevi-otuken-nesriyat","10":"pa_yazar-kolektif","12":"first","13":"instock","14":"sale","15":"shipping-taxable","16":"purchasable","17":"product-type-simple"},"_links":{"self":[{"href":"https:\/\/roveyayinevi.com.tr\/index.php\/wp-json\/wp\/v2\/product\/722472","targetHints":{"allow":["GET"]}}],"collection":[{"href":"https:\/\/roveyayinevi.com.tr\/index.php\/wp-json\/wp\/v2\/product"}],"about":[{"href":"https:\/\/roveyayinevi.com.tr\/index.php\/wp-json\/wp\/v2\/types\/product"}],"wp:attachment":[{"href":"https:\/\/roveyayinevi.com.tr\/index.php\/wp-json\/wp\/v2\/media?parent=722472"}],"wp:term":[{"taxonomy":"product_brand","embeddable":true,"href":"https:\/\/roveyayinevi.com.tr\/index.php\/wp-json\/wp\/v2\/product_brand?post=722472"},{"taxonomy":"product_cat","embeddable":true,"href":"https:\/\/roveyayinevi.com.tr\/index.php\/wp-json\/wp\/v2\/product_cat?post=722472"},{"taxonomy":"product_tag","embeddable":true,"href":"https:\/\/roveyayinevi.com.tr\/index.php\/wp-json\/wp\/v2\/product_tag?post=722472"}],"curies":[{"name":"wp","href":"https:\/\/api.w.org\/{rel}","templated":true}]}}