{"id":722471,"date":"2025-08-27T19:04:56","date_gmt":"2025-08-27T16:04:56","guid":{"rendered":"https:\/\/roveyayinevi.com.tr\/index.php\/urun\/giysiler-ne-anlatir\/"},"modified":"2026-04-16T02:30:31","modified_gmt":"2026-04-15T23:30:31","slug":"giysiler-ne-anlatir","status":"publish","type":"product","link":"https:\/\/roveyayinevi.com.tr\/index.php\/urun\/giysiler-ne-anlatir\/","title":{"rendered":"Giysiler Ne Anlat\u0131r"},"content":{"rendered":"<p>\u201cGiysiler Ne Anlat\u0131r? sadece bir moda kitab\u0131 de\u011fil. Seda&#8217;n\u0131n tecr\u00fcbeleriyle ko\u015fut olarak yak\u0131n moda tarihini aktar\u0131rken irdeledi\u011fi pek \u00e7ok konu var. Ge\u00e7ti\u011fimiz y\u00fczy\u0131llara ait korse, mini etek, smokin ceket gibi anahtar objeler, 80\u2019lerdeki marka ve logo diktat\u00f6rl\u00fc\u011f\u00fc, 90\u2019lardaki s\u00fcpermodellerin imaj y\u00fcklemesi, blogger\u2019larla edit\u00f6rlerin tart\u0131\u015fmas\u0131, feminizmin ge\u00e7irdi\u011fi evreler ve modaya yava\u015f yava\u015f h\u00fckmetmesi, Bat\u0131\u2019n\u0131n g\u00fczellik kavram\u0131ndaki de\u011fi\u015fimlerin T\u00fcrkiye\u2019ye ayarlanm\u0131\u015f merceklerle incelenmesi, modayla ilgili de\u011ferlerin nas\u0131l d\u00f6n\u00fc\u015ft\u00fc\u011f\u00fc, k\u0131s\u0131tl\u0131 bas\u0131l\u0131 materyallerin dola\u015ft\u0131\u011f\u0131 zamanlardan, Instagram\u2019\u0131n egemen oldu\u011fu g\u00fcn\u00fcm\u00fcz d\u00fcnyas\u0131na ge\u00e7i\u015f gibi bir\u00e7ok meseleyi aktar\u0131rken izledi\u011fi ki\u015fisel yol, onun herkesten ayr\u0131lmas\u0131na sebep oluyor. Bence yazar\u0131n en \u00f6nemli \u00f6zelli\u011fi, neyi anlatt\u0131\u011f\u0131ndan \u00e7ok, nas\u0131l anlatt\u0131\u011f\u0131yla ilgili.   T\u00fcrkiye\u2019ye \u00f6zg\u00fc ya\u015fam\u0131n ani s\u0131\u00e7ray\u0131\u015flar\u0131n\u0131n sokaktaki insana olan etkisini ve modan\u0131n T\u00fcrk insan\u0131 i\u00e7in de\u011fi\u015fen anlamlar\u0131n\u0131, biraz g\u00fcl\u00fcmseyerek, biraz burkularak ama hep ba\u015f\u0131n\u0131zla onaylayarak okuyor ve yava\u015f yava\u015f sindiriyorsunuz. Giysiler Ne Anlat\u0131r? moda tarihinin bu\u011fulu atmosferini okura \u00f6ylesine etkileyici bir bi\u00e7imde yans\u0131t\u0131yor ki, kendi ger\u00e7ekliklerinizden apayr\u0131, nostaljik bir yolculuk i\u00e7inde, yazarla el ele y\u00fcr\u00fcyormu\u015f gibi hissediyorsunuz.   Seda Y\u0131lmaz\u2019\u0131 \u015fimdiye kadar tan\u0131mad\u0131ysan\u0131z, bu kitapla onu sadece tan\u0131makla kalmayacak, ayn\u0131 zamanda yeni bir dostla, kahve ve lokum e\u015fli\u011finde, i\u00e7inizi \u0131s\u0131tan, \u00f6\u011freten s\u0131cac\u0131k bir sohbet etmi\u015f olacaks\u0131n\u0131z.\u201d Bora AKSU, Moda Tasar\u0131mc\u0131s\u0131   \u201cBir \u00e7\u0131rp\u0131da okudum, tad\u0131 dama\u011f\u0131mda kald\u0131. Moda sadece moda de\u011fildir, zaten \u2018sadece moda\u2019 diye bir \u015fey de yoktur.\u201d AKSU Bora, Yazar ve Akademisyen <\/p>\n","protected":false},"excerpt":{"rendered":"<p>\u201cGiysiler Ne Anlat\u0131r? sadece bir moda kitab\u0131 de\u011fil. Seda&#8217;n\u0131n tecr\u00fcbeleriyle ko\u015fut olarak yak\u0131n moda tarihini aktar\u0131rken irdeledi\u011fi pek \u00e7ok konu var. Ge\u00e7ti\u011fimiz y\u00fczy\u0131llara ait korse, mini<span class=\"excerpt-hellip\"> [\u2026]<\/span><\/p>\n","protected":false},"featured_media":0,"template":"","meta":{"_monsterinsights_skip_tracking":false,"_monsterinsights_sitenote_active":false,"_monsterinsights_sitenote_note":"","_monsterinsights_sitenote_category":0},"product_brand":[],"product_cat":[18545,12291],"product_tag":[],"class_list":{"0":"post-722471","1":"product","2":"type-product","3":"status-publish","5":"product_cat-anlati","6":"product_cat-edebiyat","7":"pa_cilt-ciltsiz","8":"pa_tur-kitap","9":"pa_yayinevi-mundi","10":"pa_yazar-seda-yilmaz","12":"first","13":"instock","14":"sale","15":"shipping-taxable","16":"purchasable","17":"product-type-simple"},"_links":{"self":[{"href":"https:\/\/roveyayinevi.com.tr\/index.php\/wp-json\/wp\/v2\/product\/722471","targetHints":{"allow":["GET"]}}],"collection":[{"href":"https:\/\/roveyayinevi.com.tr\/index.php\/wp-json\/wp\/v2\/product"}],"about":[{"href":"https:\/\/roveyayinevi.com.tr\/index.php\/wp-json\/wp\/v2\/types\/product"}],"wp:attachment":[{"href":"https:\/\/roveyayinevi.com.tr\/index.php\/wp-json\/wp\/v2\/media?parent=722471"}],"wp:term":[{"taxonomy":"product_brand","embeddable":true,"href":"https:\/\/roveyayinevi.com.tr\/index.php\/wp-json\/wp\/v2\/product_brand?post=722471"},{"taxonomy":"product_cat","embeddable":true,"href":"https:\/\/roveyayinevi.com.tr\/index.php\/wp-json\/wp\/v2\/product_cat?post=722471"},{"taxonomy":"product_tag","embeddable":true,"href":"https:\/\/roveyayinevi.com.tr\/index.php\/wp-json\/wp\/v2\/product_tag?post=722471"}],"curies":[{"name":"wp","href":"https:\/\/api.w.org\/{rel}","templated":true}]}}