{"id":722470,"date":"2025-08-27T19:04:55","date_gmt":"2025-08-27T16:04:55","guid":{"rendered":"https:\/\/roveyayinevi.com.tr\/index.php\/urun\/ismiyle-yasayanlar\/"},"modified":"2026-04-16T02:30:31","modified_gmt":"2026-04-15T23:30:31","slug":"ismiyle-yasayanlar","status":"publish","type":"product","link":"https:\/\/roveyayinevi.com.tr\/index.php\/urun\/ismiyle-yasayanlar\/","title":{"rendered":"\u0130smiyle Ya\u015fayanlar"},"content":{"rendered":"<p>Bir biyografi ve vak\u0131f ara\u015ft\u0131rmas\u0131 olan ismiyle Ya\u015fayanlar-Siyavu\u015f Pa\u015fa ve Vak\u0131flar\u0131 isimli eserde, Siyavu\u015f Pa\u015fa ve vak\u0131flar\u0131n\u0131n \u0130dar\u00ee, hukuk\u00ee ve iktisadi yap\u0131s\u0131 vak\u0131flara ait ar\u015fiv kay\u0131tlar\u0131 \u00e7er\u00e7evesinde b\u00fct\u00fcn y\u00f6nleriyle ele al\u0131nmaktad\u0131r. Vakfiyesi h\u00e2lihaz\u0131rda bulunmayan bir vakf\u0131n hukuk\u00ee mahiyeti, hayrat\u0131, mevk\u00fbfat\u0131 ve \u00f6zel \u015fartlar\u0131 son derece zengin olan vak\u0131f ar\u015fiv kay\u0131tlar\u0131 sayesinde t\u00fcm y\u00f6nleriyle incelenmesi eserin en \u00f6nemli \u00f6zelli\u011fini olu\u015fturmaktad\u0131r. Biyografi ile vak\u0131f ara\u015ft\u0131rmas\u0131n\u0131 birle\u015ftirmesi ile soy tarihine, ayr\u0131ca Siyavu\u015f Pa\u015fa&#8217;n\u0131n e\u015fi Fatma Sultan&#8217;\u0131n II. Selim&#8217;in k\u0131z\u0131 olmas\u0131 sebebiyle, hanedan tarihine de katk\u0131 sa\u011flamaktad\u0131r.Siyavu\u015f Pa\u015fa&#8217;n\u0131n devlet kademelerinde rol almaya ba\u015flad\u0131\u011f\u0131 16. y\u00fczy\u0131l\u0131n ikinci yar\u0131s\u0131ndan ba\u015flayan eser, tek ba\u015f\u0131na bir biyografi \u00e7al\u0131\u015fmas\u0131 olmad\u0131\u011f\u0131ndan, pa\u015fan\u0131n \u00f6l\u00fcm\u00fcnden itibaren vakf\u0131n ve ailesinin tarihi ba\u015flamaktad\u0131r. Dolay\u0131s\u0131yla, 17. y\u00fczy\u0131l\u0131n ba\u015f\u0131ndan itibaren ele al\u0131nan Siyavu\u015f Pa\u015fa vakf\u0131n\u0131n tarihi, Osmanl\u0131 Devleti&#8217;nin son evrelerine, 20. y\u00fczy\u0131l ba\u015flar\u0131na kadar gelmektedir. Bu sayede Osmanl\u0131 vak\u0131flar\u0131n\u0131n klasik idare tarz\u0131n\u0131n, ilerleyen zamanda, yenile\u015fme d\u00f6neminde ald\u0131\u011f\u0131 \u015fekilleri g\u00f6rmek m\u00fcmk\u00fcn olabilmektedir. Bat\u0131l\u0131la\u015fma anlam\u0131nda, Osmanl\u0131 klasik d\u00f6neminin sonu kabul edilen 18. y\u00fczy\u0131l sonu ve 19. y\u00fczy\u0131l\u0131n ba\u015f\u0131nda, vak\u0131flar\u0131n y\u00f6netim anlay\u0131\u015f\u0131, muhasebe i\u015flemleri ve hatta hukuk\u00ee yap\u0131s\u0131yla, yenile\u015fme hareketlerinin evlatl\u0131k vak\u0131flar \u00fczerindeki etkileri de ortaya konulmaktad\u0131r. <\/p>\n","protected":false},"excerpt":{"rendered":"<p>Bir biyografi ve vak\u0131f ara\u015ft\u0131rmas\u0131 olan ismiyle Ya\u015fayanlar-Siyavu\u015f Pa\u015fa ve Vak\u0131flar\u0131 isimli eserde, Siyavu\u015f Pa\u015fa ve vak\u0131flar\u0131n\u0131n \u0130dar\u00ee, hukuk\u00ee ve iktisadi yap\u0131s\u0131 vak\u0131flara ait ar\u015fiv kay\u0131tlar\u0131<span class=\"excerpt-hellip\"> [\u2026]<\/span><\/p>\n","protected":false},"featured_media":0,"template":"","meta":{"_monsterinsights_skip_tracking":false,"_monsterinsights_sitenote_active":false,"_monsterinsights_sitenote_note":"","_monsterinsights_sitenote_category":0},"product_brand":[],"product_cat":[12370,12304],"product_tag":[],"class_list":{"0":"post-722470","1":"product","2":"type-product","3":"status-publish","5":"product_cat-arastirma-inceleme","6":"product_cat-tarih","7":"pa_cilt-ciltsiz","8":"pa_tur-kitap","9":"pa_yayinevi-ideal-kultur-akademik","10":"pa_yazar-reyhan-sahin-allahverdi","12":"first","13":"instock","14":"sale","15":"shipping-taxable","16":"purchasable","17":"product-type-simple"},"_links":{"self":[{"href":"https:\/\/roveyayinevi.com.tr\/index.php\/wp-json\/wp\/v2\/product\/722470","targetHints":{"allow":["GET"]}}],"collection":[{"href":"https:\/\/roveyayinevi.com.tr\/index.php\/wp-json\/wp\/v2\/product"}],"about":[{"href":"https:\/\/roveyayinevi.com.tr\/index.php\/wp-json\/wp\/v2\/types\/product"}],"wp:attachment":[{"href":"https:\/\/roveyayinevi.com.tr\/index.php\/wp-json\/wp\/v2\/media?parent=722470"}],"wp:term":[{"taxonomy":"product_brand","embeddable":true,"href":"https:\/\/roveyayinevi.com.tr\/index.php\/wp-json\/wp\/v2\/product_brand?post=722470"},{"taxonomy":"product_cat","embeddable":true,"href":"https:\/\/roveyayinevi.com.tr\/index.php\/wp-json\/wp\/v2\/product_cat?post=722470"},{"taxonomy":"product_tag","embeddable":true,"href":"https:\/\/roveyayinevi.com.tr\/index.php\/wp-json\/wp\/v2\/product_tag?post=722470"}],"curies":[{"name":"wp","href":"https:\/\/api.w.org\/{rel}","templated":true}]}}