{"id":722467,"date":"2025-08-27T19:04:53","date_gmt":"2025-08-27T16:04:53","guid":{"rendered":"https:\/\/roveyayinevi.com.tr\/index.php\/urun\/duygusal-zeka-ve-liderlik\/"},"modified":"2026-04-16T02:30:31","modified_gmt":"2026-04-15T23:30:31","slug":"duygusal-zeka-ve-liderlik","status":"publish","type":"product","link":"https:\/\/roveyayinevi.com.tr\/index.php\/urun\/duygusal-zeka-ve-liderlik\/","title":{"rendered":"Duygusal Zeka ve Liderlik"},"content":{"rendered":"<p>Daniel Goleman, Harvard Business Review\u2019de yay\u0131nlanan makaleleri ile i\u015f d\u00fcnyas\u0131na duygusal zek\u00e2 kavram\u0131n\u0131 soktu ve liderler i\u00e7in vazge\u00e7ilmez bir \u00f6zellik olarak kabul edilmesini sa\u011flad\u0131. Bu makalelerin en \u00e7ok okunan ve en sayg\u0131n \u00fc\u00e7\u00fc; \u201cLideri lider yapan nedir?\u201d , \u201cOdaklanm\u0131\u015f lider\u201d ve \u201cSonu\u00e7 al\u0131c\u0131 liderlik\u201d ilk kez bu kitapta, bir arada yer al\u0131yor.Bu \u00fc\u00e7 klasik makale bize, duygusal zek\u00e2 ile odaklanma ve \u00f6l\u00e7\u00fclebilir i\u015f sonu\u00e7lar\u0131 aras\u0131ndaki do\u011frudan ba\u011f\u0131 g\u00f6steriyor.Kendi duygusal zek\u00e2n\u0131z\u0131 tan\u0131mak ve geli\u015ftirmek ya da di\u011ferlerinin duygusal zek\u00e2s\u0131n\u0131 g\u00fc\u00e7lendirmek istiyorsan\u0131z Goleman\u2019\u0131n zamana direnen ara\u015ft\u0131rmalar\u0131, etkili bir lider olman\u0131z i\u00e7in pratik ve kullan\u0131\u015fl\u0131 yollar sunuyor.<\/p>\n","protected":false},"excerpt":{"rendered":"<p>Daniel Goleman, Harvard Business Review\u2019de yay\u0131nlanan makaleleri ile i\u015f d\u00fcnyas\u0131na duygusal zek\u00e2 kavram\u0131n\u0131 soktu ve liderler i\u00e7in vazge\u00e7ilmez bir \u00f6zellik olarak kabul edilmesini sa\u011flad\u0131. Bu makalelerin<span class=\"excerpt-hellip\"> [\u2026]<\/span><\/p>\n","protected":false},"featured_media":0,"template":"","meta":{"_monsterinsights_skip_tracking":false,"_monsterinsights_sitenote_active":false,"_monsterinsights_sitenote_note":"","_monsterinsights_sitenote_category":0},"product_brand":[],"product_cat":[13043,17647],"product_tag":[],"class_list":{"0":"post-722467","1":"product","2":"type-product","3":"status-publish","5":"product_cat-ekonomi","6":"product_cat-is-dunyasi","7":"pa_cilt-ciltsiz","8":"pa_tur-kitap","9":"pa_yayinevi-optimist-yayin-dagitim","10":"pa_yazar-daniel-goleman","12":"first","13":"instock","14":"sale","15":"shipping-taxable","16":"purchasable","17":"product-type-simple"},"_links":{"self":[{"href":"https:\/\/roveyayinevi.com.tr\/index.php\/wp-json\/wp\/v2\/product\/722467","targetHints":{"allow":["GET"]}}],"collection":[{"href":"https:\/\/roveyayinevi.com.tr\/index.php\/wp-json\/wp\/v2\/product"}],"about":[{"href":"https:\/\/roveyayinevi.com.tr\/index.php\/wp-json\/wp\/v2\/types\/product"}],"wp:attachment":[{"href":"https:\/\/roveyayinevi.com.tr\/index.php\/wp-json\/wp\/v2\/media?parent=722467"}],"wp:term":[{"taxonomy":"product_brand","embeddable":true,"href":"https:\/\/roveyayinevi.com.tr\/index.php\/wp-json\/wp\/v2\/product_brand?post=722467"},{"taxonomy":"product_cat","embeddable":true,"href":"https:\/\/roveyayinevi.com.tr\/index.php\/wp-json\/wp\/v2\/product_cat?post=722467"},{"taxonomy":"product_tag","embeddable":true,"href":"https:\/\/roveyayinevi.com.tr\/index.php\/wp-json\/wp\/v2\/product_tag?post=722467"}],"curies":[{"name":"wp","href":"https:\/\/api.w.org\/{rel}","templated":true}]}}