{"id":722464,"date":"2025-08-27T19:04:51","date_gmt":"2025-08-27T16:04:51","guid":{"rendered":"https:\/\/roveyayinevi.com.tr\/index.php\/urun\/turk-irana-persligin-dayatilmasi\/"},"modified":"2026-04-16T02:30:31","modified_gmt":"2026-04-15T23:30:31","slug":"turk-irana-persligin-dayatilmasi","status":"publish","type":"product","link":"https:\/\/roveyayinevi.com.tr\/index.php\/urun\/turk-irana-persligin-dayatilmasi\/","title":{"rendered":"T\u00fcrk \u0130ran&#8217;a Persli\u011fin Dayat\u0131lmas\u0131"},"content":{"rendered":"<p>As\u0131rlarca B\u00fcy\u00fck \u00c7engiz Han\u2019\u0131n Verasetine ve B\u00fcy\u00fck Emir Timur\u2019un soyundan gelmeye dayanan derin T\u00fcrk devlet gelene\u011fine sahip \u0130ran\u2019da, T\u00fcrkl\u00fc\u011f\u00fcn etkisizle\u015ftirilmesi, resmi tarih olarak dayat\u0131lan &#8220;Avrupa Tarih Tezi\u201d ve yap\u0131lm\u0131\u015f olan korkun\u00e7 soyk\u0131r\u0131mla m\u00fcmk\u00fcn olmu\u015ftur.1917-1921 y\u0131llar\u0131nda uygulanm\u0131\u015f olan &#8220;G\u0131da Kontrol Sistemi\u201d ile \u00fclkede yakla\u015f\u0131k 10 milyon insan helak olmu\u015ftur. Nitekim Gacar Devleti\u2019nin yan\u0131 s\u0131ra \u00fclkenin asli kurucu unsuru olan T\u00fcrklerin iradesi tamamen k\u0131r\u0131lm\u0131\u015f, Fars dili \u00fczerinden hareketle sat\u0131lm\u0131\u015f baz\u0131 yerli T\u00fcrk misyonerleri ile beraber kuzey Hint men\u015feli az\u0131nl\u0131klar\u0131n ileri gelenleri kullan\u0131larak &#8220;Pehlev\u00ee\u201d s\u00f6m\u00fcrge devleti kurulmu\u015ftur. Ba\u015fka bir ifade ile \u0130ran T\u00fcrkl\u00fc\u011f\u00fcn\u00fcn yak\u0131lm\u0131\u015f k\u00fclleri \u00fczerinde sahtele\u015ftirilmemi\u015f ger\u00e7ek tarihi bir belge ile tarihi varl\u0131\u011f\u0131 tescillenemeyen Pers denilen Yapay kimlikle yeni Ulus-Devlet yap\u0131lanmas\u0131na gidilmi\u015ftir.Do\u011fuya resmi tarih olarak dayat\u0131lan &#8220;Avrupa Tarih Tezi\u201dnin \u00f6z\u00fcn\u00fc &#8220;Hint-Avrupa Halklar\u0131n\u0131n K\u00f6ken Birlikteli\u011fi\u201d ile ilgili ileri s\u00fcr\u00fclen \u00e7\u00fcr\u00fck iddia olu\u015fturur. Bu iddian\u0131n m\u00fcellifleri esasen Jacob Bryant, S. W. Jones, T. Young, F. Shlegel, A. Wilhelm, Ch. Lassen, A. Pictet, J. Stevensons, R. G. Latham, A. Dupperon, J. F. Blumbach, T. R. Trautmann, F. M. M\u00fcller gibi s\u00f6zde tarih\u00e7i, asl\u0131nda tamamen s\u00f6m\u00fcrgeci devletlerin teorik aya\u011f\u0131n\u0131 olu\u015fturan oryantalistler taraf\u0131ndan i\u015flenerek resmi tarih anlay\u0131\u015f\u0131 olarak s\u00f6m\u00fcrge devletlere dayat\u0131lm\u0131\u015ft\u0131r.<\/p>\n","protected":false},"excerpt":{"rendered":"<p>As\u0131rlarca B\u00fcy\u00fck \u00c7engiz Han\u2019\u0131n Verasetine ve B\u00fcy\u00fck Emir Timur\u2019un soyundan gelmeye dayanan derin T\u00fcrk devlet gelene\u011fine sahip \u0130ran\u2019da, T\u00fcrkl\u00fc\u011f\u00fcn etkisizle\u015ftirilmesi, resmi tarih olarak dayat\u0131lan &#8220;Avrupa Tarih<span class=\"excerpt-hellip\"> [\u2026]<\/span><\/p>\n","protected":false},"featured_media":0,"template":"","meta":{"_monsterinsights_skip_tracking":false,"_monsterinsights_sitenote_active":false,"_monsterinsights_sitenote_note":"","_monsterinsights_sitenote_category":0},"product_brand":[],"product_cat":[12305,12304],"product_tag":[],"class_list":{"0":"post-722464","1":"product","2":"type-product","3":"status-publish","5":"product_cat-dunya-tarihi","6":"product_cat-tarih","7":"pa_cilt-ciltsiz","8":"pa_tur-kitap","9":"pa_yayinevi-astana-yayinlari","10":"pa_yazar-rahim-cavadbeyli","12":"first","13":"instock","14":"sale","15":"shipping-taxable","16":"purchasable","17":"product-type-simple"},"_links":{"self":[{"href":"https:\/\/roveyayinevi.com.tr\/index.php\/wp-json\/wp\/v2\/product\/722464","targetHints":{"allow":["GET"]}}],"collection":[{"href":"https:\/\/roveyayinevi.com.tr\/index.php\/wp-json\/wp\/v2\/product"}],"about":[{"href":"https:\/\/roveyayinevi.com.tr\/index.php\/wp-json\/wp\/v2\/types\/product"}],"wp:attachment":[{"href":"https:\/\/roveyayinevi.com.tr\/index.php\/wp-json\/wp\/v2\/media?parent=722464"}],"wp:term":[{"taxonomy":"product_brand","embeddable":true,"href":"https:\/\/roveyayinevi.com.tr\/index.php\/wp-json\/wp\/v2\/product_brand?post=722464"},{"taxonomy":"product_cat","embeddable":true,"href":"https:\/\/roveyayinevi.com.tr\/index.php\/wp-json\/wp\/v2\/product_cat?post=722464"},{"taxonomy":"product_tag","embeddable":true,"href":"https:\/\/roveyayinevi.com.tr\/index.php\/wp-json\/wp\/v2\/product_tag?post=722464"}],"curies":[{"name":"wp","href":"https:\/\/api.w.org\/{rel}","templated":true}]}}