{"id":722463,"date":"2025-08-27T19:04:50","date_gmt":"2025-08-27T16:04:50","guid":{"rendered":"https:\/\/roveyayinevi.com.tr\/index.php\/urun\/any-empire\/"},"modified":"2026-04-16T02:30:31","modified_gmt":"2026-04-15T23:30:31","slug":"any-empire","status":"publish","type":"product","link":"https:\/\/roveyayinevi.com.tr\/index.php\/urun\/any-empire\/","title":{"rendered":"Any Empire"},"content":{"rendered":"<p>Nate Powell\u2019\u0131n Eisner \u00f6d\u00fcll\u00fc Yut Beni kitab\u0131n\u0131n devam\u0131nda gelen bu \u00e7izgiroman, sava\u015f\u0131, \u015fiddeti ve bu kavramlar\u0131n ABD\u2019nin orta kesimi \u00fczerindeki etkilerini inceliyor. K\u00fc\u00e7\u00fck bir kasabada b\u00fcy\u00fcyen bir grup \u00e7ocuk, yeti\u015fkinliklerinde tekrar bir araya geliyor ve karanl\u0131k ge\u00e7mi\u015fleri, gelecek kayg\u0131lar\u0131yla \u00e7arp\u0131\u015f\u0131yor.Any Empire, bir g\u00fcney kasabas\u0131nda ya\u015fayan ve \u015fiddet fantezileri \u00fczerinden kaplumba\u011fa yok etme timi kuran \u00fc\u00e7 \u00e7ocu\u011fun pe\u015finden gidiyor. Y\u0131llar sonra bu \u00fc\u00e7 \u00e7ocuk, yeti\u015fkin bireyler olarak bir araya geldiklerinde, g\u00fc\u00e7, aidiyet ve ihanet kavramlar\u0131n\u0131 sorguluyor.<\/p>\n","protected":false},"excerpt":{"rendered":"<p>Nate Powell\u2019\u0131n Eisner \u00f6d\u00fcll\u00fc Yut Beni kitab\u0131n\u0131n devam\u0131nda gelen bu \u00e7izgiroman, sava\u015f\u0131, \u015fiddeti ve bu kavramlar\u0131n ABD\u2019nin orta kesimi \u00fczerindeki etkilerini inceliyor. K\u00fc\u00e7\u00fck bir kasabada b\u00fcy\u00fcyen<span class=\"excerpt-hellip\"> [\u2026]<\/span><\/p>\n","protected":false},"featured_media":0,"template":"","meta":{"_monsterinsights_skip_tracking":false,"_monsterinsights_sitenote_active":false,"_monsterinsights_sitenote_note":"","_monsterinsights_sitenote_category":0},"product_brand":[],"product_cat":[12416,12291],"product_tag":[],"class_list":{"0":"post-722463","1":"product","2":"type-product","3":"status-publish","5":"product_cat-cizgi-roman","6":"product_cat-edebiyat","7":"pa_cilt-ciltsiz","8":"pa_tur-kitap","9":"pa_yayinevi-kara-karga-yayinlari","10":"pa_yazar-nate-powell","12":"first","13":"instock","14":"sale","15":"shipping-taxable","16":"purchasable","17":"product-type-simple"},"_links":{"self":[{"href":"https:\/\/roveyayinevi.com.tr\/index.php\/wp-json\/wp\/v2\/product\/722463","targetHints":{"allow":["GET"]}}],"collection":[{"href":"https:\/\/roveyayinevi.com.tr\/index.php\/wp-json\/wp\/v2\/product"}],"about":[{"href":"https:\/\/roveyayinevi.com.tr\/index.php\/wp-json\/wp\/v2\/types\/product"}],"wp:attachment":[{"href":"https:\/\/roveyayinevi.com.tr\/index.php\/wp-json\/wp\/v2\/media?parent=722463"}],"wp:term":[{"taxonomy":"product_brand","embeddable":true,"href":"https:\/\/roveyayinevi.com.tr\/index.php\/wp-json\/wp\/v2\/product_brand?post=722463"},{"taxonomy":"product_cat","embeddable":true,"href":"https:\/\/roveyayinevi.com.tr\/index.php\/wp-json\/wp\/v2\/product_cat?post=722463"},{"taxonomy":"product_tag","embeddable":true,"href":"https:\/\/roveyayinevi.com.tr\/index.php\/wp-json\/wp\/v2\/product_tag?post=722463"}],"curies":[{"name":"wp","href":"https:\/\/api.w.org\/{rel}","templated":true}]}}