{"id":722460,"date":"2025-08-27T19:04:48","date_gmt":"2025-08-27T16:04:48","guid":{"rendered":"https:\/\/roveyayinevi.com.tr\/index.php\/urun\/felsefe-dersleri-2\/"},"modified":"2026-04-16T02:30:31","modified_gmt":"2026-04-15T23:30:31","slug":"felsefe-dersleri-2","status":"publish","type":"product","link":"https:\/\/roveyayinevi.com.tr\/index.php\/urun\/felsefe-dersleri-2\/","title":{"rendered":"Felsefe Dersleri"},"content":{"rendered":"<p>Felsefeye giri\u015f i\u00e7in bir el kitab\u0131 niteli\u011fi ta\u015f\u0131yan Felsefe Dersleri, Simone Weil\u2019in hen\u00fcz 24 ya\u015f\u0131nda iken lisede verdi\u011fi derslerden olu\u015fuyor.Gen\u00e7 ya\u015fta ortaya koydu\u011fu etkin eserlerle klasik bir filozof haline gelen Weil, bu derslerde, al\u0131\u015f\u0131ld\u0131k sunum y\u00f6nteminden farkl\u0131 bir y\u00f6ntem uyguluyor. Soyut fikirleri ki\u015fisel tecr\u00fcbelerle ve hem edebi hem tarihsel referanslarla i\u015fliyor. Binlerce y\u0131ll\u0131k sorunlar\u0131 d\u00fc\u015f\u00fcn\u00fcrken g\u00fcncel bilimsel \u00e7\u00f6z\u00fcmleri de tart\u0131\u015fmaya dahil ediyor.Son derece kolay okunan bu dersler, 20. y\u00fczy\u0131l ba\u015f\u0131ndan g\u00fcn\u00fcm\u00fcze, felsefenin izleyece\u011fi seyir a\u00e7\u0131s\u0131ndan da temel bir eser.<\/p>\n","protected":false},"excerpt":{"rendered":"<p>Felsefeye giri\u015f i\u00e7in bir el kitab\u0131 niteli\u011fi ta\u015f\u0131yan Felsefe Dersleri, Simone Weil\u2019in hen\u00fcz 24 ya\u015f\u0131nda iken lisede verdi\u011fi derslerden olu\u015fuyor.Gen\u00e7 ya\u015fta ortaya koydu\u011fu etkin eserlerle klasik<span class=\"excerpt-hellip\"> [\u2026]<\/span><\/p>\n","protected":false},"featured_media":0,"template":"","meta":{"_monsterinsights_skip_tracking":false,"_monsterinsights_sitenote_active":false,"_monsterinsights_sitenote_note":"","_monsterinsights_sitenote_category":0},"product_brand":[],"product_cat":[12388,14717],"product_tag":[],"class_list":{"0":"post-722460","1":"product","2":"type-product","3":"status-publish","5":"product_cat-felsefe","6":"product_cat-felsefe-tarihi","7":"pa_cilt-ciltsiz","8":"pa_tur-kitap","9":"pa_yayinevi-pinhan-yayincilik","10":"pa_yazar-simone-weil","12":"first","13":"instock","14":"sale","15":"shipping-taxable","16":"purchasable","17":"product-type-simple"},"_links":{"self":[{"href":"https:\/\/roveyayinevi.com.tr\/index.php\/wp-json\/wp\/v2\/product\/722460","targetHints":{"allow":["GET"]}}],"collection":[{"href":"https:\/\/roveyayinevi.com.tr\/index.php\/wp-json\/wp\/v2\/product"}],"about":[{"href":"https:\/\/roveyayinevi.com.tr\/index.php\/wp-json\/wp\/v2\/types\/product"}],"wp:attachment":[{"href":"https:\/\/roveyayinevi.com.tr\/index.php\/wp-json\/wp\/v2\/media?parent=722460"}],"wp:term":[{"taxonomy":"product_brand","embeddable":true,"href":"https:\/\/roveyayinevi.com.tr\/index.php\/wp-json\/wp\/v2\/product_brand?post=722460"},{"taxonomy":"product_cat","embeddable":true,"href":"https:\/\/roveyayinevi.com.tr\/index.php\/wp-json\/wp\/v2\/product_cat?post=722460"},{"taxonomy":"product_tag","embeddable":true,"href":"https:\/\/roveyayinevi.com.tr\/index.php\/wp-json\/wp\/v2\/product_tag?post=722460"}],"curies":[{"name":"wp","href":"https:\/\/api.w.org\/{rel}","templated":true}]}}