{"id":722458,"date":"2025-08-27T19:04:47","date_gmt":"2025-08-27T16:04:47","guid":{"rendered":"https:\/\/roveyayinevi.com.tr\/index.php\/urun\/bosna-osmanli-yadigari-1878-1918\/"},"modified":"2026-04-16T02:30:31","modified_gmt":"2026-04-15T23:30:31","slug":"bosna-osmanli-yadigari-1878-1918","status":"publish","type":"product","link":"https:\/\/roveyayinevi.com.tr\/index.php\/urun\/bosna-osmanli-yadigari-1878-1918\/","title":{"rendered":"Bosna &#8211; Osmanl\u0131 Yadigar\u0131 (1878-1918)"},"content":{"rendered":"<p>Bosna-Hersek topraklar\u0131, Mil\u00e2t\u2019tan \u00f6nceki d\u00f6nemlerden ba\u015flayarak \u0130lir, Romal\u0131, Kelt, Got, Pers, Hun, Avar, \u0130sl\u00e2v, Kuman, Pe\u00e7enek ve T\u00fcrk-O\u011fuz boylar\u0131 gibi bir\u00e7ok farkl\u0131 soya, ge\u00e7ici veya kal\u0131c\u0131 olarak ev sahipli\u011fi yapm\u0131\u015ft\u0131r. 1463 y\u0131l\u0131nda T\u00fcrk idaresine ge\u00e7en Bo\u015fnaklar, Fatih Sultan Mehmed\u2019in fermanlar\u0131ndan ba\u015flayarak \u00e2deta \u00f6zerk bir konumda ya\u015fam\u0131\u015f ve bu ortamda kendilerine has m\u00fcstesna bir k\u00fclt\u00fcr ve medeniyet olu\u015fturmu\u015flard\u0131r. Ne var ki d\u0131\u015f g\u00fc\u00e7lerin dolaplar\u0131 marifetiyle Bosna, Avusturya-Macaristan taraf\u0131ndan 1878\u2019de i\u015fg\u00e2l edilmi\u015f ve Birinci D\u00fcnya Sava\u015f\u0131n\u0131n sonuna kadar Avusturya-Macaristan idaresinde kalm\u0131\u015ft\u0131r. Bo\u015fnaklar\u2019\u0131n Yugoslavya Krall\u0131\u011f\u0131 ve Tito Yugoslavyas\u0131\u2019nda ve 1992-1995 aras\u0131ndaki kanl\u0131 sava\u015fta u\u011frad\u0131klar\u0131 katliamlar\u0131n ve yerinden edilmelerinin ba\u015flang\u0131c\u0131n\u0131 in\u015fa eden d\u00f6nem, Avusturya-Macaristan i\u015fgal idaresinin ta kendisi olmu\u015ftur. 1878-1918 y\u0131llar\u0131 aras\u0131nda s\u00fcren i\u015fg\u00e2l idaresinde ya\u015fananlar 150.000 civar\u0131nda Bo\u015fnak, mal\u0131n\u0131-m\u00fclk\u00fcn\u00fc y\u00fcz\u00fcst\u00fc terk ederek, 1898-1912 y\u0131llar\u0131nda T\u00fcrk topraklar\u0131na s\u0131\u011f\u0131nmas\u0131na zemin haz\u0131rlanm\u0131\u015ft\u0131r.Osmanl\u0131 Yadigar\u0131 Bosna isimli bu eserde 1878-1918 y\u0131llar\u0131n\u0131n aras\u0131ndaki 40 y\u0131ll\u0131k d\u00f6nemde Bo\u015fnaklar\u0131n ya\u015fad\u0131\u011f\u0131 bask\u0131y\u0131-zulm\u00fc, zor \u015fartlardaki siyas\u00ee ve fikr\u00ee geli\u015fimlerini ve zor \u015fartlarda dahi korumaya \u00e7al\u0131\u015ft\u0131klar\u0131 kendine has toplum ve millet k\u00fclt\u00fcrlerini bulacaks\u0131n\u0131z.<\/p>\n","protected":false},"excerpt":{"rendered":"<p>Bosna-Hersek topraklar\u0131, Mil\u00e2t\u2019tan \u00f6nceki d\u00f6nemlerden ba\u015flayarak \u0130lir, Romal\u0131, Kelt, Got, Pers, Hun, Avar, \u0130sl\u00e2v, Kuman, Pe\u00e7enek ve T\u00fcrk-O\u011fuz boylar\u0131 gibi bir\u00e7ok farkl\u0131 soya, ge\u00e7ici veya kal\u0131c\u0131<span class=\"excerpt-hellip\"> [\u2026]<\/span><\/p>\n","protected":false},"featured_media":0,"template":"","meta":{"_monsterinsights_skip_tracking":false,"_monsterinsights_sitenote_active":false,"_monsterinsights_sitenote_note":"","_monsterinsights_sitenote_category":0},"product_brand":[],"product_cat":[12370,12304],"product_tag":[],"class_list":{"0":"post-722458","1":"product","2":"type-product","3":"status-publish","5":"product_cat-arastirma-inceleme","6":"product_cat-tarih","7":"pa_cilt-ciltsiz","8":"pa_tur-kitap","9":"pa_yayinevi-ideal-kultur-akademik","10":"pa_yazar-fahriye-emgili","12":"first","13":"instock","14":"sale","15":"shipping-taxable","16":"purchasable","17":"product-type-simple"},"_links":{"self":[{"href":"https:\/\/roveyayinevi.com.tr\/index.php\/wp-json\/wp\/v2\/product\/722458","targetHints":{"allow":["GET"]}}],"collection":[{"href":"https:\/\/roveyayinevi.com.tr\/index.php\/wp-json\/wp\/v2\/product"}],"about":[{"href":"https:\/\/roveyayinevi.com.tr\/index.php\/wp-json\/wp\/v2\/types\/product"}],"wp:attachment":[{"href":"https:\/\/roveyayinevi.com.tr\/index.php\/wp-json\/wp\/v2\/media?parent=722458"}],"wp:term":[{"taxonomy":"product_brand","embeddable":true,"href":"https:\/\/roveyayinevi.com.tr\/index.php\/wp-json\/wp\/v2\/product_brand?post=722458"},{"taxonomy":"product_cat","embeddable":true,"href":"https:\/\/roveyayinevi.com.tr\/index.php\/wp-json\/wp\/v2\/product_cat?post=722458"},{"taxonomy":"product_tag","embeddable":true,"href":"https:\/\/roveyayinevi.com.tr\/index.php\/wp-json\/wp\/v2\/product_tag?post=722458"}],"curies":[{"name":"wp","href":"https:\/\/api.w.org\/{rel}","templated":true}]}}