{"id":722457,"date":"2025-08-27T19:04:46","date_gmt":"2025-08-27T16:04:46","guid":{"rendered":"https:\/\/roveyayinevi.com.tr\/index.php\/urun\/kumdan-sokaklar\/"},"modified":"2026-04-16T02:30:31","modified_gmt":"2026-04-15T23:30:31","slug":"kumdan-sokaklar","status":"publish","type":"product","link":"https:\/\/roveyayinevi.com.tr\/index.php\/urun\/kumdan-sokaklar\/","title":{"rendered":"Kumdan Sokaklar"},"content":{"rendered":"<p>Desen okurlar\u0131n\u0131n K\u0131r\u0131\u015f\u0131kl\u0131klar adl\u0131 bol \u00f6d\u00fcll\u00fc yap\u0131t\u0131yla tan\u0131d\u0131klar\u0131 \u0130spanyol ill\u00fcstrat\u00f6r ve yazar Paco Roca\u2019n\u0131n imzas\u0131n\u0131 ta\u015f\u0131yan Kumdan Sokaklar, birbirinden ilgin\u00e7 ya\u015fam \u00f6yk\u00fclerini ger\u00e7ekli\u011fin s\u0131n\u0131r\u0131nda kesi\u015ftiren, ba\u015f d\u00f6nd\u00fcr\u00fcc\u00fc bir grafik roman. Kitapseverleri, \u201cyanl\u0131\u015f\u201d soka\u011fa sapan gen\u00e7 bir adam\u0131n pe\u015fi s\u0131ra abs\u00fcrd olaylar\u0131n cereyan etti\u011fi s\u00fcrreal bir d\u00fcnyayla bulu\u015fturan bu merak uyand\u0131r\u0131c\u0131 eser; rutini k\u0131r\u0131p, kendi kaderini tayin etme pe\u015fine d\u00fc\u015fen \u201cyaln\u0131z\u201d ruhlar\u0131n g\u00fcnd\u00fcz d\u00fc\u015flerini an\u0131msat\u0131yor. Paco Roca \u00e7izgileri ve hayal g\u00fcc\u00fcyle kendine bir kez daha hayran b\u0131rak\u0131rken, kurdu\u011fu metinleraras\u0131 ba\u011flarla Borges\u2019ten Kafka\u2019ya, Melville\u2019den Poe\u2019ya b\u00fcy\u00fck ustalara selam g\u00f6ndermeyi de ihmal etmiyor.  Bir s\u00fcredir kafas\u0131 da\u011f\u0131n\u0131k olan gen\u00e7 adam, ev kredisi ba\u015fvurusu i\u00e7in sevgilisiyle birlikte gidecekleri banka randevusunu unutur. Bu yetmezmi\u015f gibi, ayn\u0131 saatler i\u00e7in bir arkada\u015f\u0131na da bulu\u015fma s\u00f6z\u00fc vermi\u015ftir. K\u0131z arkada\u015f\u0131n\u0131 daha fazla \u00f6fkelendirmemek ve ona yeni bir hayal k\u0131rkl\u0131\u011f\u0131 ya\u015fatmamak umuduyla tela\u015f i\u00e7inde kestirme bir yola sapar. Ne var ki \u015fehrin labirenti and\u0131ran eski sokaklar\u0131 aras\u0131nda kaybolur. T\u00fcm bu ya\u015fad\u0131klar\u0131 k\u00f6t\u00fc bir tesad\u00fcf m\u00fcd\u00fcr yoksa zihninin ona oynad\u0131\u011f\u0131 k\u00fc\u00e7\u00fck bir oyun mu? Bu tuhaf ser\u00fcven boyunca gen\u00e7 adam\u0131n tan\u0131\u015ft\u0131\u011f\u0131 abs\u00fcrd karakterler ve kar\u015f\u0131la\u015ft\u0131\u011f\u0131 fantastik olaylar ona ger\u00e7ekte istedi\u011fi hayat\u0131 kurabilmesi i\u00e7in h\u00e2l\u00e2 bir \u015fans\u0131 oldu\u011funu hat\u0131rlat\u0131r. \u00c7\u0131k\u0131\u015fs\u0131z gibi g\u00f6r\u00fcnse bile vazge\u00e7ilmesi g\u00fc\u00e7 \u00f6zg\u00fcrl\u00fck aray\u0131\u015f\u0131n\u0131n; tekinsiz, tedirgin edici bir duyguya d\u00f6n\u00fc\u015ferek okurun i\u00e7ine i\u015fledi\u011fi Kumdan Sokaklar, zihninin karanl\u0131k labirentlerinde kaybolan ya da kaybolmaya y\u00fcz tutmu\u015f herkesin yoluna umut k\u0131r\u0131nt\u0131lar\u0131 serpi\u015ftiriyor.  <\/p>\n","protected":false},"excerpt":{"rendered":"<p>Desen okurlar\u0131n\u0131n K\u0131r\u0131\u015f\u0131kl\u0131klar adl\u0131 bol \u00f6d\u00fcll\u00fc yap\u0131t\u0131yla tan\u0131d\u0131klar\u0131 \u0130spanyol ill\u00fcstrat\u00f6r ve yazar Paco Roca\u2019n\u0131n imzas\u0131n\u0131 ta\u015f\u0131yan Kumdan Sokaklar, birbirinden ilgin\u00e7 ya\u015fam \u00f6yk\u00fclerini ger\u00e7ekli\u011fin s\u0131n\u0131r\u0131nda kesi\u015ftiren, ba\u015f<span class=\"excerpt-hellip\"> [\u2026]<\/span><\/p>\n","protected":false},"featured_media":0,"template":"","meta":{"_monsterinsights_skip_tracking":false,"_monsterinsights_sitenote_active":false,"_monsterinsights_sitenote_note":"","_monsterinsights_sitenote_category":0},"product_brand":[],"product_cat":[12416,12291],"product_tag":[],"class_list":{"0":"post-722457","1":"product","2":"type-product","3":"status-publish","5":"product_cat-cizgi-roman","6":"product_cat-edebiyat","7":"pa_cilt-ciltsiz","8":"pa_tur-kitap","9":"pa_yayinevi-desen-yayinlari","10":"pa_yazar-paco-roca","12":"first","13":"instock","14":"sale","15":"shipping-taxable","16":"purchasable","17":"product-type-simple"},"_links":{"self":[{"href":"https:\/\/roveyayinevi.com.tr\/index.php\/wp-json\/wp\/v2\/product\/722457","targetHints":{"allow":["GET"]}}],"collection":[{"href":"https:\/\/roveyayinevi.com.tr\/index.php\/wp-json\/wp\/v2\/product"}],"about":[{"href":"https:\/\/roveyayinevi.com.tr\/index.php\/wp-json\/wp\/v2\/types\/product"}],"wp:attachment":[{"href":"https:\/\/roveyayinevi.com.tr\/index.php\/wp-json\/wp\/v2\/media?parent=722457"}],"wp:term":[{"taxonomy":"product_brand","embeddable":true,"href":"https:\/\/roveyayinevi.com.tr\/index.php\/wp-json\/wp\/v2\/product_brand?post=722457"},{"taxonomy":"product_cat","embeddable":true,"href":"https:\/\/roveyayinevi.com.tr\/index.php\/wp-json\/wp\/v2\/product_cat?post=722457"},{"taxonomy":"product_tag","embeddable":true,"href":"https:\/\/roveyayinevi.com.tr\/index.php\/wp-json\/wp\/v2\/product_tag?post=722457"}],"curies":[{"name":"wp","href":"https:\/\/api.w.org\/{rel}","templated":true}]}}