{"id":722456,"date":"2025-08-27T19:04:45","date_gmt":"2025-08-27T16:04:45","guid":{"rendered":"https:\/\/roveyayinevi.com.tr\/index.php\/urun\/hayaller-alarga\/"},"modified":"2026-04-16T02:30:31","modified_gmt":"2026-04-15T23:30:31","slug":"hayaller-alarga","status":"publish","type":"product","link":"https:\/\/roveyayinevi.com.tr\/index.php\/urun\/hayaller-alarga\/","title":{"rendered":"Hayaller Alarga"},"content":{"rendered":"<p>Hatice \u00d6zbasmac\u0131\u2019dan i\u00e7leri \u0131s\u0131tan s\u0131ra d\u0131\u015f\u0131 bir a\u015fk roman\u0131\u2026      Romanda \u015fu sorular\u0131n cevaplar\u0131 aran\u0131yor;      \u201c A\u015fk, d\u00fcr\u00fcstl\u00fckle toplanabilir ya da \u00e7arp\u0131labilir mi?  Yoksa ikisi ayn\u0131 oranlarda m\u0131d\u0131r?      Kar\u015f\u0131l\u0131kl\u0131 duygular kesi\u015fti\u011finde ortak payda g\u00fcven olmazsa ne olur?      A\u015fk\u0131n sabit bir rengi, say\u0131s\u0131, hakk\u0131 hukuku var m\u0131d\u0131r?        Yoksa her sevda kendine has \u00e7izgisini kendi mi belirler? Yoksa a\u015fkla y\u00fckl\u00fc insanlar gamla y\u00fckl\u00fc uzak ve suskun gemiler misali hep alarga m\u0131d\u0131r?\u201d      \u0130yi okumalar diliyoruz. <\/p>\n","protected":false},"excerpt":{"rendered":"<p>Hatice \u00d6zbasmac\u0131\u2019dan i\u00e7leri \u0131s\u0131tan s\u0131ra d\u0131\u015f\u0131 bir a\u015fk roman\u0131\u2026 Romanda \u015fu sorular\u0131n cevaplar\u0131 aran\u0131yor; \u201c A\u015fk, d\u00fcr\u00fcstl\u00fckle toplanabilir ya da \u00e7arp\u0131labilir mi? Yoksa ikisi ayn\u0131 oranlarda<span class=\"excerpt-hellip\"> [\u2026]<\/span><\/p>\n","protected":false},"featured_media":0,"template":"","meta":{"_monsterinsights_skip_tracking":false,"_monsterinsights_sitenote_active":false,"_monsterinsights_sitenote_note":"","_monsterinsights_sitenote_category":0},"product_brand":[],"product_cat":[12291,12711],"product_tag":[],"class_list":{"0":"post-722456","1":"product","2":"type-product","3":"status-publish","5":"product_cat-edebiyat","6":"product_cat-roman-oyku","7":"pa_cilt-ciltsiz","8":"pa_tur-kitap","9":"pa_yayinevi-galeati-yayincilik","10":"pa_yazar-hatice-ozbasmaci","12":"first","13":"instock","14":"sale","15":"shipping-taxable","16":"purchasable","17":"product-type-simple"},"_links":{"self":[{"href":"https:\/\/roveyayinevi.com.tr\/index.php\/wp-json\/wp\/v2\/product\/722456","targetHints":{"allow":["GET"]}}],"collection":[{"href":"https:\/\/roveyayinevi.com.tr\/index.php\/wp-json\/wp\/v2\/product"}],"about":[{"href":"https:\/\/roveyayinevi.com.tr\/index.php\/wp-json\/wp\/v2\/types\/product"}],"wp:attachment":[{"href":"https:\/\/roveyayinevi.com.tr\/index.php\/wp-json\/wp\/v2\/media?parent=722456"}],"wp:term":[{"taxonomy":"product_brand","embeddable":true,"href":"https:\/\/roveyayinevi.com.tr\/index.php\/wp-json\/wp\/v2\/product_brand?post=722456"},{"taxonomy":"product_cat","embeddable":true,"href":"https:\/\/roveyayinevi.com.tr\/index.php\/wp-json\/wp\/v2\/product_cat?post=722456"},{"taxonomy":"product_tag","embeddable":true,"href":"https:\/\/roveyayinevi.com.tr\/index.php\/wp-json\/wp\/v2\/product_tag?post=722456"}],"curies":[{"name":"wp","href":"https:\/\/api.w.org\/{rel}","templated":true}]}}