{"id":722455,"date":"2025-08-27T19:04:44","date_gmt":"2025-08-27T16:04:44","guid":{"rendered":"https:\/\/roveyayinevi.com.tr\/index.php\/urun\/dunyanin-kalbi-kazakistan\/"},"modified":"2026-04-16T02:30:31","modified_gmt":"2026-04-15T23:30:31","slug":"dunyanin-kalbi-kazakistan","status":"publish","type":"product","link":"https:\/\/roveyayinevi.com.tr\/index.php\/urun\/dunyanin-kalbi-kazakistan\/","title":{"rendered":"D\u00fcnyan\u0131n Kalbi: Kazakistan"},"content":{"rendered":"<p>Tugay G\u00fcrler&#8217;den dost ve karde\u015f Kazakistan&#8217;\u0131 t\u00fcm detay ve verileriyle analiz eden bir kaynak kitap&#8230; Bu kitapta Sovyetler Birli\u011fi&#8217;nin da\u011f\u0131lmas\u0131 ile birlikte Orta Asya&#8217;da tam ba\u011f\u0131ms\u0131zl\u0131\u011f\u0131na kavu\u015fan Kazakistan Cumhuriyeti&#8217;nin ba\u011f\u0131ms\u0131zl\u0131k s\u00fcreci, bu s\u00fcre\u00e7te kar\u015f\u0131la\u015ft\u0131\u011f\u0131 olgular ile b\u00f6lgesel ve k\u00fcresel g\u00fc\u00e7lerin bu s\u00fcrece dahli analiz edilmektedir. So\u011fuk Sava\u015f&#8217;tan \u00e7\u0131kan iki s\u00fcper g\u00fcc\u00fcn, jeostratejik ve jeopolitik \u00f6neme sahip bu \u00fclkeyi dolayl\u0131 ya da dolays\u0131z yollardan etkileme ve b\u00f6lgede \u00fcst\u00fcnl\u00fck kurma \u00e7abalar\u0131 Kazakistan ba\u011flam\u0131nda \u00e7\u00f6z\u00fcmlenmeye \u00e7al\u0131\u015f\u0131lm\u0131\u015ft\u0131r. Bu kapsamda Rusya&#8217;n\u0131n Asya b\u00f6lgesindeki co\u011frafi konumu, siyasi durumu, Kazakistan ile b\u00fcy\u00fck s\u0131n\u0131r kom\u015fusu olmas\u0131 ve Orta \u00c7a\u011f&#8217;a uzanan ili\u015fkileri g\u00f6z \u00f6n\u00fcnde bulundurularak Kazakistan tarihine yer verilmi\u015f, b\u00f6lgedeki Rus i\u015fgali ve egemenlik s\u00fcreci irdelenmi\u015ftir. Ba\u011f\u0131ms\u0131zl\u0131k s\u00fcreci ile birlikte ulusal devlet olma \u00e7abalar\u0131nda Kazakistan&#8217;\u0131n sahip oldu\u011fu b\u00fcy\u00fck yer alt\u0131 kaynaklar\u0131 ve n\u00fckleer kapasitesi nedeniyle b\u00f6lgeye ABD ilgisinin artmas\u0131, 2001 y\u0131l\u0131nda Afganistan&#8217;\u0131n i\u015fgali ile birlikte fiziki olarak Asya&#8217;ya konu\u015flanan ABD&#8217;nin b\u00f6lge \u00fclkeleri ile ili\u015fkileri, yine bu \u00fclkenin Rusya&#8217;n\u0131n b\u00f6lgede azalan kontrol\u00fcnden do\u011fan bo\u015flu\u011fu doldurma \u00e7abalar\u0131 kitap i\u00e7erisinde detayl\u0131 olarak yer almaktad\u0131r.\u0130yi okumalar diliyoruz.<\/p>\n","protected":false},"excerpt":{"rendered":"<p>Tugay G\u00fcrler&#8217;den dost ve karde\u015f Kazakistan&#8217;\u0131 t\u00fcm detay ve verileriyle analiz eden bir kaynak kitap&#8230; Bu kitapta Sovyetler Birli\u011fi&#8217;nin da\u011f\u0131lmas\u0131 ile birlikte Orta Asya&#8217;da tam ba\u011f\u0131ms\u0131zl\u0131\u011f\u0131na<span class=\"excerpt-hellip\"> [\u2026]<\/span><\/p>\n","protected":false},"featured_media":0,"template":"","meta":{"_monsterinsights_skip_tracking":false,"_monsterinsights_sitenote_active":false,"_monsterinsights_sitenote_note":"","_monsterinsights_sitenote_category":0},"product_brand":[],"product_cat":[12370,12304],"product_tag":[],"class_list":{"0":"post-722455","1":"product","2":"type-product","3":"status-publish","5":"product_cat-arastirma-inceleme","6":"product_cat-tarih","7":"pa_cilt-ciltsiz","8":"pa_tur-kitap","9":"pa_yayinevi-galeati-yayincilik","10":"pa_yazar-tugay-gurler","12":"first","13":"instock","14":"sale","15":"shipping-taxable","16":"purchasable","17":"product-type-simple"},"_links":{"self":[{"href":"https:\/\/roveyayinevi.com.tr\/index.php\/wp-json\/wp\/v2\/product\/722455","targetHints":{"allow":["GET"]}}],"collection":[{"href":"https:\/\/roveyayinevi.com.tr\/index.php\/wp-json\/wp\/v2\/product"}],"about":[{"href":"https:\/\/roveyayinevi.com.tr\/index.php\/wp-json\/wp\/v2\/types\/product"}],"wp:attachment":[{"href":"https:\/\/roveyayinevi.com.tr\/index.php\/wp-json\/wp\/v2\/media?parent=722455"}],"wp:term":[{"taxonomy":"product_brand","embeddable":true,"href":"https:\/\/roveyayinevi.com.tr\/index.php\/wp-json\/wp\/v2\/product_brand?post=722455"},{"taxonomy":"product_cat","embeddable":true,"href":"https:\/\/roveyayinevi.com.tr\/index.php\/wp-json\/wp\/v2\/product_cat?post=722455"},{"taxonomy":"product_tag","embeddable":true,"href":"https:\/\/roveyayinevi.com.tr\/index.php\/wp-json\/wp\/v2\/product_tag?post=722455"}],"curies":[{"name":"wp","href":"https:\/\/api.w.org\/{rel}","templated":true}]}}