{"id":722454,"date":"2025-08-27T19:04:44","date_gmt":"2025-08-27T16:04:44","guid":{"rendered":"https:\/\/roveyayinevi.com.tr\/index.php\/urun\/golgedeki-adam\/"},"modified":"2026-04-16T02:30:31","modified_gmt":"2026-04-15T23:30:31","slug":"golgedeki-adam","status":"publish","type":"product","link":"https:\/\/roveyayinevi.com.tr\/index.php\/urun\/golgedeki-adam\/","title":{"rendered":"G\u00f6lgedeki Adam"},"content":{"rendered":"<p>Bu bir yol hik\u00e2yesi\u2026\u0130\u00e7inde ba\u015flang\u0131\u00e7lar ve biti\u015fler olan, ama ba\u015f\u0131  ve sonu olmayan bir yol.  Ba\u015fkalar\u0131n\u0131 g\u00f6r\u00fcyorum, yan\u0131mdan ge\u00e7ip gidiyorlar.\u00dcst\u00fcne d\u00fc\u015f\u00fcnmedi\u011fimiz insanlar, kendi hayatlar\u0131 olan, ama bizimkini bir toz zerresinden fazla etkilemeyen, tesad\u00fcfi varl\u0131klar.Herkes birbirini tan\u0131yor.Bu hik\u00e2yelerde herkes yolcu.G\u00f6lgedeki Adam, d\u00fcnyan\u0131n farkl\u0131 yerlerindeki \u015fehirlerin kuytular\u0131nda dola\u015f\u0131yor, bilinmeyen yollara giriyor, ge\u00e7mi\u015fteki hayaletleri koval\u0131yor.\u0130nsan ruhunun karanl\u0131k derinliklerine h\u0131zl\u0131 bir dal\u0131\u015f yap\u0131yor. Ve hayata zar\u0131n\u0131 at\u0131yor. Kazanmak ya da kaybetmek \u00f6nemli de\u011fil, aslolan iliklerine kadar ya\u015famak. Aslolan, hayat denen bu oyunda kendi i\u00e7indeki farkl\u0131 benlikleri bulmak.Ali Aks\u00f6z hayat\u0131n\u0131n farkl\u0131 d\u00f6nemlerinde kaleme ald\u0131\u011f\u0131, \u00e7o\u011funlu\u011fu yol hik\u00e2yelerinden ve kendi an\u0131lar\u0131ndan olu\u015fan yaz\u0131lar\u0131nda g\u00f6lgede ge\u00e7en bir ya\u015fam \u00f6yk\u00fcs\u00fc anlat\u0131yor. Yeralt\u0131nda dola\u015fanlar ve kendi g\u00f6lgesinden korkmayanlar i\u00e7in.<\/p>\n","protected":false},"excerpt":{"rendered":"<p>Bu bir yol hik\u00e2yesi\u2026\u0130\u00e7inde ba\u015flang\u0131\u00e7lar ve biti\u015fler olan, ama ba\u015f\u0131 ve sonu olmayan bir yol. Ba\u015fkalar\u0131n\u0131 g\u00f6r\u00fcyorum, yan\u0131mdan ge\u00e7ip gidiyorlar.\u00dcst\u00fcne d\u00fc\u015f\u00fcnmedi\u011fimiz insanlar, kendi hayatlar\u0131 olan, ama<span class=\"excerpt-hellip\"> [\u2026]<\/span><\/p>\n","protected":false},"featured_media":0,"template":"","meta":{"_monsterinsights_skip_tracking":false,"_monsterinsights_sitenote_active":false,"_monsterinsights_sitenote_note":"","_monsterinsights_sitenote_category":0},"product_brand":[],"product_cat":[18545,12291],"product_tag":[],"class_list":{"0":"post-722454","1":"product","2":"type-product","3":"status-publish","5":"product_cat-anlati","6":"product_cat-edebiyat","7":"pa_cilt-ciltsiz","8":"pa_tur-kitap","9":"pa_yayinevi-nemesis-kitap","10":"pa_yazar-ali-aksoz","12":"first","13":"instock","14":"sale","15":"shipping-taxable","16":"purchasable","17":"product-type-simple"},"_links":{"self":[{"href":"https:\/\/roveyayinevi.com.tr\/index.php\/wp-json\/wp\/v2\/product\/722454","targetHints":{"allow":["GET"]}}],"collection":[{"href":"https:\/\/roveyayinevi.com.tr\/index.php\/wp-json\/wp\/v2\/product"}],"about":[{"href":"https:\/\/roveyayinevi.com.tr\/index.php\/wp-json\/wp\/v2\/types\/product"}],"wp:attachment":[{"href":"https:\/\/roveyayinevi.com.tr\/index.php\/wp-json\/wp\/v2\/media?parent=722454"}],"wp:term":[{"taxonomy":"product_brand","embeddable":true,"href":"https:\/\/roveyayinevi.com.tr\/index.php\/wp-json\/wp\/v2\/product_brand?post=722454"},{"taxonomy":"product_cat","embeddable":true,"href":"https:\/\/roveyayinevi.com.tr\/index.php\/wp-json\/wp\/v2\/product_cat?post=722454"},{"taxonomy":"product_tag","embeddable":true,"href":"https:\/\/roveyayinevi.com.tr\/index.php\/wp-json\/wp\/v2\/product_tag?post=722454"}],"curies":[{"name":"wp","href":"https:\/\/api.w.org\/{rel}","templated":true}]}}