{"id":722452,"date":"2025-08-27T19:04:42","date_gmt":"2025-08-27T16:04:42","guid":{"rendered":"https:\/\/roveyayinevi.com.tr\/index.php\/urun\/bezduk-da\/"},"modified":"2026-03-12T02:39:27","modified_gmt":"2026-03-11T23:39:27","slug":"bezduk-da","status":"publish","type":"product","link":"https:\/\/roveyayinevi.com.tr\/index.php\/urun\/bezduk-da\/","title":{"rendered":"Bezduk Da"},"content":{"rendered":"<p>Salim S\u00fcrmeliBiyografiAmasya Merzifon do\u011fumlu, Gazetecilik mesle\u011fine T\u00fcrk Haberler Ajans\u0131 (UBA)&#8217;da g\u00f6rev yapt\u0131. Ard\u0131ndan Cumhuriyet Gazetesi&#8217;ne ge\u00e7ti. Burada polis ve siyaset muhabirli\u011fi yapt\u0131ktan sonra G\u00fcnayd\u0131n Gazetesi&#8217;nde \u00e7al\u0131\u015fmaya ba\u015flad\u0131. Ancak bir magazin gazetesi olan G\u00fcnayd\u0131n&#8217;da Ekonomi a\u011f\u0131rl\u0131kl\u0131 haberleri nedeniyle \u00e7ok fazla tutunamayarak kendini T\u00fcrkiye&#8217;nin tek ekonomi gazetesi olan D\u00fcnya Gazetesi&#8217;nde buldu. D\u00fcnya Gazetesi&#8217;nde muhabir ve daha sonra B\u00f6lge M\u00fcd\u00fcr\u00fc olarak uzun bir \u00e7al\u0131\u015fma d\u00f6nemi ge\u00e7irdikten sonra Do\u011fan Grup b\u00fcnyesinde yay\u0131nlanan Referans Gazetesi&#8217;nde Karadeniz B\u00f6lge M\u00fcd\u00fcrl\u00fc\u011f\u00fc g\u00f6revinde bulundu. Samsun&#8217;da Hedef Halk ve Ekip Gazetelerinde \u00e7al\u0131\u015ft\u0131. Ekonomi Dergisi Haber 1919 Genel Yay\u0131n Y\u00f6netmenli\u011fi yapt\u0131.T\u00fcrkiye Gazeteciler Cemiyeti, Anadolu Spor Yazarlar\u0131 Derne\u011fi, Samsun Gzeteciler Cemiyeti ve TEMAD \u00fcyesi. Cumhurba\u015fkanl\u0131\u011f\u0131 S\u00fcrekli Bas\u0131n Kart\u0131 ve Uluslararas\u0131 Bas\u0131n Kart\u0131 (IFC) sahibi, Nural&#8217;\u0131n e\u015fi Asl\u0131&#8217;n\u0131n babas\u0131, Alp&#8217;in de dedesi.<\/p>\n","protected":false},"excerpt":{"rendered":"<p>Salim S\u00fcrmeliBiyografiAmasya Merzifon do\u011fumlu, Gazetecilik mesle\u011fine T\u00fcrk Haberler Ajans\u0131 (UBA)&#8217;da g\u00f6rev yapt\u0131. Ard\u0131ndan Cumhuriyet Gazetesi&#8217;ne ge\u00e7ti. Burada polis ve siyaset muhabirli\u011fi yapt\u0131ktan sonra G\u00fcnayd\u0131n Gazetesi&#8217;nde \u00e7al\u0131\u015fmaya<span class=\"excerpt-hellip\"> [\u2026]<\/span><\/p>\n","protected":false},"featured_media":0,"template":"","meta":{"_monsterinsights_skip_tracking":false,"_monsterinsights_sitenote_active":false,"_monsterinsights_sitenote_note":"","_monsterinsights_sitenote_category":0},"product_brand":[],"product_cat":[13701,12291],"product_tag":[],"class_list":{"0":"post-722452","1":"product","2":"type-product","3":"status-publish","5":"product_cat-ani-mektup-gunluk","6":"product_cat-edebiyat","7":"pa_cilt-ciltsiz","8":"pa_tur-kitap","9":"pa_yayinevi-kirmizi-cati-yayinlari","10":"pa_yazar-a-salim-surmeli","12":"first","13":"instock","14":"sale","15":"shipping-taxable","16":"purchasable","17":"product-type-simple"},"_links":{"self":[{"href":"https:\/\/roveyayinevi.com.tr\/index.php\/wp-json\/wp\/v2\/product\/722452","targetHints":{"allow":["GET"]}}],"collection":[{"href":"https:\/\/roveyayinevi.com.tr\/index.php\/wp-json\/wp\/v2\/product"}],"about":[{"href":"https:\/\/roveyayinevi.com.tr\/index.php\/wp-json\/wp\/v2\/types\/product"}],"wp:attachment":[{"href":"https:\/\/roveyayinevi.com.tr\/index.php\/wp-json\/wp\/v2\/media?parent=722452"}],"wp:term":[{"taxonomy":"product_brand","embeddable":true,"href":"https:\/\/roveyayinevi.com.tr\/index.php\/wp-json\/wp\/v2\/product_brand?post=722452"},{"taxonomy":"product_cat","embeddable":true,"href":"https:\/\/roveyayinevi.com.tr\/index.php\/wp-json\/wp\/v2\/product_cat?post=722452"},{"taxonomy":"product_tag","embeddable":true,"href":"https:\/\/roveyayinevi.com.tr\/index.php\/wp-json\/wp\/v2\/product_tag?post=722452"}],"curies":[{"name":"wp","href":"https:\/\/api.w.org\/{rel}","templated":true}]}}